{"id":103618,"date":"2020-10-21T15:22:51","date_gmt":"2020-10-21T13:22:51","guid":{"rendered":"https:\/\/lesaintlaurentvape.com\/produit\/presentoir-wpod-grand-format\/"},"modified":"2020-10-31T21:26:18","modified_gmt":"2020-10-31T20:26:18","slug":"presentoir-wpod-grand-format","status":"publish","type":"product","link":"https:\/\/lesaintlaurentvape.com\/en\/produit\/presentoir-wpod-grand-format\/","title":{"rendered":"Pr\u00e9sentoir WPOD- Grand format"},"content":{"rendered":"<p><img loading=\"lazy\" class=\"wp-image-44681 aligncenter\" src=\"https:\/\/dscvape.com\/wp-content\/uploads\/2020\/10\/Presentoir-Wpod-Grand-format.png\" alt=\"\" width=\"490\" height=\"342\" \/><\/p>\n<p style=\"text-align: center;\">Pr\u00e9sentoir Wpod pouvant contenir 25 cartouches : 5 rang\u00e9es de 5 \u00e9tages<\/p>\n<p style=\"text-align: center;\">Dimension: L420mm x H760mm x P250mm<\/p>\n<p style=\"text-align: center;\">Id\u00e9al pour le placer sur votre comptoir de vente.<\/p>\n<p style=\"text-align: center;\">Ouvrir le capot situ\u00e9 en haut du pr\u00e9sentoir pour mettre des piles AAAA pour allumer les LED.<\/p>\n<p style=\"text-align: center;\">Disponible en noir, rose et blanc.<\/p>\n<p style=\"text-align: center;\"><span style=\"text-decoration: underline;\"><strong><span style=\"font-size: 14pt;\">Existe en 3 formats :<\/span><\/strong><\/span><\/p>\n<p><img loading=\"lazy\" class=\" wp-image-44687 aligncenter\" src=\"https:\/\/dscvape.com\/wp-content\/uploads\/2020\/10\/Presentoir-Wpod-Dimension.png\" alt=\"\" width=\"658\" height=\"335\" \/><\/p>\n<p style=\"text-align: center;\">\n","protected":false},"excerpt":{"rendered":"<p>Pr\u00e9sentoir Wpod qui peut contenir jusqu&#8217;\u00e0 25 cartouches (5 rang\u00e9es de 5 \u00e9tages)<\/p>\n<p>Existe en noir, rose et blanc.<\/p>\n","protected":false},"featured_media":103619,"comment_status":"closed","ping_status":"closed","template":"","meta":[],"marques":[],"bundle_layout":"","bundled_by":[],"bundled_items":[],"supplier_id":null,"supplier_sku":"","atum_controlled":true,"out_stock_date":null,"out_stock_threshold":null,"inheritable":false,"inbound_stock":null,"stock_on_hold":null,"sold_today":null,"sales_last_days":null,"reserved_stock":null,"customer_returns":null,"warehouse_damage":null,"lost_in_post":null,"other_logs":null,"out_stock_days":null,"lost_sales":null,"has_location":null,"update_date":null,"atum_locations":[],"atum_stock_status":"instock","low_stock":false,"mi_inventories":[],"multi_inventory":null,"inventory_sorting_mode":null,"inventory_iteration":null,"expirable_inventories":null,"price_per_inventory":null,"_links":{"self":[{"href":"https:\/\/lesaintlaurentvape.com\/en\/wp-json\/wp\/v2\/product\/103618\/"}],"collection":[{"href":"https:\/\/lesaintlaurentvape.com\/en\/wp-json\/wp\/v2\/product\/"}],"about":[{"href":"https:\/\/lesaintlaurentvape.com\/en\/wp-json\/wp\/v2\/types\/product\/"}],"replies":[{"embeddable":true,"href":"https:\/\/lesaintlaurentvape.com\/en\/wp-json\/wp\/v2\/comments\/?post=103618"}],"wp:featuredmedia":[{"embeddable":true,"href":"https:\/\/lesaintlaurentvape.com\/en\/wp-json\/wp\/v2\/media\/103619\/"}],"wp:attachment":[{"href":"https:\/\/lesaintlaurentvape.com\/en\/wp-json\/wp\/v2\/media\/?parent=103618"}],"wp:term":[{"taxonomy":"marques","embeddable":true,"href":"https:\/\/lesaintlaurentvape.com\/en\/wp-json\/wp\/v2\/marques\/?post=103618"}],"curies":[{"name":"wp","href":"https:\/\/api.w.org\/{rel}","templated":true}]}}