{"id":103612,"date":"2020-10-21T13:52:52","date_gmt":"2020-10-21T11:52:52","guid":{"rendered":"https:\/\/lesaintlaurentvape.com\/produit\/presentoir-wpod-petit-format-9-facings\/"},"modified":"2020-10-31T21:26:12","modified_gmt":"2020-10-31T20:26:12","slug":"presentoir-wpod-petit-format-9-facings","status":"publish","type":"product","link":"https:\/\/lesaintlaurentvape.com\/en\/produit\/presentoir-wpod-petit-format-9-facings\/","title":{"rendered":"Pr\u00e9sentoir WPOD- Petit format"},"content":{"rendered":"<p><img loading=\"lazy\" class=\"size-full wp-image-44671 aligncenter\" src=\"https:\/\/dscvape.com\/wp-content\/uploads\/2020\/10\/thumbnail_Vitrine-Wpod-petit-format.png\" alt=\"\" width=\"547\" height=\"300\" \/><\/p>\n<p style=\"text-align: center;\">Pr\u00e9sentoir Wpod pouvant contenir 9 cartouches : 3 rang\u00e9es de 3 \u00e9tages<\/p>\n<p style=\"text-align: center;\">Dimension: L290mm x H495mm x P150mm<\/p>\n<p style=\"text-align: center;\">Id\u00e9al pour le placer sur votre comptoir de vente.<\/p>\n<p style=\"text-align: center;\">Ouvrir le capot situ\u00e9 en haut du pr\u00e9sentoir pour mettre des piles AAAA pour allumer les LED.<\/p>\n<p style=\"text-align: center;\">Existe en noir, rose et blanc.<\/p>\n<p>&nbsp;<\/p>\n","protected":false},"excerpt":{"rendered":"<p>Pr\u00e9sentoir Wpod qui peut contenir jusqu&#8217;\u00e0 9 cartouches (3 rang\u00e9es de 3 \u00e9tages)<\/p>\n<p>Existe en noir, rose et blanc.<\/p>\n","protected":false},"featured_media":103613,"comment_status":"closed","ping_status":"closed","template":"","meta":[],"marques":[],"bundle_layout":"","bundled_by":[],"bundled_items":[],"supplier_id":null,"supplier_sku":"","atum_controlled":true,"out_stock_date":null,"out_stock_threshold":null,"inheritable":false,"inbound_stock":null,"stock_on_hold":null,"sold_today":null,"sales_last_days":null,"reserved_stock":null,"customer_returns":null,"warehouse_damage":null,"lost_in_post":null,"other_logs":null,"out_stock_days":null,"lost_sales":null,"has_location":null,"update_date":null,"atum_locations":[],"atum_stock_status":"instock","low_stock":false,"mi_inventories":[],"multi_inventory":null,"inventory_sorting_mode":null,"inventory_iteration":null,"expirable_inventories":null,"price_per_inventory":null,"_links":{"self":[{"href":"https:\/\/lesaintlaurentvape.com\/en\/wp-json\/wp\/v2\/product\/103612\/"}],"collection":[{"href":"https:\/\/lesaintlaurentvape.com\/en\/wp-json\/wp\/v2\/product\/"}],"about":[{"href":"https:\/\/lesaintlaurentvape.com\/en\/wp-json\/wp\/v2\/types\/product\/"}],"replies":[{"embeddable":true,"href":"https:\/\/lesaintlaurentvape.com\/en\/wp-json\/wp\/v2\/comments\/?post=103612"}],"wp:featuredmedia":[{"embeddable":true,"href":"https:\/\/lesaintlaurentvape.com\/en\/wp-json\/wp\/v2\/media\/103613\/"}],"wp:attachment":[{"href":"https:\/\/lesaintlaurentvape.com\/en\/wp-json\/wp\/v2\/media\/?parent=103612"}],"wp:term":[{"taxonomy":"marques","embeddable":true,"href":"https:\/\/lesaintlaurentvape.com\/en\/wp-json\/wp\/v2\/marques\/?post=103612"}],"curies":[{"name":"wp","href":"https:\/\/api.w.org\/{rel}","templated":true}]}}