{"id":103606,"date":"2020-10-15T17:42:13","date_gmt":"2020-10-15T15:42:13","guid":{"rendered":"https:\/\/lesaintlaurentvape.com\/produit\/twelve-monkeys-circle-oo-life-jungle-secrets-50ml\/"},"modified":"2020-11-05T14:27:01","modified_gmt":"2020-11-05T13:27:01","slug":"twelve-monkeys-circle-oo-life-jungle-secrets-50ml","status":"publish","type":"product","link":"https:\/\/lesaintlaurentvape.com\/en\/produit\/twelve-monkeys-circle-oo-life-jungle-secrets-50ml\/","title":{"rendered":"Twelve Monkeys Circle of Life &#8211; Jungle Secrets 50mL"},"content":{"rendered":"<p class=\"p1\">ALERTE GROS NUAGE ! D\u00e9couvrez la marque TWELVE MONKEYS, une marque canadienne qui propose des e-liquides en HIGH VG pour une vape volumineuse au quotidien. D\u00e9j\u00e0 mondialement connue, cette marque propose des e-liquides pour les gros tanks DL du march\u00e9 pour une production de vapeur extr\u00eame gr\u00e2ce \u00e0 un taux de VG tr\u00e8s \u00e9lev\u00e9.<\/p>\n<p class=\"p1\"><em>Jungle Secrets<\/em> est une gamme de e-liquide fruit\u00e9e, pr\u00eat \u00e0 \u00eatre vaper !<\/p>\n<p class=\"p1\">Saveur : Fruit\u00e9<br \/>\nPG\/VG : 35\/65<br \/>\nTaux de nicotine : 0 mg\/ml<\/p>\n<p class=\"p1\">\nConditionnement : Unit\u00e9<br \/>\nContenance : 50 ml<\/p>\n<p class=\"p1\"><a href=\"https:\/\/dscvape.com\/product-brands\/twelve-monkeys\/\"><span class=\"s1\" style=\"color: #ffffff;\">Voir tous les produits Twelve Monkeys\u00a0 sur le site\u00a0<\/span><\/a><\/p>\n","protected":false},"excerpt":{"rendered":"<p>Jungle Secrets harmonise la douceur sucr\u00e9e de la mangue et la fra\u00eecheur du litchi pour former un go\u00fbt exotique unique, parfait pour du all-day.<\/p>\n<p>Son format 50 ML est parfait pour le shake n vape:<\/p>\n<p>1 booster = 3 mg \/ 2 boosters = 6mg.<\/p>\n","protected":false},"featured_media":103607,"comment_status":"closed","ping_status":"closed","template":"","meta":[],"marques":[7701],"bundle_layout":"","bundled_by":[],"bundled_items":[],"supplier_id":null,"supplier_sku":"","atum_controlled":true,"out_stock_date":null,"out_stock_threshold":null,"inheritable":false,"inbound_stock":0,"stock_on_hold":0,"sold_today":0,"sales_last_days":0,"reserved_stock":0,"customer_returns":0,"warehouse_damage":0,"lost_in_post":0,"other_logs":0,"out_stock_days":0,"lost_sales":0,"has_location":false,"update_date":"2021-03-25T11:18:03","atum_locations":[],"atum_stock_status":"instock","low_stock":false,"mi_inventories":[120],"multi_inventory":null,"inventory_sorting_mode":null,"inventory_iteration":null,"expirable_inventories":null,"price_per_inventory":null,"_links":{"self":[{"href":"https:\/\/lesaintlaurentvape.com\/en\/wp-json\/wp\/v2\/product\/103606\/"}],"collection":[{"href":"https:\/\/lesaintlaurentvape.com\/en\/wp-json\/wp\/v2\/product\/"}],"about":[{"href":"https:\/\/lesaintlaurentvape.com\/en\/wp-json\/wp\/v2\/types\/product\/"}],"replies":[{"embeddable":true,"href":"https:\/\/lesaintlaurentvape.com\/en\/wp-json\/wp\/v2\/comments\/?post=103606"}],"wp:featuredmedia":[{"embeddable":true,"href":"https:\/\/lesaintlaurentvape.com\/en\/wp-json\/wp\/v2\/media\/103607\/"}],"wp:attachment":[{"href":"https:\/\/lesaintlaurentvape.com\/en\/wp-json\/wp\/v2\/media\/?parent=103606"}],"wp:term":[{"taxonomy":"marques","embeddable":true,"href":"https:\/\/lesaintlaurentvape.com\/en\/wp-json\/wp\/v2\/marques\/?post=103606"}],"curies":[{"name":"wp","href":"https:\/\/api.w.org\/{rel}","templated":true}]}}