{"id":103561,"date":"2020-10-15T15:49:21","date_gmt":"2020-10-15T13:49:21","guid":{"rendered":"https:\/\/lesaintlaurentvape.com\/produit\/eleaf-amnis-2-avec-gtio\/"},"modified":"2020-10-31T21:25:44","modified_gmt":"2020-10-31T20:25:44","slug":"eleaf-amnis-2-avec-gtio","status":"publish","type":"product","link":"https:\/\/lesaintlaurentvape.com\/en\/produit\/eleaf-amnis-2-avec-gtio\/","title":{"rendered":"Eleaf &#8211; Amnis 2 avec GTiO"},"content":{"rendered":"<h1 style=\"text-align: center;\"><span style=\"text-decoration: underline;\">DESCRIPTION :<\/span><\/h1>\n<p><img loading=\"lazy\" class=\"wp-image-44414 aligncenter\" src=\"https:\/\/dscvape.com\/wp-content\/uploads\/2020\/10\/Eleaf-Amnis-2-Description-1.png\" alt=\"\" width=\"567\" height=\"606\" \/><\/p>\n<p style=\"text-align: center;\">Pour allumer l&#8217;appareil, appuyer 5 fois sur le bouton switch, de m\u00eame pour l&#8217;\u00e9teindre.<\/p>\n<p style=\"text-align: center;\"><strong>ATTENTION :<\/strong> Ne pas manipuler la box avec le clearomiseur install\u00e9e si la r\u00e9sistance n&#8217;est pas imbib\u00e9e de liquides, au risque de la cramer et de devoir la remplacer.<\/p>\n<p>&nbsp;<\/p>\n<p style=\"text-align: center;\"><span style=\"text-decoration: underline;\"><span style=\"font-size: 14pt;\"><strong>Un kit simple pour un remplissage des plus pratique<\/strong><\/span><\/span><\/p>\n<p style=\"text-align: center;\">Le clearomiseur GTiO se remplie par le haut. Il pr\u00e9sente une s\u00e9curit\u00e9 qui emp\u00eache les ouvertures accidentelles. En effet, appuyer sur le bouton situ\u00e9 sur le top cap puis faire glisser ce dernier afin de d\u00e9couvrir le trou de remplissage.<\/p>\n<p style=\"text-align: center;\">Le r\u00e9servoir compris dans le kit peut contenir jusqu&#8217;\u00e0 1.8mL de produit. Il peut aller jusqu&#8217;\u00e0 3mL en rempla\u00e7ant le pyrex droit par le pyrex &#8220;bulb&#8221; fournit en plus dans le kit.<\/p>\n<p style=\"text-align: center;\">Il est conseill\u00e9 d&#8217;utiliser des liquides en PG+ au risque que le liquide fuit.<\/p>\n<p><img loading=\"lazy\" class=\"wp-image-44399 aligncenter\" src=\"https:\/\/dscvape.com\/wp-content\/uploads\/2020\/10\/Eleaf-Amnis-2-Remplissage.png\" alt=\"\" width=\"687\" height=\"244\" \/><\/p>\n<p>&nbsp;<\/p>\n<p>&nbsp;<\/p>\n<p style=\"text-align: center;\"><span style=\"text-decoration: underline;\"><strong><span style=\"font-size: 14pt;\">Changer la r\u00e9sistance GT<\/span><\/strong><\/span><\/p>\n<p style=\"text-align: center;\">Le clearomiseur GTiO est compatible avec les r\u00e9sistances GT de la marque Eleaf. <em>(<span style=\"text-decoration: underline;\">Note:<\/span> \u00e0 ne pas confondre avec les r\u00e9sistances GT cores de Vaporesso)<\/em><\/p>\n<p style=\"text-align: center;\">D\u00e9visser le bottom cap pour d\u00e9couvrir la r\u00e9sistance. Tirer sur cette derni\u00e8re us\u00e9e afin de la remplacer par une nouvelle puis refermer le tout.<\/p>\n<p style=\"text-align: center;\">Pour toute premi\u00e8re utilisation ou nouvelle r\u00e9sistance install\u00e9e, il est primordial d&#8217;amorcer* la r\u00e9sistance.<\/p>\n<p style=\"text-align: center;\"><strong>*Rappel :<\/strong> Etant donn\u00e9 qu\u2019une r\u00e9sistance est compos\u00e9e de coton, lors de la premi\u00e8re utilisation (ou lorsque vous changez de r\u00e9sistance) celle-ci est compl\u00e8tement sec. Il faut donc laisser baigner la r\u00e9sistance dans le liquide apr\u00e8s le remplissage plusieurs minutes (environ 10-15min) pour \u00e9viter que celle-ci ne br\u00fble pr\u00e9matur\u00e9ment n\u2019\u00e9tant pas imbib\u00e9e de liquide lorsque l\u2019appareil la chauffe<\/p>\n<p>&nbsp;<\/p>\n<p><img loading=\"lazy\" class=\"wp-image-44401 aligncenter\" src=\"https:\/\/dscvape.com\/wp-content\/uploads\/2020\/10\/Eleaf-Amnis-2-Changement-resistance.png\" alt=\"\" width=\"369\" height=\"251\" \/><\/p>\n<p>&nbsp;<\/p>\n<p>&nbsp;<\/p>\n<p style=\"text-align: center;\"><span style=\"text-decoration: underline;\"><strong><span style=\"font-size: 14pt;\">Les r\u00e9sistances GT de Eleaf<\/span><\/strong><\/span><\/p>\n<p style=\"text-align: center;\">Le kit Amnis 2 est fournie avec des r\u00e9sistances GT compatibles avec le clearomiseur GTiO.<\/p>\n<p style=\"text-align: center;\">Varier votre tirage en installant une r\u00e9sistance \u00e0 tirage direct (inhalation directe ou DL) ou une r\u00e9sistance \u00e0 tirage indirecte (inhalation indirecte ou MTL)<\/p>\n<table style=\"border-collapse: collapse; width: 100%; height: 81px;\">\n<tbody>\n<tr style=\"height: 27px;\">\n<td style=\"width: 13.3632%; height: 27px; text-align: center;\">GT<\/td>\n<td style=\"width: 12.6174%; height: 27px; text-align: center;\">1.2 ohm<\/td>\n<td style=\"width: 14.8546%; height: 27px; text-align: center;\">Nichrome<\/td>\n<td style=\"width: 17.8374%; height: 27px; text-align: center;\">Id\u00e9ale entre 7 et 14W max.<\/td>\n<td style=\"width: 24.3923%; height: 27px; text-align: center;\">Id\u00e9al avec des liquides en 50PG\/50VG<\/td>\n<td style=\"width: 16.9351%; text-align: center; height: 27px;\">Inhalation indirecte<\/td>\n<\/tr>\n<tr style=\"height: 27px;\">\n<td style=\"width: 13.3632%; height: 27px; text-align: center;\">GT-M<\/td>\n<td style=\"width: 12.6174%; height: 27px; text-align: center;\">0.6 ohm<\/td>\n<td style=\"width: 14.8546%; height: 27px; text-align: center;\">Mesh en Kanthal<\/td>\n<td style=\"width: 17.8374%; height: 27px; text-align: center;\">Id\u00e9ale entre 10 et 25W max.<\/td>\n<td style=\"width: 24.3923%; height: 27px; text-align: center;\">Liquides minimum 60VG<\/td>\n<td style=\"width: 16.9351%; text-align: center; height: 27px;\">Inhalation directe<\/td>\n<\/tr>\n<\/tbody>\n<\/table>\n<p>&nbsp;<\/p>\n<p><img loading=\"lazy\" class=\"wp-image-44407 aligncenter\" src=\"https:\/\/dscvape.com\/wp-content\/uploads\/2020\/10\/Eleaf-Resistance-GT-v2.png\" alt=\"\" width=\"544\" height=\"179\" \/><\/p>\n<p>&nbsp;<\/p>\n<p style=\"text-align: center;\"><span style=\"text-decoration: underline;\"><strong><span style=\"font-size: 14pt;\">Des indicateurs du niveau de batterie<\/span><\/strong><\/span><\/p>\n<p style=\"text-align: center;\">La box Amnis 2 est simple mais tr\u00e8s pratique et est d&#8217;une capacit\u00e9 de 1100mAh.<\/p>\n<p style=\"text-align: center;\">En effet, des voyants LED, situ\u00e9s au niveau du bouton Switch, indiquent le niveau de batterie de la box.<\/p>\n<p><img loading=\"lazy\" class=\"wp-image-44403 aligncenter\" src=\"https:\/\/dscvape.com\/wp-content\/uploads\/2020\/10\/Eleaf-Box-Amnis-2-Batterie.png\" alt=\"\" width=\"765\" height=\"223\" \/><\/p>\n<p>&nbsp;<\/p>\n<p>&nbsp;<\/p>\n<p style=\"text-align: center;\"><span style=\"text-decoration: underline;\"><strong><span style=\"font-size: 14pt;\">Une box r\u00e9glable<\/span><\/strong><\/span><\/p>\n<p style=\"text-align: center;\">La box Amnis 2 propose des niveaux de puissance.<\/p>\n<p style=\"text-align: center;\">Appuyer sur le bouton situ\u00e9 en haut pour modifier la puissance.<\/p>\n<p style=\"text-align: center;\">La box propose un mode Bypass.<\/p>\n<p><img loading=\"lazy\" class=\"wp-image-44411 aligncenter\" src=\"https:\/\/dscvape.com\/wp-content\/uploads\/2020\/10\/Eleaf-Amnis-2-Voyants-reglages-1.png\" alt=\"\" width=\"162\" height=\"417\" \/><\/p>\n<p>&nbsp;<\/p>\n","protected":false},"excerpt":{"rendered":"<p>Eleaf sort \u00e0 nouveau un kit compact et facile \u00e0 utiliser avec un design sophistiqu\u00e9.<\/p>\n<p>Destin\u00e9 aux d\u00e9butants mais aussi aux plus exp\u00e9riment\u00e9s, l&#8217;Amnis 2 est propos\u00e9e avec une <strong>batterie 1100mAh <\/strong>qui peut d\u00e9livrer jusqu&#8217;\u00e0 23W\u00a0ainsi qu&#8217;avec le clearomiseur GTiO de 1.8mL pouvant aller jusqu&#8217;\u00e0 3mL en installant le pyrex bulb fournis dans le kit.<\/p>\n<p>Id\u00e9al pour les primo-vapoteurs, il est conseill\u00e9 d&#8217;utiliser des <strong>liquides PG+<\/strong> pour une vape \u00e0 inhalation indirecte.<\/p>\n<p>Ce kit est compatible avec les <strong>r\u00e9sistances GT<\/strong> de la m\u00eame marque.<\/p>\n<p>Livr\u00e9 avec un tour de cou, l&#8217;appareil peut \u00eatre emmener en toute circonstance.<\/p>\n","protected":false},"featured_media":103562,"comment_status":"closed","ping_status":"closed","template":"","meta":[],"marques":[7490],"bundle_layout":"","bundled_by":[],"bundled_items":[],"supplier_id":null,"supplier_sku":"","atum_controlled":true,"out_stock_date":null,"out_stock_threshold":null,"inheritable":false,"inbound_stock":null,"stock_on_hold":null,"sold_today":null,"sales_last_days":null,"reserved_stock":null,"customer_returns":null,"warehouse_damage":null,"lost_in_post":null,"other_logs":null,"out_stock_days":null,"lost_sales":null,"has_location":null,"update_date":null,"atum_locations":[],"atum_stock_status":"instock","low_stock":false,"mi_inventories":[],"multi_inventory":null,"inventory_sorting_mode":null,"inventory_iteration":null,"expirable_inventories":null,"price_per_inventory":null,"_links":{"self":[{"href":"https:\/\/lesaintlaurentvape.com\/en\/wp-json\/wp\/v2\/product\/103561\/"}],"collection":[{"href":"https:\/\/lesaintlaurentvape.com\/en\/wp-json\/wp\/v2\/product\/"}],"about":[{"href":"https:\/\/lesaintlaurentvape.com\/en\/wp-json\/wp\/v2\/types\/product\/"}],"replies":[{"embeddable":true,"href":"https:\/\/lesaintlaurentvape.com\/en\/wp-json\/wp\/v2\/comments\/?post=103561"}],"wp:featuredmedia":[{"embeddable":true,"href":"https:\/\/lesaintlaurentvape.com\/en\/wp-json\/wp\/v2\/media\/103562\/"}],"wp:attachment":[{"href":"https:\/\/lesaintlaurentvape.com\/en\/wp-json\/wp\/v2\/media\/?parent=103561"}],"wp:term":[{"taxonomy":"marques","embeddable":true,"href":"https:\/\/lesaintlaurentvape.com\/en\/wp-json\/wp\/v2\/marques\/?post=103561"}],"curies":[{"name":"wp","href":"https:\/\/api.w.org\/{rel}","templated":true}]}}