{"id":103537,"date":"2020-10-15T13:17:45","date_gmt":"2020-10-15T11:17:45","guid":{"rendered":"https:\/\/lesaintlaurentvape.com\/produit\/smoktech-clearomiseur-tfv16-9ml\/"},"modified":"2020-11-05T14:27:05","modified_gmt":"2020-11-05T13:27:05","slug":"smoktech-clearomiseur-tfv16-9ml","status":"publish","type":"product","link":"https:\/\/lesaintlaurentvape.com\/en\/produit\/smoktech-clearomiseur-tfv16-9ml\/","title":{"rendered":"Smoktech &#8211; Clearomiseur TFV16 9mL"},"content":{"rendered":"<h1 style=\"text-align: center;\">DESCRIPTION :<\/h1>\n<p><img loading=\"lazy\" class=\"wp-image-44354 aligncenter\" src=\"https:\/\/dscvape.com\/wp-content\/uploads\/2020\/10\/Smok-Clearomiseur-TFV16-9mL-Description.png\" alt=\"\" width=\"610\" height=\"304\" \/><\/p>\n<p>&nbsp;<\/p>\n<p>&nbsp;<\/p>\n<p style=\"text-align: center;\"><span style=\"text-decoration: underline;\"><strong><span style=\"font-size: 14pt;\">Un remplissage en toute s\u00e9curit\u00e9<\/span><\/strong><\/span><\/p>\n<p style=\"text-align: center;\">Le tank TFV16 assure une s\u00e9curit\u00e9 qui emp\u00eache les ouvertures accidentelles.<\/p>\n<p style=\"text-align: center;\">En effet, pour acc\u00e9der au trou de remplissage,\u00a0 appuyer sur le bouton situ\u00e9 sur le top cap puis faire glisser ce dernier. Ajouter le liquide dans le trou puis refermer le tout.<\/p>\n<p>&nbsp;<\/p>\n<p><img loading=\"lazy\" class=\"size-full wp-image-44360 aligncenter\" src=\"https:\/\/dscvape.com\/wp-content\/uploads\/2020\/10\/Smok-Clearomiseur-TFV16-9mL-Remplissage.png\" alt=\"\" width=\"750\" height=\"255\" \/><\/p>\n<p>&nbsp;<\/p>\n<p style=\"text-align: center;\"><span style=\"text-decoration: underline;\"><strong><span style=\"font-size: 14pt;\">Des performances exceptionnelles en simplicit\u00e9<\/span><\/strong><\/span><\/p>\n<p style=\"text-align: center;\">Pour changer la r\u00e9sistance TFV, d\u00e9visser le bottom cap pour acc\u00e9der \u00e0 la r\u00e9sistance.<\/p>\n<p style=\"text-align: center;\">D\u00e9visser cette derni\u00e8re us\u00e9e et remplacer-la avec une nouvelle.<\/p>\n<p><img loading=\"lazy\" class=\"wp-image-44362 aligncenter\" src=\"https:\/\/dscvape.com\/wp-content\/uploads\/2020\/10\/Smok-Clearomiseur-TFV16-9mL-Changement-resistance-1.png\" alt=\"\" width=\"576\" height=\"287\" \/><\/p>\n<p style=\"text-align: center;\"><span style=\"font-size: 14pt;\"><strong>Attention<\/strong><\/span>, peu importe l\u2019appareil, il est tr\u00e8s important de faire l<strong>\u2019<span style=\"font-size: 14pt;\">amor\u00e7age<\/span><\/strong> de la r\u00e9sistance.<\/p>\n<p style=\"text-align: center;\"><span style=\"text-decoration: underline;\"><strong>Rappel :<\/strong><\/span> Etant donn\u00e9 qu\u2019une r\u00e9sistance est compos\u00e9e de coton, lors de la premi\u00e8re utilisation (ou lorsque vous changez de r\u00e9sistance) celle-ci est compl\u00e8tement s\u00e8che. Il faut donc laisser baigner la r\u00e9sistance dans le liquide apr\u00e8s le remplissage plusieurs minutes (environ 10-15min) pour \u00e9viter que celle-ci ne br\u00fble pr\u00e9matur\u00e9ment n\u2019\u00e9tant pas imbib\u00e9e de liquide lors que l\u2019appareil la chauffe.<\/p>\n<p>&nbsp;<\/p>\n<p style=\"text-align: center;\"><strong><span style=\"text-decoration: underline;\"><span style=\"font-size: 14pt;\">LES RESISTANCES TFV16<\/span><\/span><\/strong><\/p>\n<p style=\"text-align: center;\">Id\u00e9ales pour des e-liquides VG+, destin\u00e9es \u00e0 une vape en inhalation directe.<\/p>\n<p style=\"text-align: center;\">Les fils r\u00e9sistifs en nichrome permettent une chauffe ultra rapide et peuvent supporter une puissance jusqu&#8217;\u00e0 120W.<\/p>\n<p><img loading=\"lazy\" class=\"wp-image-44351 aligncenter\" src=\"https:\/\/dscvape.com\/wp-content\/uploads\/2020\/10\/Smok-Resistance-TFV16-tous-v2.png\" alt=\"\" width=\"553\" height=\"184\" \/><\/p>\n<table style=\"border-collapse: collapse; width: 100%; height: 54px;\">\n<tbody>\n<tr style=\"height: 27px;\">\n<td style=\"width: 15.4083%; text-align: center; height: 27px;\"><strong>TFV16 Triple mesh\u00a0<\/strong><\/td>\n<td style=\"width: 18.2419%; text-align: center;\">Nichrome<\/td>\n<td style=\"width: 19.1835%; text-align: center; height: 27px;\">0.15ohm<\/td>\n<td style=\"width: 22.1663%; text-align: center; height: 27px;\">Id\u00e9al \u00e0 90W<\/td>\n<td style=\"width: 25%; text-align: center; height: 27px;\">Inhalation directe<\/td>\n<\/tr>\n<tr style=\"height: 27px;\">\n<td style=\"width: 15.4083%; text-align: center; height: 27px;\"><strong>TFV16 Mesh\u00a0<\/strong><\/td>\n<td style=\"width: 18.2419%; text-align: center;\">Nichrome<\/td>\n<td style=\"width: 19.1835%; text-align: center; height: 27px;\">0.17ohm<\/td>\n<td style=\"width: 22.1663%; text-align: center; height: 27px;\">Id\u00e9al \u00e0 120W<\/td>\n<td style=\"width: 25%; text-align: center; height: 27px;\">Inhalation directe<\/td>\n<\/tr>\n<\/tbody>\n<\/table>\n","protected":false},"excerpt":{"rendered":"<p>Avec un r\u00e9servoir de <strong>9mL<\/strong>, Smoktech sort l&#8217;un des plus gros tanks en sub-ohm dans le monde de la vape.<\/p>\n<p>Offrant un bouton de s\u00e9curit\u00e9 sur le top cap pour emp\u00eacher les ouvertures accidentelles, le remplissage est ainsi s\u00e9curis\u00e9.<\/p>\n<p>Id\u00e9al pour du cloud-chasing avec <strong>2 airflow XXL<\/strong>, le tank TFV16 est destin\u00e9 \u00e0 une inhalation directe.<\/p>\n<p>L&#8217;utilisation d&#8217;e-liquide avec un <strong>fort taux de VG<\/strong> est fortement conseill\u00e9e.<\/p>\n<p>Le tank TFV16 est compatible avec les <strong>r\u00e9sistances TFV16<\/strong> de Smoktech.<\/p>\n","protected":false},"featured_media":103538,"comment_status":"closed","ping_status":"closed","template":"","meta":[],"marques":[8065],"bundle_layout":"","bundled_by":[],"bundled_items":[],"supplier_id":null,"supplier_sku":"","atum_controlled":true,"out_stock_date":null,"out_stock_threshold":null,"inheritable":false,"inbound_stock":null,"stock_on_hold":null,"sold_today":null,"sales_last_days":null,"reserved_stock":null,"customer_returns":null,"warehouse_damage":null,"lost_in_post":null,"other_logs":null,"out_stock_days":null,"lost_sales":null,"has_location":null,"update_date":null,"atum_locations":[],"atum_stock_status":"instock","low_stock":false,"mi_inventories":[],"multi_inventory":null,"inventory_sorting_mode":null,"inventory_iteration":null,"expirable_inventories":null,"price_per_inventory":null,"_links":{"self":[{"href":"https:\/\/lesaintlaurentvape.com\/en\/wp-json\/wp\/v2\/product\/103537\/"}],"collection":[{"href":"https:\/\/lesaintlaurentvape.com\/en\/wp-json\/wp\/v2\/product\/"}],"about":[{"href":"https:\/\/lesaintlaurentvape.com\/en\/wp-json\/wp\/v2\/types\/product\/"}],"replies":[{"embeddable":true,"href":"https:\/\/lesaintlaurentvape.com\/en\/wp-json\/wp\/v2\/comments\/?post=103537"}],"wp:featuredmedia":[{"embeddable":true,"href":"https:\/\/lesaintlaurentvape.com\/en\/wp-json\/wp\/v2\/media\/103538\/"}],"wp:attachment":[{"href":"https:\/\/lesaintlaurentvape.com\/en\/wp-json\/wp\/v2\/media\/?parent=103537"}],"wp:term":[{"taxonomy":"marques","embeddable":true,"href":"https:\/\/lesaintlaurentvape.com\/en\/wp-json\/wp\/v2\/marques\/?post=103537"}],"curies":[{"name":"wp","href":"https:\/\/api.w.org\/{rel}","templated":true}]}}