{"id":103528,"date":"2020-10-15T11:36:27","date_gmt":"2020-10-15T09:36:27","guid":{"rendered":"https:\/\/lesaintlaurentvape.com\/produit\/smok-resistance-tfv16\/"},"modified":"2020-10-31T21:25:11","modified_gmt":"2020-10-31T20:25:11","slug":"smok-resistance-tfv16","status":"publish","type":"product","link":"https:\/\/lesaintlaurentvape.com\/en\/produit\/smok-resistance-tfv16\/","title":{"rendered":"Smoktech &#8211; R\u00e9sistance TFV16"},"content":{"rendered":"<h2 style=\"text-align: center;\">LES RESISTANCES TFV16<\/h2>\n<p><img loading=\"lazy\" class=\"wp-image-44351 aligncenter\" src=\"https:\/\/dscvape.com\/wp-content\/uploads\/2020\/10\/Smok-Resistance-TFV16-tous-v2.png\" alt=\"\" width=\"553\" height=\"184\" \/><\/p>\n<table style=\"border-collapse: collapse; width: 100%; height: 54px;\">\n<tbody>\n<tr style=\"height: 27px;\">\n<td style=\"width: 15.4083%; text-align: center; height: 27px;\"><strong>TFV16 Triple mesh\u00a0<\/strong><\/td>\n<td style=\"width: 18.2419%; text-align: center;\">Nichrome<\/td>\n<td style=\"width: 19.1835%; text-align: center; height: 27px;\">0.15ohm<\/td>\n<td style=\"width: 22.1663%; text-align: center; height: 27px;\">Id\u00e9al \u00e0 90W<\/td>\n<td style=\"width: 25%; text-align: center; height: 27px;\">Inhalation directe<\/td>\n<\/tr>\n<tr style=\"height: 27px;\">\n<td style=\"width: 15.4083%; text-align: center; height: 27px;\"><strong>TFV16 Mesh\u00a0<\/strong><\/td>\n<td style=\"width: 18.2419%; text-align: center;\">Nichrome<\/td>\n<td style=\"width: 19.1835%; text-align: center; height: 27px;\">0.17ohm<\/td>\n<td style=\"width: 22.1663%; text-align: center; height: 27px;\">Id\u00e9al \u00e0 120W<\/td>\n<td style=\"width: 25%; text-align: center; height: 27px;\">Inhalation directe<\/td>\n<\/tr>\n<\/tbody>\n<\/table>\n","protected":false},"excerpt":{"rendered":"<p>Les r\u00e9sistances TFV16 sont compatibles avec le <strong>clearomiseur TFV16<\/strong> de Smok.<\/p>\n<p>Les fils r\u00e9sistifs en nichrome permettent une chauffe ultra rapide et peuvent supporter une puissance jusqu&#8217;\u00e0 120W.<\/p>\n<p>Id\u00e9ales pour des e-liquides VG+, destin\u00e9es \u00e0 une vape en inhalation directe.<\/p>\n","protected":false},"featured_media":103529,"comment_status":"closed","ping_status":"closed","template":"","meta":[],"marques":[8065],"bundle_layout":"","bundled_by":[],"bundled_items":[],"supplier_id":null,"supplier_sku":"","atum_controlled":true,"out_stock_date":null,"out_stock_threshold":null,"inheritable":false,"inbound_stock":null,"stock_on_hold":null,"sold_today":null,"sales_last_days":null,"reserved_stock":null,"customer_returns":null,"warehouse_damage":null,"lost_in_post":null,"other_logs":null,"out_stock_days":null,"lost_sales":null,"has_location":null,"update_date":null,"atum_locations":[],"atum_stock_status":"instock","low_stock":false,"mi_inventories":[656],"multi_inventory":null,"inventory_sorting_mode":null,"inventory_iteration":null,"expirable_inventories":null,"price_per_inventory":null,"_links":{"self":[{"href":"https:\/\/lesaintlaurentvape.com\/en\/wp-json\/wp\/v2\/product\/103528\/"}],"collection":[{"href":"https:\/\/lesaintlaurentvape.com\/en\/wp-json\/wp\/v2\/product\/"}],"about":[{"href":"https:\/\/lesaintlaurentvape.com\/en\/wp-json\/wp\/v2\/types\/product\/"}],"replies":[{"embeddable":true,"href":"https:\/\/lesaintlaurentvape.com\/en\/wp-json\/wp\/v2\/comments\/?post=103528"}],"wp:featuredmedia":[{"embeddable":true,"href":"https:\/\/lesaintlaurentvape.com\/en\/wp-json\/wp\/v2\/media\/103529\/"}],"wp:attachment":[{"href":"https:\/\/lesaintlaurentvape.com\/en\/wp-json\/wp\/v2\/media\/?parent=103528"}],"wp:term":[{"taxonomy":"marques","embeddable":true,"href":"https:\/\/lesaintlaurentvape.com\/en\/wp-json\/wp\/v2\/marques\/?post=103528"}],"curies":[{"name":"wp","href":"https:\/\/api.w.org\/{rel}","templated":true}]}}