{"id":103475,"date":"2020-10-14T16:13:19","date_gmt":"2020-10-14T14:13:19","guid":{"rendered":"https:\/\/lesaintlaurentvape.com\/produit\/vaporesso-luxe-ii-avec-nrg-s-tank\/"},"modified":"2020-10-31T21:26:34","modified_gmt":"2020-10-31T20:26:34","slug":"vaporesso-luxe-ii-avec-nrg-s-tank","status":"publish","type":"product","link":"https:\/\/lesaintlaurentvape.com\/en\/produit\/vaporesso-luxe-ii-avec-nrg-s-tank\/","title":{"rendered":"Vaporesso &#8211; Luxe II avec NRG-S tank"},"content":{"rendered":"<h1 style=\"text-align: center;\"><span style=\"text-decoration: underline;\">DESCRIPTION :<\/span><\/h1>\n<p><img loading=\"lazy\" class=\" wp-image-44230 aligncenter\" src=\"https:\/\/dscvape.com\/wp-content\/uploads\/2020\/10\/Vaporesso-Luxe-2-Description.png\" alt=\"\" width=\"447\" height=\"501\" \/><\/p>\n<p>&nbsp;<\/p>\n<p style=\"text-align: center;\">Pour allumer l&#8217;appareil, appuyer 5 fois sur le bouton principal, de m\u00eame pour l&#8217;\u00e9teindre.<\/p>\n<p style=\"text-align: center;\"><strong>ATTENTION :<\/strong> Ne pas manipuler la box avec le clearomiseur install\u00e9e si la r\u00e9sistance n&#8217;est pas imbib\u00e9e de liquides, au risque de la cramer et de devoir la remplacer.<\/p>\n<p>&nbsp;<\/p>\n<p style=\"text-align: center;\"><span style=\"text-decoration: underline;\"><strong><span style=\"font-size: 14pt;\">BOX LUXE 2<\/span><\/strong><\/span><\/p>\n<p style=\"text-align: center;\">Con\u00e7ue avec des mat\u00e9riaux l\u00e9gers pour une meilleure prise en main, \u00e0 double accus 18650 (non-fournis) pour une performance optimale.<\/p>\n<p style=\"text-align: center;\">Munie d&#8217;un seul bouton, l&#8217;acc\u00e8s au menu et aux diff\u00e9rents r\u00e9glages se fait directement sur l&#8217;\u00e9cran TFT couleur 2&#8243; semi-tactile.<\/p>\n<p style=\"text-align: center;\">L&#8217;\u00e9cran TFT 2&#8243; offre de belles couleurs et une interface fluide.<\/p>\n<p style=\"text-align: center;\">Les r\u00e9glages se font via les 3 boutons virtuels en bas de l&#8217;\u00e9cran, celui du milieu permet d&#8217;acc\u00e9der au menu des mods.<\/p>\n<p style=\"text-align: center;\">Une box plus simple que la pr\u00e9c\u00e9dente box Luxe mais toujours aussi compl\u00e8te.<\/p>\n<p style=\"text-align: center;\">Plusieurs modes sont propos\u00e9es :<\/p>\n<ul>\n<li style=\"text-align: left;\">Le mode <em>PULSE<\/em>, pour envoyer une pulsion \u00e0 la r\u00e9sistance toutes les 0.02secondes<\/li>\n<li style=\"text-align: left;\">Le mode <em>Power Eco<\/em>, pour une autonomie plus longue<\/li>\n<li style=\"text-align: left;\">Le mode <em>Smart TC<\/em>, propose un contr\u00f4le de temp\u00e9rature pr\u00e9cis en d\u00e9tectant le fil de la r\u00e9sistance install\u00e9e<\/li>\n<li style=\"text-align: left;\">Le mode <em>DIY,<\/em> pour r\u00e9gler manuellement la box \u00e0 votre guise, fonctionne \u00e9galement avec le mat\u00e9riel reconstructible<\/li>\n<\/ul>\n<p><img loading=\"lazy\" class=\"wp-image-44238 aligncenter\" src=\"https:\/\/dscvape.com\/wp-content\/uploads\/2020\/10\/cigarette-electronique-vaporesso-ecran-luxe-2.jpg\" alt=\"\" width=\"391\" height=\"313\" \/><\/p>\n<p>&nbsp;<\/p>\n<p style=\"text-align: center;\"><span style=\"text-decoration: underline; font-size: 14pt;\"><strong>NRG-S Tank : un clearomiseur facile \u00e0 manier<\/strong><\/span><\/p>\n<p style=\"text-align: center;\">Capable de contenir 8ml, le NRG-S Tank est un clearomiseur sub-ohm parfait pour faire de gros nuages.<\/p>\n<p style=\"text-align: center;\">Avec le NRG-S, vous n&#8217;aurez pas de d\u00e9sagr\u00e9able rejet de liquide. En effet celui-ci poss\u00e8de une couche emp\u00eachant le liquide d&#8217;atteindre la partie sup\u00e9rieure du clearomiseur, la chaleur du liquide ne remontera pas \u00e9galement au moment du tirage.<\/p>\n<p style=\"text-align: center;\">Pour remplir le clearomiseur, pousser la fl\u00e8che sur le top cap d\u00e9voilant un trou de remplissage, remplissez alors avec le e-liquide de votre choix.<\/p>\n<p><img loading=\"lazy\" class=\"wp-image-42435 aligncenter\" src=\"https:\/\/dscvape.com\/wp-content\/uploads\/2020\/08\/Vaporesso-NRG-S-remplissage-1.png\" alt=\"\" width=\"373\" height=\"196\" \/><\/p>\n<p style=\"text-align: center;\"><span style=\"text-decoration: underline; font-size: 14pt;\"><strong>R\u00e9sistances GT et changement<\/strong><\/span><\/p>\n<p style=\"text-align: center;\">Le clearomiseur NRG-S est fourni avec les r\u00e9sistances GT4 Meshed et GT Meshed mais est tout aussi compatible avec les r\u00e9sistances GT cores.<\/p>\n<p><img loading=\"lazy\" class=\"aligncenter wp-image-3733 \" src=\"https:\/\/dscvape.fr\/wp-content\/uploads\/2018\/11\/GT-CoreCOIL.png\" alt=\"Vaporesso NRG\" width=\"876\" height=\"274\" \/><\/p>\n<p style=\"text-align: center;\">Pour changer la r\u00e9sistance du clearomiseur NRG-S Vaporesso. Il vous faudra retourner la t\u00eate du clearomiseur vers le bas, d\u00e9visser le clearomiseur de la box,\u00a0 et d\u00e9visser la bague de l&#8217;airflow. Ensuite, d\u00e9visser la r\u00e9sistance. Il ne vous restera alors plus qu&#8217;\u00e0 remonter le tout. Attention \u00e0 ne pas oublier d&#8217;<strong>amorcer*<\/strong> la r\u00e9sistance.<\/p>\n<p>&nbsp;<\/p>\n<p style=\"text-align: center;\"><strong>*Rappel :<\/strong> Etant donn\u00e9 qu\u2019une r\u00e9sistance est compos\u00e9e de coton, lors de la premi\u00e8re utilisation (ou lorsque vous changez de r\u00e9sistance) celle-ci est compl\u00e8tement sec. Il faut donc laisser baigner la r\u00e9sistance dans le liquide apr\u00e8s le remplissage plusieurs minutes (environ 10-15min) pour \u00e9viter que celle-ci ne br\u00fble pr\u00e9matur\u00e9ment n\u2019\u00e9tant pas imbib\u00e9e de liquide lorsque l\u2019appareil la chauffe<\/p>\n","protected":false},"excerpt":{"rendered":"<p>La nouvelle version du kit Luxe : la Luxe 2 de Vaporesso.<\/p>\n<p>Associant la box Luxe 2 et le clearomiseur NRG-S, Vaporesso revient en force.<\/p>\n<p>Une box dot\u00e9e d&#8217;un unique bouton On\/Off ainsi qu&#8217;un \u00e9cran TFT en couleurs 2&#8243; semi tactile pour acc\u00e9der aux r\u00e9glages pour fournir une vape des plus agr\u00e9ables.<\/p>\n<p>Le NRG-S de chez Vaporesso, un gros nouveau parmi les clearomiseurs de la marque avec sa contenance qui peut aller jusqu&#8217;\u00e0 8mL en fonction du pyrex install\u00e9e (fournis dans le kit). Compatible avec les r\u00e9sistances GT cores, il assure un tirage tr\u00e8s a\u00e9rien pour les amateurs de gros nuages. Tr\u00e8s simple \u00e0 manier et surtout tr\u00e8s puissant, pour une vape extraordinaire.<\/p>\n","protected":false},"featured_media":103476,"comment_status":"closed","ping_status":"closed","template":"","meta":[],"marques":[7545],"bundle_layout":"","bundled_by":[],"bundled_items":[],"supplier_id":null,"supplier_sku":"","atum_controlled":true,"out_stock_date":null,"out_stock_threshold":null,"inheritable":false,"inbound_stock":null,"stock_on_hold":0,"sold_today":0,"sales_last_days":0,"reserved_stock":null,"customer_returns":null,"warehouse_damage":null,"lost_in_post":null,"other_logs":null,"out_stock_days":0,"lost_sales":0,"has_location":null,"update_date":"2020-11-02T23:20:47","atum_locations":[],"atum_stock_status":"instock","low_stock":false,"mi_inventories":[],"multi_inventory":null,"inventory_sorting_mode":null,"inventory_iteration":null,"expirable_inventories":null,"price_per_inventory":null,"_links":{"self":[{"href":"https:\/\/lesaintlaurentvape.com\/en\/wp-json\/wp\/v2\/product\/103475\/"}],"collection":[{"href":"https:\/\/lesaintlaurentvape.com\/en\/wp-json\/wp\/v2\/product\/"}],"about":[{"href":"https:\/\/lesaintlaurentvape.com\/en\/wp-json\/wp\/v2\/types\/product\/"}],"replies":[{"embeddable":true,"href":"https:\/\/lesaintlaurentvape.com\/en\/wp-json\/wp\/v2\/comments\/?post=103475"}],"wp:featuredmedia":[{"embeddable":true,"href":"https:\/\/lesaintlaurentvape.com\/en\/wp-json\/wp\/v2\/media\/103476\/"}],"wp:attachment":[{"href":"https:\/\/lesaintlaurentvape.com\/en\/wp-json\/wp\/v2\/media\/?parent=103475"}],"wp:term":[{"taxonomy":"marques","embeddable":true,"href":"https:\/\/lesaintlaurentvape.com\/en\/wp-json\/wp\/v2\/marques\/?post=103475"}],"curies":[{"name":"wp","href":"https:\/\/api.w.org\/{rel}","templated":true}]}}