{"id":103435,"date":"2020-09-19T12:42:52","date_gmt":"2020-09-19T10:42:52","guid":{"rendered":"https:\/\/lesaintlaurentvape.com\/produit\/liquideo-evolution-peche-10-ml\/"},"modified":"2020-10-31T21:23:58","modified_gmt":"2020-10-31T20:23:58","slug":"liquideo-evolution-peche-10-ml","status":"publish","type":"product","link":"https:\/\/lesaintlaurentvape.com\/en\/produit\/liquideo-evolution-peche-10-ml\/","title":{"rendered":"LIQUIDEO &#8211; Evolution &#8211; Pech\u00e9 10 ml"},"content":{"rendered":"<p>LIQUIDEO est une marque de e-liquide MADE IN FRANCE certifi\u00e9e norme AFNOR XP D90-300-2.<\/p>\n<p>LIQUIDEO propose la gamme evolution qui contient une large palette de saveurs pour tous les amateurs de mono-ar\u00f4me se tourneront vers les Classico, Fresh, Fruit\u00e9 etc..<\/p>\n<p class=\"p1\">Saveur : Fruit\u00e9<br \/>\nPG\/VG : 50\/50<br \/>\nTaux de nicotine : 0 mg\/ml, 3 mg\/ml, 6 mg\/ml, 10 mg\/ml,<br \/>\nConditionnement : Unit\u00e9<br \/>\nContenance : 10 ml<br \/>\nBouchon : S\u00e9curit\u00e9 enfant<br \/>\n\u00c9tiquetage : Marquage s\u00e9curit\u00e9 pour non-voyant<\/p>\n<p>&nbsp;<\/p>\n","protected":false},"excerpt":{"rendered":"<p>Un liquide au go\u00fbt de p\u00eache bien juteuse et sucr\u00e9 qui saura ravir vos papilles !<\/p>\n<p>Une composition en 50PG\/50VG id\u00e9al pour les appareils MTL et DL. Disponible en 0 mg \/ 3 mg \/ 6 mg \/ 10 mg\u00a0 de nicotine.<\/p>\n","protected":false},"featured_media":103436,"comment_status":"closed","ping_status":"closed","template":"","meta":[],"marques":[7828],"bundle_layout":"","bundled_by":[],"bundled_items":[],"supplier_id":null,"supplier_sku":"","atum_controlled":true,"out_stock_date":null,"out_stock_threshold":null,"inheritable":false,"inbound_stock":null,"stock_on_hold":null,"sold_today":null,"sales_last_days":null,"reserved_stock":null,"customer_returns":null,"warehouse_damage":null,"lost_in_post":null,"other_logs":null,"out_stock_days":null,"lost_sales":null,"has_location":null,"update_date":null,"atum_locations":[],"atum_stock_status":"instock","low_stock":false,"mi_inventories":[],"multi_inventory":null,"inventory_sorting_mode":null,"inventory_iteration":null,"expirable_inventories":null,"price_per_inventory":null,"_links":{"self":[{"href":"https:\/\/lesaintlaurentvape.com\/en\/wp-json\/wp\/v2\/product\/103435\/"}],"collection":[{"href":"https:\/\/lesaintlaurentvape.com\/en\/wp-json\/wp\/v2\/product\/"}],"about":[{"href":"https:\/\/lesaintlaurentvape.com\/en\/wp-json\/wp\/v2\/types\/product\/"}],"replies":[{"embeddable":true,"href":"https:\/\/lesaintlaurentvape.com\/en\/wp-json\/wp\/v2\/comments\/?post=103435"}],"wp:featuredmedia":[{"embeddable":true,"href":"https:\/\/lesaintlaurentvape.com\/en\/wp-json\/wp\/v2\/media\/103436\/"}],"wp:attachment":[{"href":"https:\/\/lesaintlaurentvape.com\/en\/wp-json\/wp\/v2\/media\/?parent=103435"}],"wp:term":[{"taxonomy":"marques","embeddable":true,"href":"https:\/\/lesaintlaurentvape.com\/en\/wp-json\/wp\/v2\/marques\/?post=103435"}],"curies":[{"name":"wp","href":"https:\/\/api.w.org\/{rel}","templated":true}]}}