{"id":103427,"date":"2020-08-18T14:23:44","date_gmt":"2020-08-18T12:23:44","guid":{"rendered":"https:\/\/lesaintlaurentvape.com\/produit\/crochet-personnel-hygienique-lot-de-10\/"},"modified":"2020-10-31T21:23:43","modified_gmt":"2020-10-31T20:23:43","slug":"crochet-personnel-hygienique-lot-de-10","status":"publish","type":"product","link":"https:\/\/lesaintlaurentvape.com\/en\/produit\/crochet-personnel-hygienique-lot-de-10\/","title":{"rendered":"Crochet personnel hygi\u00e9nique (x10)"},"content":{"rendered":"<p style=\"text-align: center;\"><span style=\"font-family: 'times new roman', times, serif; font-size: 24pt; color: #000000;\">DESCRIPTION<\/span><\/p>\n<p style=\"text-align: center;\"><span style=\"color: #000000;\">Nos crochet hygi\u00e9niques permettent d&#8217;\u00e9viter tous contacts avec les objets ext\u00e9rieurs afin de se prot\u00e9ger au mieux des virus et des bact\u00e9ries.\u00a0<\/span><\/p>\n<p style=\"text-align: center;\"><span style=\"color: #000000;\">Avec une bonne prise en main, utilisez-le pour ouvrir les portes, appuyer sur les boutons d&#8217;ascenseurs ou m\u00eame presser les touches des terminaux bancaires.<\/span><\/p>\n<p style=\"text-align: center;\">En plus d&#8217;\u00eatre tr\u00e8s l\u00e9ger et ergonomique, gr\u00e2ce \u00e0 son rev\u00eatement en inox antibact\u00e9rien, il est possible de le transporter partout, dans la poche comme sur le trousseau de clefs.<\/p>\n<p><img loading=\"lazy\" class=\"alignnone wp-image-34886\" src=\"https:\/\/dscvape.com\/wp-content\/uploads\/2020\/05\/1.jpg\" alt=\"\" width=\"466\" height=\"466\" \/><img loading=\"lazy\" class=\"alignnone wp-image-34890\" src=\"https:\/\/dscvape.com\/wp-content\/uploads\/2020\/05\/3.jpg\" alt=\"\" width=\"465\" height=\"465\" \/><img loading=\"lazy\" class=\"alignnone wp-image-34888\" src=\"https:\/\/dscvape.com\/wp-content\/uploads\/2020\/05\/2.jpg\" alt=\"\" width=\"465\" height=\"465\" \/><\/p>\n","protected":false},"excerpt":{"rendered":"<p>&nbsp;<\/p>\n<p>&nbsp;<\/p>\n<p>Crochet hygi\u00e9nique \u00e0 utilisation personnel multifonctions en alliage d&#8217;aluminium.<\/p>\n<p>Ce crochet vous permettra d&#8217;attraper, de tourner ou encore de presser des objets sans contact avec la surface !<\/p>\n<p>( Ouvrir une porte, appuyer sur les boutons d&#8217;ascenseur, presser les touches des terminaux bancaires&#8230;)<\/p>\n<p>&nbsp;<\/p>\n<p>Vendue par lot de 10 crochets.<\/p>\n","protected":false},"featured_media":77875,"comment_status":"closed","ping_status":"closed","template":"","meta":[],"marques":[],"bundle_layout":"","bundled_by":[],"bundled_items":[],"supplier_id":null,"supplier_sku":"","atum_controlled":true,"out_stock_date":null,"out_stock_threshold":null,"inheritable":false,"inbound_stock":0,"stock_on_hold":0,"sold_today":0,"sales_last_days":0,"reserved_stock":0,"customer_returns":0,"warehouse_damage":0,"lost_in_post":0,"other_logs":0,"out_stock_days":0,"lost_sales":0,"has_location":false,"update_date":"2021-03-25T11:18:03","atum_locations":[],"atum_stock_status":"instock","low_stock":false,"mi_inventories":[659],"multi_inventory":null,"inventory_sorting_mode":null,"inventory_iteration":null,"expirable_inventories":null,"price_per_inventory":null,"_links":{"self":[{"href":"https:\/\/lesaintlaurentvape.com\/en\/wp-json\/wp\/v2\/product\/103427\/"}],"collection":[{"href":"https:\/\/lesaintlaurentvape.com\/en\/wp-json\/wp\/v2\/product\/"}],"about":[{"href":"https:\/\/lesaintlaurentvape.com\/en\/wp-json\/wp\/v2\/types\/product\/"}],"replies":[{"embeddable":true,"href":"https:\/\/lesaintlaurentvape.com\/en\/wp-json\/wp\/v2\/comments\/?post=103427"}],"wp:featuredmedia":[{"embeddable":true,"href":"https:\/\/lesaintlaurentvape.com\/en\/wp-json\/wp\/v2\/media\/77875\/"}],"wp:attachment":[{"href":"https:\/\/lesaintlaurentvape.com\/en\/wp-json\/wp\/v2\/media\/?parent=103427"}],"wp:term":[{"taxonomy":"marques","embeddable":true,"href":"https:\/\/lesaintlaurentvape.com\/en\/wp-json\/wp\/v2\/marques\/?post=103427"}],"curies":[{"name":"wp","href":"https:\/\/api.w.org\/{rel}","templated":true}]}}