{"id":103420,"date":"2020-08-17T14:50:59","date_gmt":"2020-08-17T12:50:59","guid":{"rendered":"https:\/\/lesaintlaurentvape.com\/produit\/vaporesso-target-pm30-kit\/"},"modified":"2020-11-05T14:27:30","modified_gmt":"2020-11-05T13:27:30","slug":"vaporesso-target-pm30-kit","status":"publish","type":"product","link":"https:\/\/lesaintlaurentvape.com\/en\/produit\/vaporesso-target-pm30-kit\/","title":{"rendered":"VAPORESSO &#8211; Target PM30 KIT"},"content":{"rendered":"<h3 style=\"text-align: center;\"><span style=\"text-decoration: underline;\"><span style=\"font-size: 18pt;\">DESCRIPTION D\u00c9TAILL\u00c9E :<\/span><\/span><\/h3>\n<h3 style=\"text-align: center;\"><img loading=\"lazy\" class=\"alignnone wp-image-44543\" src=\"https:\/\/dscvape.com\/wp-content\/uploads\/2020\/08\/Vaporesso-Target-PM30-Description.png\" alt=\"\" width=\"438\" height=\"410\" \/><\/h3>\n<p>&nbsp;<\/p>\n<p style=\"text-align: center;\">D\u00e9couvrez le kit TARGET PM30 de chez VAPORESSO ! La target PM30 est un appareil compact et intuitif \u00e0 Pod avec une batterie int\u00e9gr\u00e9e de 1200 mAh optimis\u00e9e pour le tirage MTL.<\/p>\n<p style=\"text-align: center;\">Excellente prise en main, pratique et facile d&#8217;utilisation, la target Pm30 saura satisfaire vos besoin!<\/p>\n<p style=\"text-align: center;\">Le target PM30 fonctionne avec un syst\u00e8me \u00e0 pod pouvant contenir jusqu&#8217;\u00e0 3,5 ml de liquide !<\/p>\n<p>&nbsp;<\/p>\n<h3 style=\"text-align: center;\"><span style=\"text-decoration: underline;\"><strong>Une box sans prise de t\u00eate<\/strong><\/span><\/h3>\n<p>&nbsp;<\/p>\n<p style=\"text-align: center;\">Une box intuitive qui se r\u00e8gle elle-m\u00eame en d\u00e9tectant la r\u00e9sistance install\u00e9e mais il est tout de m\u00eame possible de r\u00e9gler la puissance \u00e0 votre guise.<\/p>\n<p style=\"text-align: center;\">Appuyer 3 fois cons\u00e9cutivement sur le bouton Fire afin de modifier la puissance, des LED de couleur situ\u00e9es autour de ce bouton indiqueront la puissance choisit.<\/p>\n<table style=\"border-collapse: collapse; width: 100%; height: 81px;\">\n<tbody>\n<tr style=\"height: 27px;\">\n<td style=\"width: 25%; height: 27px;\"><\/td>\n<td style=\"width: 23.3757%; height: 27px; text-align: center;\"><span style=\"color: #00ff00;\">LED VERT<\/span><\/td>\n<td style=\"width: 26.9603%; text-align: center; height: 27px;\"><span style=\"color: #3366ff;\">LED BLEU<\/span><\/td>\n<td style=\"width: 24.6453%; text-align: center; height: 27px;\"><span style=\"color: #ff0000;\">LED ROUGE<\/span><\/td>\n<\/tr>\n<tr style=\"height: 27px;\">\n<td style=\"width: 25%; height: 27px; text-align: center;\"><strong>GTX mesh 0.6 OHM<\/strong><\/td>\n<td style=\"width: 23.3757%; text-align: center; height: 27px;\"><span style=\"color: #808080;\">25 W<\/span><\/td>\n<td style=\"width: 26.9603%; text-align: center; height: 27px;\">22 W<\/td>\n<td style=\"width: 24.6453%; text-align: center; height: 27px;\">20 W<\/td>\n<\/tr>\n<tr style=\"height: 27px;\">\n<td style=\"width: 25%; text-align: center; height: 27px;\"><strong>GTX 1.2 OHM<\/strong><\/td>\n<td style=\"width: 23.3757%; text-align: center; height: 27px;\"><span style=\"color: #808080;\">12 W<\/span><\/td>\n<td style=\"width: 26.9603%; text-align: center; height: 27px;\">10 W<\/td>\n<td style=\"width: 24.6453%; height: 27px; text-align: center;\">8 W<\/td>\n<\/tr>\n<\/tbody>\n<\/table>\n<p>&nbsp;<\/p>\n<h3 style=\"text-align: center;\"><span style=\"text-decoration: underline;\"><strong>Un syst\u00e8me de remplissage intuitif<\/strong><\/span><\/h3>\n<p style=\"text-align: center;\">Vaporesso innove la mani\u00e8re de remplir les pods.<\/p>\n<p style=\"text-align: center;\">En effet, la marque a int\u00e9gr\u00e9 un syst\u00e8me &#8220;press-to-fill&#8221; (appuyer pour remplir) au trou de remplissage pour \u00e9viter les fuites accidentelles.<\/p>\n<p style=\"text-align: center;\">Pour remplir, glisser le top cap dans le sens de la fl\u00e8che situ\u00e9 sur le pod, presser l&#8217;embout du flacon dans le trou pr\u00e9vu \u00e0 cet effet afin d&#8217;y ajouter le liquide.<\/p>\n<p style=\"text-align: center;\">Un syst\u00e8me \u00e0 ressort situ\u00e9 dans le trou de remplissage permet de rendre le pod herm\u00e9tique et anti-fuite.<\/p>\n<p><img loading=\"lazy\" class=\"wp-image-15407 aligncenter\" src=\"https:\/\/dscvape.fr\/wp-content\/uploads\/2019\/09\/Pod-utilisation-1024x342.png\" alt=\"Vaporesso PODSTICK\" width=\"784\" height=\"262\" \/><\/p>\n<p>&nbsp;<\/p>\n<p style=\"text-align: center;\"><span style=\"text-decoration: underline;\"><strong><span style=\"font-size: 14pt;\">Comment installer la r\u00e9sistance GTX dans le pod Target PM30<\/span><\/strong><\/span><\/p>\n<p style=\"text-align: center;\">Pour changer de r\u00e9sistance, retirer le pod dans la batterie, puis tirer sur la r\u00e9sistance us\u00e9e. Remplacer-la par une nouvelle.<\/p>\n<p style=\"text-align: center;\">Peu importe l\u2019appareil, il est tr\u00e8s important de faire l\u2019amor\u00e7age de la r\u00e9sistance.<\/p>\n<p style=\"text-align: center;\"><span style=\"text-decoration: underline;\"><strong><span style=\"font-size: 12pt;\">Rappel :<\/span> <\/strong><\/span>Etant donn\u00e9 qu\u2019une r\u00e9sistance est compos\u00e9e de coton, lors de la premi\u00e8re utilisation (ou lorsque vous changez de r\u00e9sistance) celle-ci est compl\u00e8tement sec. Il faut donc laisser baigner la r\u00e9sistance dans le liquide apr\u00e8s le remplissage plusieurs minutes (environ 10-15min) pour \u00e9viter que celle-ci ne br\u00fble pr\u00e9matur\u00e9ment n\u2019\u00e9tant pas imbib\u00e9e de liquide lors que l\u2019appareil la chauffe<\/p>\n<p style=\"text-align: center;\">ATTENTION : Installer la r\u00e9sistance dans le bon sens, au risque de provoquer des fuites.<\/p>\n<p>&nbsp;<\/p>\n<p><img loading=\"lazy\" class=\"wp-image-44541 aligncenter\" src=\"https:\/\/dscvape.com\/wp-content\/uploads\/2020\/08\/Vaporesso-Target-PM30-Resistance.png\" alt=\"\" width=\"556\" height=\"276\" \/><\/p>\n<p style=\"text-align: center;\"><em>Aucune r\u00e9sistance n&#8217;est pr\u00e9-install\u00e9e lors de la premi\u00e8re utilisation.<\/em><\/p>\n<p>&nbsp;<\/p>\n<p style=\"text-align: center;\"><strong><span style=\"text-decoration: underline;\"><span style=\"font-size: 14pt;\">Compatible GTX\u00a0<\/span><\/span><\/strong><\/p>\n<p><img loading=\"lazy\" class=\"wp-image-44538 aligncenter\" src=\"https:\/\/dscvape.com\/wp-content\/uploads\/2020\/08\/Vaporesso-GTX-One-Resistance-GTX.png\" alt=\"\" width=\"420\" height=\"257\" \/><\/p>\n<table style=\"border-collapse: collapse; width: 100%; height: 108px;\">\n<tbody>\n<tr style=\"height: 27px;\">\n<td style=\"width: 13.736%; height: 27px; text-align: center;\">GTX Mesh<\/td>\n<td style=\"width: 11.4243%; height: 27px; text-align: center;\">0.2 ohm<\/td>\n<td style=\"width: 11.1261%; height: 27px; text-align: center;\">45-60W<\/td>\n<td style=\"width: 19.2542%; height: 27px; text-align: center;\">Inhalation directe<\/td>\n<td style=\"width: 44.4594%; height: 27px; text-align: center;\">Vapeur abondante et chauffe rapide. (Incompatible avec le tank GTX 18)<\/td>\n<\/tr>\n<tr style=\"height: 27px;\">\n<td style=\"width: 13.736%; height: 27px; text-align: center;\">GTX Mesh<\/td>\n<td style=\"width: 11.4243%; height: 27px; text-align: center;\">0.3 ohm<\/td>\n<td style=\"width: 11.1261%; height: 27px; text-align: center;\">32-45W<\/td>\n<td style=\"width: 19.2542%; height: 27px; text-align: center;\">Inhalation directe<\/td>\n<td style=\"width: 44.4594%; height: 27px; text-align: center;\">Excellent rendu saveur. (Incompatible avec le tank GTX 18)<\/td>\n<\/tr>\n<tr style=\"height: 27px;\">\n<td style=\"width: 13.736%; height: 27px; text-align: center;\">GTX Mesh<\/td>\n<td style=\"width: 11.4243%; height: 27px; text-align: center;\">0.6 ohm<\/td>\n<td style=\"width: 11.1261%; height: 27px; text-align: center;\">20-30W<\/td>\n<td style=\"width: 19.2542%; height: 27px; text-align: center;\">Inhalation directe<\/td>\n<td style=\"width: 44.4594%; height: 27px; text-align: center;\">Bon compromis entre saveur et vapeur<\/td>\n<\/tr>\n<tr style=\"height: 27px;\">\n<td style=\"width: 13.736%; height: 27px; text-align: center;\">GTX Mesh<\/td>\n<td style=\"width: 11.4243%; height: 27px; text-align: center;\">0.8 ohm<\/td>\n<td style=\"width: 11.1261%; height: 27px; text-align: center;\">12-20W<\/td>\n<td style=\"width: 19.2542%; height: 27px; text-align: center;\">Inhalation indirecte et directe<\/td>\n<td style=\"width: 44.4594%; height: 27px; text-align: center;\">Vape restreinte pour moins de vapeur mais plus de saveurs<\/td>\n<\/tr>\n<tr>\n<td style=\"width: 13.736%; text-align: center;\">GTX<\/td>\n<td style=\"width: 11.4243%; text-align: center;\">1.2 ohm<\/td>\n<td style=\"width: 11.1261%; text-align: center;\">8-12W<\/td>\n<td style=\"width: 19.2542%; text-align: center;\">Inhalation indirecte<\/td>\n<td style=\"width: 44.4594%; text-align: center;\">Tirage indirect pour un maximum de saveur<\/td>\n<\/tr>\n<tr>\n<td style=\"width: 13.736%; text-align: center;\">GTX Mesh<\/td>\n<td style=\"width: 11.4243%; text-align: center;\">1.2 ohm<\/td>\n<td style=\"width: 11.1261%; text-align: center;\">7-11W<\/td>\n<td style=\"width: 19.2542%; text-align: center;\">Inhalation indirecte<\/td>\n<td style=\"width: 44.4594%; text-align: center;\">Alliage entre Fer, Chrome et Aluminium<\/td>\n<\/tr>\n<\/tbody>\n<\/table>\n","protected":false},"excerpt":{"rendered":"<p>D\u00e9couvrez le kit TARGET PM30 de chez VAPORESSO ! La target PM30 est un appareil compact et intuitif \u00e0 Pod avec une batterie int\u00e9gr\u00e9e de 1200 mAh optimis\u00e9e pour le tirage MTL.<\/p>\n<p>Excellente prise en main, pratique et facile d&#8217;utilisation, la target Pm30 saura satisfaire vos besoin!<\/p>\n<p>Le target PM30 fonctionne avec un syst\u00e8me \u00e0 pod pouvant contenir jusqu&#8217;\u00e0 3,5 ml de liquide !<\/p>\n<p>Compatible avec les r\u00e9sistance GTX de Vaporesso.<\/p>\n<p><a href=\"https:\/\/dscvape.com\/wp-content\/uploads\/2020\/08\/VAPORESSO-\u2013-Target-PM30-KIT-2.pdf\">VAPORESSO \u2013 Target PM30 KIT (2)<\/a><\/p>\n","protected":false},"featured_media":77861,"comment_status":"closed","ping_status":"closed","template":"","meta":[],"marques":[7545],"bundle_layout":"","bundled_by":[],"bundled_items":[],"supplier_id":null,"supplier_sku":"","atum_controlled":true,"out_stock_date":null,"out_stock_threshold":null,"inheritable":false,"inbound_stock":null,"stock_on_hold":null,"sold_today":null,"sales_last_days":null,"reserved_stock":null,"customer_returns":null,"warehouse_damage":null,"lost_in_post":null,"other_logs":null,"out_stock_days":null,"lost_sales":null,"has_location":null,"update_date":null,"atum_locations":[],"atum_stock_status":"instock","low_stock":false,"mi_inventories":[],"multi_inventory":null,"inventory_sorting_mode":null,"inventory_iteration":null,"expirable_inventories":null,"price_per_inventory":null,"_links":{"self":[{"href":"https:\/\/lesaintlaurentvape.com\/en\/wp-json\/wp\/v2\/product\/103420\/"}],"collection":[{"href":"https:\/\/lesaintlaurentvape.com\/en\/wp-json\/wp\/v2\/product\/"}],"about":[{"href":"https:\/\/lesaintlaurentvape.com\/en\/wp-json\/wp\/v2\/types\/product\/"}],"replies":[{"embeddable":true,"href":"https:\/\/lesaintlaurentvape.com\/en\/wp-json\/wp\/v2\/comments\/?post=103420"}],"wp:featuredmedia":[{"embeddable":true,"href":"https:\/\/lesaintlaurentvape.com\/en\/wp-json\/wp\/v2\/media\/77861\/"}],"wp:attachment":[{"href":"https:\/\/lesaintlaurentvape.com\/en\/wp-json\/wp\/v2\/media\/?parent=103420"}],"wp:term":[{"taxonomy":"marques","embeddable":true,"href":"https:\/\/lesaintlaurentvape.com\/en\/wp-json\/wp\/v2\/marques\/?post=103420"}],"curies":[{"name":"wp","href":"https:\/\/api.w.org\/{rel}","templated":true}]}}