{"id":103409,"date":"2020-08-17T12:24:30","date_gmt":"2020-08-17T10:24:30","guid":{"rendered":"https:\/\/lesaintlaurentvape.com\/produit\/geekvape-aegis-boost-plus-kit\/"},"modified":"2020-10-31T21:23:26","modified_gmt":"2020-10-31T20:23:26","slug":"geekvape-aegis-boost-plus-kit","status":"publish","type":"product","link":"https:\/\/lesaintlaurentvape.com\/en\/produit\/geekvape-aegis-boost-plus-kit\/","title":{"rendered":"GEEKVAPE  &#8211; Aegis Boost Plus kit"},"content":{"rendered":"<p style=\"text-align: center;\"><span style=\"text-decoration: underline;\"><span style=\"font-size: 24pt; font-family: 'times new roman', times, serif;\">DESCRIPTION<\/span><\/span><\/p>\n<p>&nbsp;<\/p>\n<p><img loading=\"lazy\" class=\" wp-image-42160 aligncenter\" src=\"https:\/\/dscvape.com\/wp-content\/uploads\/2020\/08\/geekvape-kit-aegis-boost-vape-description-1.png\" alt=\"\" width=\"516\" height=\"516\" \/><\/p>\n<p>&nbsp;<\/p>\n<p>&nbsp;<\/p>\n<h4 style=\"text-align: center;\"><span style=\"text-decoration: underline;\">Un pod am\u00e9lior\u00e9 et simple<\/span><\/h4>\n<p>&nbsp;<\/p>\n<p>GEEKVAPE vous pr\u00e9sente une version am\u00e9lior\u00e9 du pod AEGIST BOOST!<\/p>\n<p>En effet, le r\u00e9servoir du pod de Aegist Boost Plus vous permet d&#8217;ins\u00e9rer 5,5 ml de liquide, contrairement \u00e0 celui de AEGIS BOOT d&#8217;une contenance de 3,7 ml.<\/p>\n<p>De plus, situ\u00e9 \u00e0 l&#8217;arri\u00e8re du r\u00e9servoir, le trou de remplissage vous permet d&#8217;ins\u00e9rer votre liquide en toute simplicit\u00e9!<\/p>\n<p><img loading=\"lazy\" class=\"wp-image-42164 aligncenter\" src=\"https:\/\/dscvape.com\/wp-content\/uploads\/2020\/08\/Geekvape-Aegis-Boost-Plus-Pod-Cartridge-55ml-2pcs1pc_007054228826-1.png\" alt=\"\" width=\"393\" height=\"393\" \/><\/p>\n<p>&nbsp;<\/p>\n<h4 style=\"text-align: center;\"><span style=\"text-decoration: underline;\">Changer la r\u00e9sistance<\/span><\/h4>\n<ol>\n<li>Retirez le pod de la box en appuyant sur le cot\u00e9<\/li>\n<li>Retournez le pod pour faire face \u00e0 la r\u00e9sistance<\/li>\n<li>Glissez la cl\u00e9 fournie sur la r\u00e9sistance<\/li>\n<li>Poussez sur la cl\u00e9 vers le haut pour faire ressortir la r\u00e9sistance puis retirez-la \u00e0 la main<\/li>\n<li style=\"text-align: left;\">R\u00e9ins\u00e9rez une nouvelle r\u00e9sistance de sorte qu&#8217;elle soit bien emboit\u00e9e sinon le pod risque de fuir<\/li>\n<\/ol>\n<p>&nbsp;<\/p>\n<p>Le kit est fournit avec deux diff\u00e9rentes r\u00e9sistances pour plus de flexibilit\u00e9, l&#8217;une en 0.4 \u03a9 pour du tirage a\u00e9rien\u00a0 et l&#8217;autre en 0.6 \u03a9 pour du tirage serr\u00e9 (GV Boost Coil). Le pod vous propose \u00e9galement un airflow r\u00e9glable pour \u00e9galement plus de flexibilit\u00e9 au niveau du tirage, \u00e0 r\u00e9gler en fonction de vos pr\u00e9f\u00e9rence<\/p>\n<p>&nbsp;<\/p>\n<p style=\"text-align: center;\"><span style=\"font-family: arial, helvetica, sans-serif; font-size: 14pt;\">Attention, peu importe l\u2019appareil, il est tr\u00e8s important de faire l\u2019amor\u00e7age de la r\u00e9sistance.<\/span><\/p>\n<p style=\"text-align: center;\"><span style=\"text-decoration: underline;\"><span style=\"font-family: arial, helvetica, sans-serif;\">Rappel : Etant donn\u00e9 qu\u2019une r\u00e9sistance est compos\u00e9e de coton, lors de la premi\u00e8re utilisation (ou lorsque vous changez de r\u00e9sistance) celle-ci est compl\u00e8tement sec. Il faut donc laisser baigner la r\u00e9sistance dans le liquide apr\u00e8s le remplissage plusieurs minutes (environ 10-15min) pour \u00e9viter que celle-ci ne br\u00fble pr\u00e9matur\u00e9ment n\u2019\u00e9tant pas imbib\u00e9e de liquide lorsque l\u2019appareil la chauffe<\/span><\/span><\/p>\n<p>&nbsp;<\/p>\n<p><img loading=\"lazy\" class=\"alignnone size-full wp-image-35207 aligncenter\" src=\"https:\/\/dscvape.com\/wp-content\/uploads\/2019\/12\/Geekvape-explication.png\" alt=\"\" width=\"800\" height=\"300\" \/><\/p>\n<h4><\/h4>\n<h4 style=\"text-align: center;\"><span style=\"text-decoration: underline;\">ACCU<\/span><\/h4>\n<p style=\"text-align: center;\">Contrairement \u00e0 l&#8217;ancienne version, AEGIST BOOST PLUS n\u00e9cessite une accu 18650 ! Pour la changer, retirer la trappe situ\u00e9 en dessous de l&#8217;appareil.<\/p>\n<p style=\"text-align: center;\">Vous pouvez recharger l&#8217;appareil la batterie gr\u00e2ce au port micro USB.<\/p>\n<p style=\"text-align: justify;\"><img loading=\"lazy\" class=\"wp-image-42156 aligncenter\" src=\"https:\/\/dscvape.com\/wp-content\/uploads\/2020\/08\/Aegis-boost-description-2-1.png\" alt=\"\" width=\"434\" height=\"434\" \/><img loading=\"lazy\" class=\"wp-image-42158 aligncenter\" src=\"https:\/\/dscvape.com\/wp-content\/uploads\/2020\/08\/Aegis-boost-plus-accu-1.png\" alt=\"\" width=\"544\" height=\"388\" \/><\/p>\n<p>&nbsp;<\/p>\n","protected":false},"excerpt":{"rendered":"<p>GEEKVAPE vous pr\u00e9sente une nouvelle version de Aegis Boost : AEGIS BOOST PLUS !<\/p>\n<p>Tout comme ses confr\u00e8res Aegis, il est class\u00e9 IP67 (waterproof, r\u00e9sistant aux chocs, \u00e0 la poussi\u00e8re, \u00e0 la rouille) et est accompagn\u00e9 d&#8217;une excellente tenue en main.<\/p>\n<p>Contrairement \u00e0 la version pr\u00e9c\u00e9dente, Aegis boost plus n\u00e9cessite une accu 18650 et pr\u00e9sente un pod pouvant contenir jusqu&#8217;\u00e0 5.5 ml de liquide pour vous accompagnez tout au long de la journ\u00e9e ! De plus, il est parfait pour les amateurs de fum\u00e9e !<\/p>\n","protected":false},"featured_media":77847,"comment_status":"closed","ping_status":"closed","template":"","meta":[],"marques":[7827],"bundle_layout":"","bundled_by":[],"bundled_items":[],"supplier_id":null,"supplier_sku":"","atum_controlled":true,"out_stock_date":"2020-10-31T19:23:12","out_stock_threshold":null,"inheritable":false,"inbound_stock":null,"stock_on_hold":0,"sold_today":0,"sales_last_days":0,"reserved_stock":null,"customer_returns":null,"warehouse_damage":null,"lost_in_post":null,"other_logs":null,"out_stock_days":1983,"lost_sales":0,"has_location":null,"update_date":"2026-04-06T22:36:50","atum_locations":[],"atum_stock_status":"outofstock","low_stock":false,"mi_inventories":[],"multi_inventory":null,"inventory_sorting_mode":null,"inventory_iteration":null,"expirable_inventories":null,"price_per_inventory":null,"_links":{"self":[{"href":"https:\/\/lesaintlaurentvape.com\/en\/wp-json\/wp\/v2\/product\/103409\/"}],"collection":[{"href":"https:\/\/lesaintlaurentvape.com\/en\/wp-json\/wp\/v2\/product\/"}],"about":[{"href":"https:\/\/lesaintlaurentvape.com\/en\/wp-json\/wp\/v2\/types\/product\/"}],"replies":[{"embeddable":true,"href":"https:\/\/lesaintlaurentvape.com\/en\/wp-json\/wp\/v2\/comments\/?post=103409"}],"wp:featuredmedia":[{"embeddable":true,"href":"https:\/\/lesaintlaurentvape.com\/en\/wp-json\/wp\/v2\/media\/77847\/"}],"wp:attachment":[{"href":"https:\/\/lesaintlaurentvape.com\/en\/wp-json\/wp\/v2\/media\/?parent=103409"}],"wp:term":[{"taxonomy":"marques","embeddable":true,"href":"https:\/\/lesaintlaurentvape.com\/en\/wp-json\/wp\/v2\/marques\/?post=103409"}],"curies":[{"name":"wp","href":"https:\/\/api.w.org\/{rel}","templated":true}]}}