{"id":103398,"date":"2020-08-11T17:42:58","date_gmt":"2020-08-11T15:42:58","guid":{"rendered":"https:\/\/lesaintlaurentvape.com\/produit\/vaporesso-gtx-one-mod\/"},"modified":"2020-11-05T14:27:36","modified_gmt":"2020-11-05T13:27:36","slug":"vaporesso-gtx-one-mod","status":"publish","type":"product","link":"https:\/\/lesaintlaurentvape.com\/en\/produit\/vaporesso-gtx-one-mod\/","title":{"rendered":"Vaporesso &#8211; GTX One mod"},"content":{"rendered":"<p style=\"text-align: center;\"><strong><span style=\"text-decoration: underline;\"><span style=\"font-size: 24pt;\">Description<\/span><\/span><\/strong><\/p>\n<p><img class=\"aligncenter\" src=\"https:\/\/dscvape.com\/wp-content\/uploads\/2020\/08\/GTX-One-one-box-pr\u00e9sentation.png\" alt=\"\" \/><\/p>\n<p style=\"text-align: center;\"><strong><span style=\"font-size: 12pt;\"><u>Simple et adapt\u00e9e \u00e0 la plupart des vapoteurs<\/u><\/span><\/strong><\/p>\n<p style=\"text-align: center;\">Le mod GTX One est <strong>simple \u00e0 prendre en main pour un d\u00e9butant<\/strong>. Il pourra atteindre jusqu&#8217;\u00e0 <strong>40W de puissance,<\/strong>\u00a0r\u00e9glable via l&#8217;\u00e9cran OLED de 0,69&#8243; et les deux boutons &#8220;+&#8221; et &#8220;-&#8220;. Compos\u00e9 d&#8217;une batterie int\u00e9gr\u00e9e de 2000 mAh, permettant d&#8217;avoir une excellente autonomie pour toute la journ\u00e9e. Le rechargement se fera rapidement gr\u00e2ce au port micro-USB type-C fourni dans le kit.<\/p>\n<p>&nbsp;<\/p>\n","protected":false},"excerpt":{"rendered":"<p>Vaporesso nous pr\u00e9sente la box GTX One ! Une petite box compacte qui se transporte partout rien qu&#8217;en la glissant dans une poche.<\/p>\n","protected":false},"featured_media":77829,"comment_status":"closed","ping_status":"closed","template":"","meta":[],"marques":[7545],"bundle_layout":"","bundled_by":[],"bundled_items":[],"supplier_id":null,"supplier_sku":"","atum_controlled":true,"out_stock_date":"2020-10-31T19:22:54","out_stock_threshold":null,"inheritable":false,"inbound_stock":null,"stock_on_hold":0,"sold_today":0,"sales_last_days":0,"reserved_stock":null,"customer_returns":null,"warehouse_damage":null,"lost_in_post":null,"other_logs":null,"out_stock_days":1983,"lost_sales":0,"has_location":null,"update_date":"2026-04-06T22:36:50","atum_locations":[],"atum_stock_status":"outofstock","low_stock":false,"mi_inventories":[],"multi_inventory":null,"inventory_sorting_mode":null,"inventory_iteration":null,"expirable_inventories":null,"price_per_inventory":null,"_links":{"self":[{"href":"https:\/\/lesaintlaurentvape.com\/en\/wp-json\/wp\/v2\/product\/103398\/"}],"collection":[{"href":"https:\/\/lesaintlaurentvape.com\/en\/wp-json\/wp\/v2\/product\/"}],"about":[{"href":"https:\/\/lesaintlaurentvape.com\/en\/wp-json\/wp\/v2\/types\/product\/"}],"replies":[{"embeddable":true,"href":"https:\/\/lesaintlaurentvape.com\/en\/wp-json\/wp\/v2\/comments\/?post=103398"}],"wp:featuredmedia":[{"embeddable":true,"href":"https:\/\/lesaintlaurentvape.com\/en\/wp-json\/wp\/v2\/media\/77829\/"}],"wp:attachment":[{"href":"https:\/\/lesaintlaurentvape.com\/en\/wp-json\/wp\/v2\/media\/?parent=103398"}],"wp:term":[{"taxonomy":"marques","embeddable":true,"href":"https:\/\/lesaintlaurentvape.com\/en\/wp-json\/wp\/v2\/marques\/?post=103398"}],"curies":[{"name":"wp","href":"https:\/\/api.w.org\/{rel}","templated":true}]}}