{"id":103390,"date":"2020-08-11T14:59:40","date_gmt":"2020-08-11T12:59:40","guid":{"rendered":"https:\/\/lesaintlaurentvape.com\/produit\/vaporesso-gtx-coils\/"},"modified":"2020-10-31T21:22:54","modified_gmt":"2020-10-31T20:22:54","slug":"vaporesso-gtx-coils","status":"publish","type":"product","link":"https:\/\/lesaintlaurentvape.com\/en\/produit\/vaporesso-gtx-coils\/","title":{"rendered":"Vaporesso &#8211; GTX Coils"},"content":{"rendered":"<h3 style=\"text-align: center;\">GTX Coil Mesh<\/h3>\n<table style=\"border-collapse: collapse; width: 100%;\">\n<tbody>\n<tr>\n<td style=\"width: 50%;\">Valeur (ohm)<\/td>\n<td style=\"width: 50%;\">0,2ohm<\/td>\n<\/tr>\n<tr>\n<td style=\"width: 50%;\">Utilisation normale<\/td>\n<td style=\"width: 50%;\">45-60W<\/td>\n<\/tr>\n<tr>\n<td style=\"width: 50%;\">Utilisation optimale<\/td>\n<td style=\"width: 50%;\">55W<\/td>\n<\/tr>\n<tr>\n<td style=\"width: 50%;\">Type d&#8217;inhalation<\/td>\n<td style=\"width: 50%;\">Directe<\/td>\n<\/tr>\n<\/tbody>\n<\/table>\n<p>&nbsp;<\/p>\n<table style=\"border-collapse: collapse; width: 100%;\">\n<tbody>\n<tr>\n<td style=\"width: 50%;\">Valeur (ohm)<\/td>\n<td style=\"width: 50%;\">0,3ohm<\/td>\n<\/tr>\n<tr>\n<td style=\"width: 50%;\">Utilisation normale<\/td>\n<td style=\"width: 50%;\">32-45W<\/td>\n<\/tr>\n<tr>\n<td style=\"width: 50%;\">Utilisation optimale<\/td>\n<td style=\"width: 50%;\">40W<\/td>\n<\/tr>\n<tr>\n<td style=\"width: 50%;\">Type d&#8217;inhalation<\/td>\n<td style=\"width: 50%;\">Directe<\/td>\n<\/tr>\n<\/tbody>\n<\/table>\n<p>&nbsp;<\/p>\n<table style=\"border-collapse: collapse; width: 100%;\">\n<tbody>\n<tr>\n<td style=\"width: 50%;\">Valeur (ohm)<\/td>\n<td style=\"width: 50%;\">0,6ohm<\/td>\n<\/tr>\n<tr>\n<td style=\"width: 50%;\">Utilisation normale<\/td>\n<td style=\"width: 50%;\">20-30W<\/td>\n<\/tr>\n<tr>\n<td style=\"width: 50%;\">Utilisation optimale<\/td>\n<td style=\"width: 50%;\">28W<\/td>\n<\/tr>\n<tr>\n<td style=\"width: 50%;\">Type d&#8217;inhalation<\/td>\n<td style=\"width: 50%;\">Interm\u00e9diaire<\/td>\n<\/tr>\n<\/tbody>\n<\/table>\n<p>&nbsp;<\/p>\n<table style=\"border-collapse: collapse; width: 100%;\">\n<tbody>\n<tr>\n<td style=\"width: 50%;\">Valeur (ohm)<\/td>\n<td style=\"width: 50%;\">0,8ohm<\/td>\n<\/tr>\n<tr>\n<td style=\"width: 50%;\">Utilisation normale<\/td>\n<td style=\"width: 50%;\">12-20W<\/td>\n<\/tr>\n<tr>\n<td style=\"width: 50%;\">Utilisation optimale<\/td>\n<td style=\"width: 50%;\">18W<\/td>\n<\/tr>\n<tr>\n<td style=\"width: 50%;\">Type d&#8217;inhalation<\/td>\n<td style=\"width: 50%;\">Interm\u00e9diaire<\/td>\n<\/tr>\n<\/tbody>\n<\/table>\n<p>&nbsp;<\/p>\n<table style=\"border-collapse: collapse; width: 100%;\">\n<tbody>\n<tr>\n<td style=\"width: 50%;\">Valeur (ohm)<\/td>\n<td style=\"width: 50%;\">1,2ohm<\/td>\n<\/tr>\n<tr>\n<td style=\"width: 50%;\">Utilisation normale<\/td>\n<td style=\"width: 50%;\">7-11W<\/td>\n<\/tr>\n<tr>\n<td style=\"width: 50%;\">Utilisation optimale<\/td>\n<td style=\"width: 50%;\">11W<\/td>\n<\/tr>\n<tr>\n<td style=\"width: 50%;\">Type d&#8217;inhalation<\/td>\n<td style=\"width: 50%;\">Indirecte<\/td>\n<\/tr>\n<\/tbody>\n<\/table>\n<h3 style=\"text-align: center;\">GTX Regular<\/h3>\n<table style=\"border-collapse: collapse; width: 100%; height: 108px;\">\n<tbody>\n<tr style=\"height: 27px;\">\n<td style=\"width: 50%; height: 27px;\">Valeur (ohm)<\/td>\n<td style=\"width: 50%; height: 27px;\">1,2ohm<\/td>\n<\/tr>\n<tr style=\"height: 27px;\">\n<td style=\"width: 50%; height: 27px;\">Utilisation normale<\/td>\n<td style=\"width: 50%; height: 27px;\">8-12W<\/td>\n<\/tr>\n<tr style=\"height: 27px;\">\n<td style=\"width: 50%; height: 27px;\">Utilisation optimale<\/td>\n<td style=\"width: 50%; height: 27px;\">11W<\/td>\n<\/tr>\n<tr style=\"height: 27px;\">\n<td style=\"width: 50%; height: 27px;\">Type d&#8217;inhalation<\/td>\n<td style=\"width: 50%; height: 27px;\">Directe<\/td>\n<\/tr>\n<\/tbody>\n<\/table>\n<h3 style=\"text-align: center;\"><img loading=\"lazy\" class=\"alignnone  wp-image-42398\" src=\"https:\/\/dscvape.com\/wp-content\/uploads\/2020\/08\/Vaporesso-GTX-One-R\u00e9sistance-GTX-1.png\" alt=\"\" width=\"545\" height=\"334\" \/><\/h3>\n","protected":false},"excerpt":{"rendered":"<p>Les r\u00e9sistances GTX de la marque Vaporesso sont vendues par bo\u00eete de 5 r\u00e9sistances. R\u00e9sistances compatibles avec les clearomiseurs GTX 22 et GTX18.<\/p>\n<p><strong>ATTENTION ! <\/strong>R\u00e9sistances<strong> 0,2ohm et 0,3ohm incompatibles<\/strong> avec le clearomiseur<strong> GTX 18.<\/strong><\/p>\n","protected":false},"featured_media":77815,"comment_status":"closed","ping_status":"closed","template":"","meta":[],"marques":[7545],"bundle_layout":"","bundled_by":[],"bundled_items":[],"supplier_id":null,"supplier_sku":"","atum_controlled":true,"out_stock_date":null,"out_stock_threshold":null,"inheritable":false,"inbound_stock":null,"stock_on_hold":null,"sold_today":null,"sales_last_days":null,"reserved_stock":null,"customer_returns":null,"warehouse_damage":null,"lost_in_post":null,"other_logs":null,"out_stock_days":null,"lost_sales":null,"has_location":null,"update_date":null,"atum_locations":[],"atum_stock_status":"instock","low_stock":false,"mi_inventories":[],"multi_inventory":null,"inventory_sorting_mode":null,"inventory_iteration":null,"expirable_inventories":null,"price_per_inventory":null,"_links":{"self":[{"href":"https:\/\/lesaintlaurentvape.com\/en\/wp-json\/wp\/v2\/product\/103390\/"}],"collection":[{"href":"https:\/\/lesaintlaurentvape.com\/en\/wp-json\/wp\/v2\/product\/"}],"about":[{"href":"https:\/\/lesaintlaurentvape.com\/en\/wp-json\/wp\/v2\/types\/product\/"}],"replies":[{"embeddable":true,"href":"https:\/\/lesaintlaurentvape.com\/en\/wp-json\/wp\/v2\/comments\/?post=103390"}],"wp:featuredmedia":[{"embeddable":true,"href":"https:\/\/lesaintlaurentvape.com\/en\/wp-json\/wp\/v2\/media\/77815\/"}],"wp:attachment":[{"href":"https:\/\/lesaintlaurentvape.com\/en\/wp-json\/wp\/v2\/media\/?parent=103390"}],"wp:term":[{"taxonomy":"marques","embeddable":true,"href":"https:\/\/lesaintlaurentvape.com\/en\/wp-json\/wp\/v2\/marques\/?post=103390"}],"curies":[{"name":"wp","href":"https:\/\/api.w.org\/{rel}","templated":true}]}}