{"id":103384,"date":"2020-08-11T14:21:54","date_gmt":"2020-08-11T12:21:54","guid":{"rendered":"https:\/\/lesaintlaurentvape.com\/produit\/vaporesso-gen-s-mod\/"},"modified":"2020-10-31T21:22:45","modified_gmt":"2020-10-31T20:22:45","slug":"vaporesso-gen-s-mod","status":"publish","type":"product","link":"https:\/\/lesaintlaurentvape.com\/en\/produit\/vaporesso-gen-s-mod\/","title":{"rendered":"Vaporesso &#8211; Gen S mod"},"content":{"rendered":"<p style=\"text-align: center;\"><strong><span style=\"text-decoration: underline;\"><span style=\"font-size: 18pt;\">Description d\u00e9taill\u00e9e :<\/span><\/span><\/strong><\/p>\n<p>&nbsp;<\/p>\n<p><img loading=\"lazy\" class=\" wp-image-42090 aligncenter\" src=\"https:\/\/dscvape.com\/wp-content\/uploads\/2020\/08\/Description-GEn-s.png\" alt=\"\" width=\"476\" height=\"476\" \/><\/p>\n<h3 class=\"clear\" style=\"text-align: center;\"><strong><span style=\"text-decoration: underline;\"><span style=\"font-size: 12pt;\">Un petit bijou d&#8217;\u00e9lectronique<\/span><\/span><\/strong><\/h3>\n<p style=\"text-align: center;\">Avec ce mod\u00e8le Gen S, Vaporesso a remis au go\u00fbt du jour l&#8217;un de ses meilleurs best-sellers. La box Gen S de Vaporesso peut d\u00e9livrer une puissance admirable de 220 watts. Pour proc\u00e9der facilement aux diff\u00e9rents r\u00e9glages, un \u00e9cran OLED est pr\u00e9sent comme c&#8217;\u00e9tait le cas dans les versions pr\u00e9c\u00e9dentes.<\/p>\n<p><img loading=\"lazy\" class=\"aligncenter\" src=\"https:\/\/dscvape.com\/wp-content\/uploads\/2020\/08\/Chipset.png\" alt=\"\" width=\"394\" height=\"349\" \/><\/p>\n<p style=\"text-align: center;\"><span style=\"font-size: 12pt;\"><strong><u>AXON CHIP : Le chipset innovant<\/u><\/strong><\/span><\/p>\n<p style=\"text-align: center;\">La puce<strong>\u00a0AXON<\/strong> de chez Vaporesso offre une interface simple qui permet de jouer avec les diff\u00e9rents modes d&#8217;utilisation. D\u00e9couvrez des modes de vape sp\u00e9cifiques au chipset AXON comme le Power ECO pour une longue autonomie de batterie. Il y a aussi le mode Smart TC pour un contr\u00f4le parfait de la temp\u00e9rature, le mode impulsion qui procure 27% de saveur additionnel alli\u00e9 \u00e0 un agr\u00e9able nuage et le DIY Mode pour une enti\u00e8re personnalisation sur le grand <strong>\u00e9cran OLED 0.91&#8243;<\/strong>.<\/p>\n<p style=\"text-align: center;\">Diff\u00e9rents modes sont recommand\u00e9s et parcourus selon l&#8217;identification automatique des r\u00e9servoirs.<\/p>\n<p style=\"text-align: center;\">Niveau autonomie, elle sera capable de contenir deux accus 18650, et vous permettra de vapoter tout au long de la journ\u00e9e.<\/p>\n","protected":false},"excerpt":{"rendered":"<p>Vaporesso vous pr\u00e9sente sa box GEN S, un best-seller de la marque. Avec une puissance allant jusqu&#8217;\u00e0 220W, elle est aussi alli\u00e9 \u00e0 la puce AXON, assurant une exp\u00e9rience de vape ph\u00e9nom\u00e9nale. Sa texture agr\u00e9able au toucher reste pour autant durable et \u00e9paisse, voil\u00e0 une box bien r\u00e9sistante !<\/p>\n","protected":false},"featured_media":77803,"comment_status":"closed","ping_status":"closed","template":"","meta":[],"marques":[7545],"bundle_layout":"","bundled_by":[],"bundled_items":[],"supplier_id":null,"supplier_sku":"","atum_controlled":true,"out_stock_date":null,"out_stock_threshold":null,"inheritable":false,"inbound_stock":null,"stock_on_hold":null,"sold_today":null,"sales_last_days":null,"reserved_stock":null,"customer_returns":null,"warehouse_damage":null,"lost_in_post":null,"other_logs":null,"out_stock_days":null,"lost_sales":null,"has_location":null,"update_date":null,"atum_locations":[],"atum_stock_status":"instock","low_stock":false,"mi_inventories":[],"multi_inventory":null,"inventory_sorting_mode":null,"inventory_iteration":null,"expirable_inventories":null,"price_per_inventory":null,"_links":{"self":[{"href":"https:\/\/lesaintlaurentvape.com\/en\/wp-json\/wp\/v2\/product\/103384\/"}],"collection":[{"href":"https:\/\/lesaintlaurentvape.com\/en\/wp-json\/wp\/v2\/product\/"}],"about":[{"href":"https:\/\/lesaintlaurentvape.com\/en\/wp-json\/wp\/v2\/types\/product\/"}],"replies":[{"embeddable":true,"href":"https:\/\/lesaintlaurentvape.com\/en\/wp-json\/wp\/v2\/comments\/?post=103384"}],"wp:featuredmedia":[{"embeddable":true,"href":"https:\/\/lesaintlaurentvape.com\/en\/wp-json\/wp\/v2\/media\/77803\/"}],"wp:attachment":[{"href":"https:\/\/lesaintlaurentvape.com\/en\/wp-json\/wp\/v2\/media\/?parent=103384"}],"wp:term":[{"taxonomy":"marques","embeddable":true,"href":"https:\/\/lesaintlaurentvape.com\/en\/wp-json\/wp\/v2\/marques\/?post=103384"}],"curies":[{"name":"wp","href":"https:\/\/api.w.org\/{rel}","templated":true}]}}