{"id":103364,"date":"2020-08-10T18:00:34","date_gmt":"2020-08-10T16:00:34","guid":{"rendered":"https:\/\/lesaintlaurentvape.com\/produit\/vaporesso-gtx-22-tank-35ml\/"},"modified":"2020-10-31T21:22:16","modified_gmt":"2020-10-31T20:22:16","slug":"vaporesso-gtx-22-tank-35ml","status":"publish","type":"product","link":"https:\/\/lesaintlaurentvape.com\/en\/produit\/vaporesso-gtx-22-tank-35ml\/","title":{"rendered":"Vaporesso &#8211; GTX 22 Tank (3,5ml)"},"content":{"rendered":"<p style=\"text-align: center;\"><span style=\"text-decoration: underline; font-size: 24pt;\"><strong>DESCRIPTION D\u00c9TAILL\u00c9E :<\/strong><\/span><\/p>\n<p>&nbsp;<\/p>\n<p><img loading=\"lazy\" class=\"aligncenter\" src=\"https:\/\/dscvape.com\/wp-content\/uploads\/2020\/08\/GTX-One-Tank-22.png\" alt=\"\" width=\"423\" height=\"350\" \/><\/p>\n<p>&nbsp;<\/p>\n<p style=\"text-align: center;\"><span style=\"text-decoration: underline; font-size: 18pt;\"><strong>GTX 22 et R\u00e9sistance GTX Mesh<\/strong><\/span><\/p>\n<p style=\"text-align: center;\">Vaporesso pr\u00e9sente son atomiseur GTX 22 avec une contenance de 3,5ml. Ce r\u00e9servoir se remplit par le haut en d\u00e9vissant le top cap pour acc\u00e9der au trou de remplissage. Attention \u00e0 bien remplir sur les c\u00f4t\u00e9s du r\u00e9servoir et non au centre.<\/p>\n<p><img loading=\"lazy\" class=\"wp-image-42402 aligncenter\" src=\"https:\/\/dscvape.com\/wp-content\/uploads\/2020\/08\/Vaporesso-GTX-22-tank-remplissage.png\" alt=\"\" width=\"436\" height=\"270\" \/><\/p>\n<p style=\"text-align: center;\">De plus, il est \u00e9quip\u00e9 d&#8217;un syst\u00e8me de flux d&#8217;air ajustable en faisant pivoter la bague amovible situ\u00e9e sur sa partie inf\u00e9rieure. Vous pourrez b\u00e9n\u00e9ficier d&#8217;un tirage plus ou moins serr\u00e9 \u00e0 r\u00e9gler selon vos pr\u00e9f\u00e9rences.<\/p>\n<p>&nbsp;<\/p>\n<p style=\"text-align: center;\"><span style=\"text-decoration: underline;\"><strong><span style=\"font-size: 18pt;\">Les r\u00e9sistances GTX<\/span><\/strong><\/span><\/p>\n<p style=\"text-align: center;\">Le GTX 22 est livr\u00e9 avec deux r\u00e9sistances GTX Mesh en 0,2ohm et 0,6ohm mais il est aussi compatible avec toutes les r\u00e9sistances de la s\u00e9rie GTX de Vaporesso.<\/p>\n<p><img loading=\"lazy\" class=\" wp-image-42398 aligncenter\" src=\"https:\/\/dscvape.com\/wp-content\/uploads\/2020\/08\/Vaporesso-GTX-One-R\u00e9sistance-GTX-1.png\" alt=\"\" width=\"416\" height=\"255\" \/><\/p>\n<p style=\"text-align: center;\">Pour plus de simplicit\u00e9, le changement de r\u00e9sistance se fera par le bas en d\u00e9vissant vers la bague de l&#8217;airflow. Il suffira simplement apr\u00e8s de faire coulisser la r\u00e9sistance et d&#8217;y installer la nouvelle r\u00e9sistance.<\/p>\n<p><img loading=\"lazy\" class=\"wp-image-42420 aligncenter\" src=\"https:\/\/dscvape.com\/wp-content\/uploads\/2020\/08\/Vaporesso-GTX-22-Resistance.png\" alt=\"\" width=\"500\" height=\"157\" \/><\/p>\n<p style=\"text-align: center;\">Attention, peu importe l\u2019appareil, il est tr\u00e8s important de faire l\u2019amor\u00e7age de la r\u00e9sistance. Rappel : Etant donn\u00e9 qu\u2019une r\u00e9sistance est compos\u00e9e de coton, lors de la premi\u00e8re utilisation (ou lorsque vous changez de r\u00e9sistance) celle-ci est compl\u00e8tement sec. Il faut donc laisser baigner la r\u00e9sistance dans le liquide apr\u00e8s le remplissage plusieurs minutes (environ 10-15min) pour \u00e9viter que celle-ci ne br\u00fble pr\u00e9matur\u00e9ment n\u2019\u00e9tant pas imbib\u00e9e de liquide lors que l\u2019appareil la chauffe.<\/p>\n<p>&nbsp;<\/p>\n","protected":false},"excerpt":{"rendered":"<p>Apr\u00e8s le GTX 18, Vaporesso d\u00e9voile le GTX 22. Il dispose de dimensions de 49,4 x 22mm et ira ainsi \u00e0 la plus grande majorit\u00e9 des box disponibles sur le march\u00e9.<\/p>\n<p>Compos\u00e9 d&#8217;un r\u00e9servoir de 3,5ml, il se remplit par le haut. Son airflow est \u00e9videmment r\u00e9glable et permettra d&#8217;obtenir un tirage a\u00e9rien parfum\u00e9 en saveurs. Ce clearomiseur est compatible avec toutes les r\u00e9sistances de la s\u00e9rie GTX de Vaporesso, ce qui laisse un vaste choix pour trouver la vape qui vous convient.<\/p>\n","protected":false},"featured_media":77763,"comment_status":"closed","ping_status":"closed","template":"","meta":[],"marques":[7545],"bundle_layout":"","bundled_by":[],"bundled_items":[],"supplier_id":null,"supplier_sku":"","atum_controlled":true,"out_stock_date":null,"out_stock_threshold":null,"inheritable":false,"inbound_stock":null,"stock_on_hold":null,"sold_today":null,"sales_last_days":null,"reserved_stock":null,"customer_returns":null,"warehouse_damage":null,"lost_in_post":null,"other_logs":null,"out_stock_days":null,"lost_sales":null,"has_location":null,"update_date":null,"atum_locations":[],"atum_stock_status":"instock","low_stock":false,"mi_inventories":[],"multi_inventory":null,"inventory_sorting_mode":null,"inventory_iteration":null,"expirable_inventories":null,"price_per_inventory":null,"_links":{"self":[{"href":"https:\/\/lesaintlaurentvape.com\/en\/wp-json\/wp\/v2\/product\/103364\/"}],"collection":[{"href":"https:\/\/lesaintlaurentvape.com\/en\/wp-json\/wp\/v2\/product\/"}],"about":[{"href":"https:\/\/lesaintlaurentvape.com\/en\/wp-json\/wp\/v2\/types\/product\/"}],"replies":[{"embeddable":true,"href":"https:\/\/lesaintlaurentvape.com\/en\/wp-json\/wp\/v2\/comments\/?post=103364"}],"wp:featuredmedia":[{"embeddable":true,"href":"https:\/\/lesaintlaurentvape.com\/en\/wp-json\/wp\/v2\/media\/77763\/"}],"wp:attachment":[{"href":"https:\/\/lesaintlaurentvape.com\/en\/wp-json\/wp\/v2\/media\/?parent=103364"}],"wp:term":[{"taxonomy":"marques","embeddable":true,"href":"https:\/\/lesaintlaurentvape.com\/en\/wp-json\/wp\/v2\/marques\/?post=103364"}],"curies":[{"name":"wp","href":"https:\/\/api.w.org\/{rel}","templated":true}]}}