{"id":103360,"date":"2020-08-10T17:49:34","date_gmt":"2020-08-10T15:49:34","guid":{"rendered":"https:\/\/lesaintlaurentvape.com\/produit\/vaporesso-gtx-18-tank-3ml\/"},"modified":"2020-10-31T21:22:03","modified_gmt":"2020-10-31T20:22:03","slug":"vaporesso-gtx-18-tank-3ml","status":"publish","type":"product","link":"https:\/\/lesaintlaurentvape.com\/en\/produit\/vaporesso-gtx-18-tank-3ml\/","title":{"rendered":"Vaporesso &#8211; GTX 18 Tank (3ml)"},"content":{"rendered":"<h1 style=\"text-align: center;\"><span style=\"text-decoration: underline; font-size: 24pt;\"><strong>DESCRIPTION D\u00c9TAILL\u00c9E :<\/strong><\/span><\/h1>\n<p>&nbsp;<\/p>\n<p><img loading=\"lazy\" class=\"aligncenter\" src=\"https:\/\/dscvape.com\/wp-content\/uploads\/2020\/08\/Tank-18.png-d\u00e9tails.png\" alt=\"\" width=\"288\" height=\"333\" \/><\/p>\n<p style=\"text-align: center;\"><span style=\"font-size: 18.6667px;\"><b><u>Remplir le GTX 18<\/u><\/b><\/span><\/p>\n<p style=\"text-align: center;\">Vaporesso pr\u00e9sente son atomiseur GTX 18. Le GTX 18 propose une capacit\u00e9 de 3ml. Ce r\u00e9servoir se remplit par le haut de l&#8217;atomiseur en d\u00e9vissant le top cap. Attention \u00e0 mettre le liquide tout autour du r\u00e9servoir et non au centre.<\/p>\n<p><img loading=\"lazy\" class=\"wp-image-42400 aligncenter\" src=\"https:\/\/dscvape.com\/wp-content\/uploads\/2020\/08\/Vaporesso-GTX-One-Remplissage-1.png\" alt=\"\" width=\"500\" height=\"270\" \/><\/p>\n<p style=\"text-align: center;\">De plus, il est \u00e9quip\u00e9 d&#8217;un syst\u00e8me de flux d&#8217;air ajustable en faisant pivoter la bague amovible situ\u00e9e sur sa partie inf\u00e9rieure.<\/p>\n<p><img loading=\"lazy\" class=\" wp-image-42396 aligncenter\" src=\"https:\/\/dscvape.com\/wp-content\/uploads\/2020\/08\/Air-Flow.png\" alt=\"\" width=\"454\" height=\"229\" \/><\/p>\n<p>&nbsp;<\/p>\n<p style=\"text-align: center;\"><span style=\"text-decoration: underline; font-size: 14pt;\"><strong>Les r\u00e9sistances GTX<\/strong><\/span><\/p>\n<p style=\"text-align: center;\">Le GTX 18 fonctionne avec les r\u00e9sistances GTX Mesh d&#8217;une valeur de 0.8ohm et 1.2ohm livr\u00e9es dans le kit.<\/p>\n<p><img loading=\"lazy\" class=\" wp-image-42398 aligncenter\" src=\"https:\/\/dscvape.com\/wp-content\/uploads\/2020\/08\/Vaporesso-GTX-One-R\u00e9sistance-GTX-1.png\" alt=\"\" width=\"434\" height=\"266\" \/><\/p>\n<p>&nbsp;<\/p>\n<p style=\"text-align: center;\">Attention, peu importe l\u2019appareil, il est tr\u00e8s important de faire l\u2019amor\u00e7age de la r\u00e9sistance. Rappel : Etant donn\u00e9 qu\u2019une r\u00e9sistance est compos\u00e9e de coton, lors de la premi\u00e8re utilisation (ou lorsque vous changez de r\u00e9sistance) celle-ci est compl\u00e8tement sec. Il faut donc laisser baigner la r\u00e9sistance dans le liquide apr\u00e8s le remplissage plusieurs minutes (environ 10-15min) pour \u00e9viter que celle-ci ne br\u00fble pr\u00e9matur\u00e9ment n\u2019\u00e9tant pas imbib\u00e9e de liquide lors que l\u2019appareil la chauffe.<\/p>\n","protected":false},"excerpt":{"rendered":"<p>Le\u00a0<strong>GTX 18 de Vaporesso<\/strong> est clearomiseur sp\u00e9cialement con\u00e7u et d\u00e9di\u00e9 \u00e0 la vape \u00e0 tirage serr\u00e9 ou a\u00e9rien restreint. Le <strong>GTX 18<\/strong> b\u00e9n\u00e9ficie des <strong>r\u00e9sistances<\/strong> <strong>GTX<\/strong> pour une vape tout en saveur. De plus, il dispose d&#8217;un r\u00e9servoir de 3ml ainsi qu&#8217;un airflow r\u00e9glable \u00e0 ajuster pour un tirage tr\u00e8s serr\u00e9 \u00e0 un tirage plus a\u00e9rien.<\/p>\n","protected":false},"featured_media":77755,"comment_status":"closed","ping_status":"closed","template":"","meta":[],"marques":[7545],"bundle_layout":"","bundled_by":[],"bundled_items":[],"supplier_id":null,"supplier_sku":"","atum_controlled":true,"out_stock_date":null,"out_stock_threshold":null,"inheritable":false,"inbound_stock":null,"stock_on_hold":null,"sold_today":null,"sales_last_days":null,"reserved_stock":null,"customer_returns":null,"warehouse_damage":null,"lost_in_post":null,"other_logs":null,"out_stock_days":null,"lost_sales":null,"has_location":null,"update_date":null,"atum_locations":[],"atum_stock_status":"instock","low_stock":false,"mi_inventories":[],"multi_inventory":null,"inventory_sorting_mode":null,"inventory_iteration":null,"expirable_inventories":null,"price_per_inventory":null,"_links":{"self":[{"href":"https:\/\/lesaintlaurentvape.com\/en\/wp-json\/wp\/v2\/product\/103360\/"}],"collection":[{"href":"https:\/\/lesaintlaurentvape.com\/en\/wp-json\/wp\/v2\/product\/"}],"about":[{"href":"https:\/\/lesaintlaurentvape.com\/en\/wp-json\/wp\/v2\/types\/product\/"}],"replies":[{"embeddable":true,"href":"https:\/\/lesaintlaurentvape.com\/en\/wp-json\/wp\/v2\/comments\/?post=103360"}],"wp:featuredmedia":[{"embeddable":true,"href":"https:\/\/lesaintlaurentvape.com\/en\/wp-json\/wp\/v2\/media\/77755\/"}],"wp:attachment":[{"href":"https:\/\/lesaintlaurentvape.com\/en\/wp-json\/wp\/v2\/media\/?parent=103360"}],"wp:term":[{"taxonomy":"marques","embeddable":true,"href":"https:\/\/lesaintlaurentvape.com\/en\/wp-json\/wp\/v2\/marques\/?post=103360"}],"curies":[{"name":"wp","href":"https:\/\/api.w.org\/{rel}","templated":true}]}}