{"id":103343,"date":"2020-08-10T09:31:58","date_gmt":"2020-08-10T07:31:58","guid":{"rendered":"https:\/\/lesaintlaurentvape.com\/produit\/vaporesso-gtx-one-kit\/"},"modified":"2020-10-31T21:23:11","modified_gmt":"2020-10-31T20:23:11","slug":"vaporesso-gtx-one-kit","status":"publish","type":"product","link":"https:\/\/lesaintlaurentvape.com\/en\/produit\/vaporesso-gtx-one-kit\/","title":{"rendered":"Vaporesso &#8211; GTX One Kit"},"content":{"rendered":"<h1 style=\"text-align: center;\"><b>DESCRIPTION D\u00c9TAILL\u00c9E:<a href=\"https:\/\/dscvape.com\/wp-content\/uploads\/2020\/08\/GTX-One-Description.png\"><img loading=\"lazy\" class=\"aligncenter size-full wp-image-41968\" src=\"https:\/\/dscvape.com\/wp-content\/uploads\/2020\/08\/GTX-One-Description.png\" alt=\"\" width=\"700\" height=\"700\" \/><\/a><\/b><\/h1>\n<p style=\"text-align: center;\"><span style=\"text-decoration: underline; font-size: 18pt;\"><strong>Remplissage par le haut simplifi\u00e9<\/strong><\/span><\/p>\n<p style=\"text-align: center;\">Le kit est compos\u00e9 d&#8217;un atomiseur <strong>GTX Tank 18\u00a0<\/strong>de <strong>3 ml<\/strong>. Son remplissage se fait simplement par le haut en d\u00e9vissant le top cap. Attention, le remplissage se fait sur les c\u00f4t\u00e9s du r\u00e9servoir et non dans le trou au centre, sinon risque de remont\u00e9es de liquides vers le drip tip.<\/p>\n<p><a href=\"https:\/\/dscvape.com\/wp-content\/uploads\/2020\/08\/Vaporesso-GTX-One-Remplissage.png\"><img loading=\"lazy\" class=\"aligncenter wp-image-41960\" src=\"https:\/\/dscvape.com\/wp-content\/uploads\/2020\/08\/Vaporesso-GTX-One-Remplissage.png\" alt=\"\" width=\"590\" height=\"319\" \/><\/a><\/p>\n<p>&nbsp;<\/p>\n<p style=\"text-align: center;\"><span style=\"text-decoration: underline; font-size: 18pt;\"><strong>Les r\u00e9sistances GTX<\/strong><\/span><\/p>\n<p style=\"text-align: center;\">Le kit GTX One fonctionne avec les <strong>r\u00e9sistances GTX de Vaporesso\u00a0<\/strong>et est livr\u00e9 avec deux r\u00e9sistances GTX Mesh en 0,8ohm et 1,2ohm.<\/p>\n<p>&nbsp;<\/p>\n<p><a href=\"https:\/\/dscvape.com\/wp-content\/uploads\/2020\/08\/Vaporesso-GTX-One-R\u00e9sistance-GTX.png\"><img loading=\"lazy\" class=\"aligncenter wp-image-41964\" src=\"https:\/\/dscvape.com\/wp-content\/uploads\/2020\/08\/Vaporesso-GTX-One-R\u00e9sistance-GTX.png\" alt=\"\" width=\"557\" height=\"341\" \/><\/a><\/p>\n<p>&nbsp;<\/p>\n<p style=\"text-align: center;\"><span style=\"font-size: 18pt;\"><strong><span style=\"text-decoration: underline;\">Changement de r\u00e9sistance et r\u00e9glage de l&#8217;airflow<\/span><\/strong><\/span><\/p>\n<p style=\"text-align: center;\">Apr\u00e8s avoir d\u00e9viss\u00e9 le clearomiseur de la box, retournez celui-ci t\u00eate en bas, d\u00e9vissez le bottom cap et enlevez la r\u00e9sistance usag\u00e9e en la faisant coulisser.<\/p>\n<p style=\"text-align: center;\">Avec les r\u00e9sistances GTX fournies dans ce kit, nous vous conseillons d&#8217;utiliser des e-liquides comportant au maximum 50% de <span class=\"definition-btn\">VG<\/span> ou bien des e-liquides de type <span class=\"definition-btn\">sel<\/span>\u00a0de nicotine.<\/p>\n<p style=\"text-align: center;\">Pour obtenir un tirage plus ou moins serr\u00e9, faites coulisser la bague d&#8217;airflow situ\u00e9e au niveau du bottom cap.<\/p>\n<p><a href=\"https:\/\/dscvape.com\/wp-content\/uploads\/2020\/08\/Vaporesso-GTX-one-Changer-r\u00e9sistance.png\"><img loading=\"lazy\" class=\"aligncenter wp-image-41962\" src=\"https:\/\/dscvape.com\/wp-content\/uploads\/2020\/08\/Vaporesso-GTX-one-Changer-r\u00e9sistance.png\" alt=\"\" width=\"116\" height=\"318\" \/><\/a><\/p>\n<p style=\"text-align: center;\">Attention, peu importe l\u2019appareil, il est tr\u00e8s important de faire l\u2019amor\u00e7age de la r\u00e9sistance.<\/p>\n<p style=\"text-align: center;\"><span style=\"text-decoration: underline;\"><strong>Rappel :<\/strong><\/span> Etant donn\u00e9 qu\u2019une r\u00e9sistance est compos\u00e9e de coton, lors de la premi\u00e8re utilisation (ou lorsque vous changez de r\u00e9sistance) celle-ci est compl\u00e8tement sec. Il faut donc laisser baigner la r\u00e9sistance dans le liquide apr\u00e8s le remplissage plusieurs minutes (environ 10-15min) pour \u00e9viter que celle-ci ne br\u00fble pr\u00e9matur\u00e9ment n\u2019\u00e9tant pas imbib\u00e9e de liquide lors que l\u2019appareil la chauffe.<\/p>\n<p>&nbsp;<\/p>\n<p style=\"text-align: center;\"><span style=\"text-decoration: underline; font-size: 18pt;\"><strong>Box GTX One\u00a0<\/strong><\/span><\/p>\n<p style=\"text-align: center;\">Le kit GTX One est <strong>simple \u00e0 prendre en main pour un d\u00e9butant<\/strong>. Il pourra atteindre jusqu&#8217;\u00e0 <strong>40W de puissance,<\/strong>\u00a0r\u00e9glable via l&#8217;\u00e9cran OLED de 0,69&#8243; et les deux boutons &#8220;+&#8221; et &#8220;-&#8220;. Compos\u00e9 d&#8217;une batterie int\u00e9gr\u00e9e de 2000 mAh, permettant d&#8217;avoir une excellente autonomie pour toute la journ\u00e9e. Le rechargement se fera rapidement gr\u00e2ce au port micro-USB type-C fourni dans le kit.<\/p>\n<p class=\"p1\"><a href=\"https:\/\/dscvape.com\/wp-content\/uploads\/2020\/08\/Vaporesso-GTX-One-box.png\"><img loading=\"lazy\" class=\"aligncenter wp-image-41966\" src=\"https:\/\/dscvape.com\/wp-content\/uploads\/2020\/08\/Vaporesso-GTX-One-box.png\" alt=\"\" width=\"389\" height=\"369\" \/><\/a><\/p>\n","protected":false},"excerpt":{"rendered":"<p>GTX ONE est un kit fait pour les amateurs d&#8217;appareil de type MTL. \u00c9quip\u00e9 de r\u00e9sistances GTX, on a un excellent rendu de saveur alli\u00e9 \u00e0 une vape a\u00e9rienne. Par\u00e9 d&#8217;une puissance r\u00e9glable jusqu\u2019\u00e0 40W ainsi qu&#8217;avec son mode smart VW, la box GTX ONE offre une exp\u00e9rience de vape impressionnante.<\/p>\n<p>Sa batterie int\u00e9gr\u00e9e de 2000mAh garantit une plus grande autonomie ainsi qu&#8217;une recharge facile et rapide. La GTX ONE est la seule \u00e0 s&#8217;adapter parfaitement \u00e0 toutes sortes d&#8217;exploration des saveurs.<\/p>\n<p><a href=\"https:\/\/dscvape.com\/wp-content\/uploads\/2020\/08\/Vaporesso-\u2013-GTX-One-Kit-1.pdf\">Vaporesso \u2013 GTX One Kit<\/a><\/p>\n","protected":false},"featured_media":77715,"comment_status":"closed","ping_status":"closed","template":"","meta":[],"marques":[7545],"bundle_layout":"","bundled_by":[],"bundled_items":[],"supplier_id":null,"supplier_sku":"","atum_controlled":true,"out_stock_date":null,"out_stock_threshold":null,"inheritable":false,"inbound_stock":null,"stock_on_hold":null,"sold_today":null,"sales_last_days":null,"reserved_stock":null,"customer_returns":null,"warehouse_damage":null,"lost_in_post":null,"other_logs":null,"out_stock_days":null,"lost_sales":null,"has_location":null,"update_date":null,"atum_locations":[],"atum_stock_status":"instock","low_stock":false,"mi_inventories":[],"multi_inventory":null,"inventory_sorting_mode":null,"inventory_iteration":null,"expirable_inventories":null,"price_per_inventory":null,"_links":{"self":[{"href":"https:\/\/lesaintlaurentvape.com\/en\/wp-json\/wp\/v2\/product\/103343\/"}],"collection":[{"href":"https:\/\/lesaintlaurentvape.com\/en\/wp-json\/wp\/v2\/product\/"}],"about":[{"href":"https:\/\/lesaintlaurentvape.com\/en\/wp-json\/wp\/v2\/types\/product\/"}],"replies":[{"embeddable":true,"href":"https:\/\/lesaintlaurentvape.com\/en\/wp-json\/wp\/v2\/comments\/?post=103343"}],"wp:featuredmedia":[{"embeddable":true,"href":"https:\/\/lesaintlaurentvape.com\/en\/wp-json\/wp\/v2\/media\/77715\/"}],"wp:attachment":[{"href":"https:\/\/lesaintlaurentvape.com\/en\/wp-json\/wp\/v2\/media\/?parent=103343"}],"wp:term":[{"taxonomy":"marques","embeddable":true,"href":"https:\/\/lesaintlaurentvape.com\/en\/wp-json\/wp\/v2\/marques\/?post=103343"}],"curies":[{"name":"wp","href":"https:\/\/api.w.org\/{rel}","templated":true}]}}