{"id":103331,"date":"2020-08-09T14:10:44","date_gmt":"2020-08-09T12:10:44","guid":{"rendered":"https:\/\/lesaintlaurentvape.com\/produit\/visiere-de-protection-avec-lunette-sans-verres-taille-enfant\/"},"modified":"2020-10-31T21:21:20","modified_gmt":"2020-10-31T20:21:20","slug":"visiere-de-protection-avec-lunette-sans-verres-taille-enfant","status":"publish","type":"product","link":"https:\/\/lesaintlaurentvape.com\/en\/produit\/visiere-de-protection-avec-lunette-sans-verres-taille-enfant\/","title":{"rendered":"Visi\u00e8re de protection avec lunette sans verres (par 10)"},"content":{"rendered":"<p style=\"text-align: center;\"><img loading=\"lazy\" class=\"alignnone size-full wp-image-41491\" src=\"https:\/\/dscvape.com\/wp-content\/uploads\/2020\/08\/visi\u00e8re-lunette-d\u00e9mont\u00e9e.png\" alt=\"\" width=\"800\" height=\"282\" \/><\/p>\n<p>&nbsp;<\/p>\n<p style=\"text-align: center;\"><span style=\"font-size: 18pt;\">MODE D\u2019UTILISATION<\/span><\/p>\n<p style=\"text-align: center;\"><span style=\"font-size: 18pt;\">Soulever le fermoir afin d\u2019y\u00a0ins\u00e9rer la visi\u00e8re. Faire de m\u00eame de l\u2019autre c\u00f4t\u00e9.<\/span><\/p>\n<p style=\"text-align: center;\"><img loading=\"lazy\" class=\"alignnone wp-image-41493\" src=\"https:\/\/dscvape.com\/wp-content\/uploads\/2020\/08\/WeChat-Image_20200512184153.png\" alt=\"\" width=\"397\" height=\"160\" \/><img loading=\"lazy\" class=\"alignnone wp-image-41495\" src=\"https:\/\/dscvape.com\/wp-content\/uploads\/2020\/08\/WeChat-Image_20200512184201.png\" alt=\"\" width=\"234\" height=\"160\" \/><\/p>\n","protected":false},"excerpt":{"rendered":"<p>Visi\u00e8re de protection pour enfant enti\u00e8rement transparente. Protection optimale du visage. Anti-postillons support lunette sans verre pour une mise en place facilit\u00e9e.<\/p>\n<p>Existe en bleu, vert et rose.<\/p>\n<p>Vendu par 10<\/p>\n","protected":false},"featured_media":103332,"comment_status":"closed","ping_status":"closed","template":"","meta":[],"marques":[],"bundle_layout":"","bundled_by":[],"bundled_items":[],"supplier_id":null,"supplier_sku":"","atum_controlled":true,"out_stock_date":null,"out_stock_threshold":null,"inheritable":false,"inbound_stock":null,"stock_on_hold":null,"sold_today":null,"sales_last_days":null,"reserved_stock":null,"customer_returns":null,"warehouse_damage":null,"lost_in_post":null,"other_logs":null,"out_stock_days":null,"lost_sales":null,"has_location":null,"update_date":null,"atum_locations":[],"atum_stock_status":"instock","low_stock":false,"mi_inventories":[688],"multi_inventory":null,"inventory_sorting_mode":null,"inventory_iteration":null,"expirable_inventories":null,"price_per_inventory":null,"_links":{"self":[{"href":"https:\/\/lesaintlaurentvape.com\/en\/wp-json\/wp\/v2\/product\/103331\/"}],"collection":[{"href":"https:\/\/lesaintlaurentvape.com\/en\/wp-json\/wp\/v2\/product\/"}],"about":[{"href":"https:\/\/lesaintlaurentvape.com\/en\/wp-json\/wp\/v2\/types\/product\/"}],"replies":[{"embeddable":true,"href":"https:\/\/lesaintlaurentvape.com\/en\/wp-json\/wp\/v2\/comments\/?post=103331"}],"wp:featuredmedia":[{"embeddable":true,"href":"https:\/\/lesaintlaurentvape.com\/en\/wp-json\/wp\/v2\/media\/103332\/"}],"wp:attachment":[{"href":"https:\/\/lesaintlaurentvape.com\/en\/wp-json\/wp\/v2\/media\/?parent=103331"}],"wp:term":[{"taxonomy":"marques","embeddable":true,"href":"https:\/\/lesaintlaurentvape.com\/en\/wp-json\/wp\/v2\/marques\/?post=103331"}],"curies":[{"name":"wp","href":"https:\/\/api.w.org\/{rel}","templated":true}]}}