{"id":103297,"date":"2020-06-29T11:32:00","date_gmt":"2020-06-29T09:32:00","guid":{"rendered":"https:\/\/lesaintlaurentvape.com\/produit\/distributeur-de-desinfectant-automatique-sans-contact\/"},"modified":"2020-10-31T21:20:33","modified_gmt":"2020-10-31T20:20:33","slug":"distributeur-de-desinfectant-automatique-sans-contact","status":"publish","type":"product","link":"https:\/\/lesaintlaurentvape.com\/en\/produit\/distributeur-de-desinfectant-automatique-sans-contact\/","title":{"rendered":"Distributeur de d\u00e9sinfectant automatique sans contact"},"content":{"rendered":"<p style=\"text-align: center;\"><span style=\"font-family: 'times new roman', times, serif; font-size: 24pt;\">DESCRIPTION<\/span><br \/>\n<img loading=\"lazy\" class=\" wp-image-36690 aligncenter\" src=\"https:\/\/dscvape.com\/wp-content\/uploads\/2020\/06\/Description-soap.png\" alt=\"\" width=\"1003\" height=\"609\" \/><\/p>\n<p>&nbsp;<\/p>\n<p>&nbsp;<\/p>\n<p>&nbsp;<\/p>\n<p style=\"text-align: center;\"><span style=\"font-family: 'times new roman', times, serif; font-size: 24pt;\">INSTRUCTION<\/span><\/p>\n<p style=\"text-align: center;\">Presser le haut du distributeur \u00e0 l&#8217;aide de la clef fournie afin d&#8217;ouvrir le capot et avoir ainsi acc\u00e8s aux boutons de r\u00e9glages.<img loading=\"lazy\" class=\" wp-image-37098 aligncenter\" src=\"https:\/\/dscvape.com\/wp-content\/uploads\/2020\/06\/WeChat-Image_20200711164219-2.png\" alt=\"\" width=\"742\" height=\"485\" \/><\/p>\n<p style=\"text-align: center;\">Pour allumer\/\u00e9teindre l&#8217;appareil, pressez le bouton ON\/OFF.\u00a0 ( LED Rouge : ON \/ LED Vert : OFF )<\/p>\n<p style=\"text-align: center;\">Vous pouvez choisir la quantit\u00e9 de dose \u00e0 chaque utilisation :<\/p>\n<ul style=\"text-align: center;\">\n<li>\u00a0 Une dose de 0.8 ml (Une lumi\u00e8re verte clignotera <span style=\"text-decoration: underline;\">une fois<\/span> pour vous indiquer que le signal est bien re\u00e7u. )<\/li>\n<li>\u00a0Une dose de 1.6 ml ( Une lumi\u00e8re verte clignotera cette fois-ci <span style=\"text-decoration: underline;\">deux fois<\/span> pour vous indiquer que le signal est bien re\u00e7u.)<\/li>\n<\/ul>\n<p>&nbsp;<\/p>\n<p style=\"text-align: center;\">Pour fonctionner, le couvercle du distributeur doit \u00eatre imp\u00e9rativement fermer. De ce fait, veuillez bien fermer le couvercle apr\u00e8s avoir ajouter le liquide.<\/p>\n<p>&nbsp;<\/p>\n<p style=\"text-align: center;\">______________________________________________________________________________________________________________<\/p>\n<p style=\"text-align: center;\"><span style=\"font-family: 'times new roman', times, serif; font-size: 24pt;\">INSTRUCTION LED<\/span><\/p>\n<p>&nbsp;<\/p>\n<table style=\"border-collapse: collapse; width: 100%; height: 48px;\">\n<tbody>\n<tr style=\"height: 24px;\">\n<td style=\"width: 50.0646%; height: 24px;\">Batterie faible<\/td>\n<td style=\"width: 49.9354%; height: 24px;\">Clignotement Rouge<\/td>\n<\/tr>\n<tr style=\"height: 24px;\">\n<td style=\"width: 50.0646%; height: 24px;\">Batterie tr\u00e8s faible<\/td>\n<td style=\"width: 49.9354%; height: 24px;\">Clignotement alternative Rouge et Verte<\/td>\n<\/tr>\n<\/tbody>\n<\/table>\n<table style=\"width: 100%; height: 72px;\">\n<tbody>\n<tr style=\"height: 24px;\">\n<td style=\"width: 50%; height: 24px;\">D\u00e9tection d&#8217;obstacles (\u00a0 Encrassement, batterie faible, niveau de liquide faible &#8230; )<\/td>\n<td style=\"width: 50%; height: 24px;\">Clignotement alternative Rouge et Verte<\/td>\n<\/tr>\n<tr style=\"height: 24px;\">\n<td style=\"width: 50%; height: 24px;\">Obstacle en dessous du distributeur<\/td>\n<td style=\"width: 50%; height: 24px;\">Clignotement Vert continu<\/td>\n<\/tr>\n<\/tbody>\n<\/table>\n<table style=\"border-collapse: collapse; width: 100%; height: 48px;\">\n<tbody>\n<tr style=\"height: 24px;\">\n<td style=\"width: 50.0646%; height: 24px;\">Batterie faible<\/td>\n<td style=\"width: 49.9354%; height: 24px;\">Clignotement Rouge<\/td>\n<\/tr>\n<tr style=\"height: 24px;\">\n<td style=\"width: 50.0646%; height: 24px;\">Batterie tr\u00e8s faible<\/td>\n<td style=\"width: 49.9354%; height: 24px;\">Clignotement alternative Rouge et Verte<\/td>\n<\/tr>\n<\/tbody>\n<\/table>\n","protected":false},"excerpt":{"rendered":"<p>Distributeur de d\u00e9sinfectant automatique sans contact pouvant contenir jusqu&#8217;\u00e0 1000ml de liquide. ( Savon,\u00a0 shampoing, Gel douche, d\u00e9sinfectant &#8230; )<\/p>\n","protected":false},"featured_media":77705,"comment_status":"closed","ping_status":"closed","template":"","meta":[],"marques":[],"bundle_layout":"","bundled_by":[],"bundled_items":[],"supplier_id":null,"supplier_sku":"","atum_controlled":true,"out_stock_date":null,"out_stock_threshold":null,"inheritable":false,"inbound_stock":0,"stock_on_hold":0,"sold_today":0,"sales_last_days":0,"reserved_stock":0,"customer_returns":0,"warehouse_damage":0,"lost_in_post":0,"other_logs":0,"out_stock_days":0,"lost_sales":0,"has_location":false,"update_date":"2021-03-25T11:18:03","atum_locations":[],"atum_stock_status":"instock","low_stock":false,"mi_inventories":[358],"multi_inventory":null,"inventory_sorting_mode":null,"inventory_iteration":null,"expirable_inventories":null,"price_per_inventory":null,"_links":{"self":[{"href":"https:\/\/lesaintlaurentvape.com\/en\/wp-json\/wp\/v2\/product\/103297\/"}],"collection":[{"href":"https:\/\/lesaintlaurentvape.com\/en\/wp-json\/wp\/v2\/product\/"}],"about":[{"href":"https:\/\/lesaintlaurentvape.com\/en\/wp-json\/wp\/v2\/types\/product\/"}],"replies":[{"embeddable":true,"href":"https:\/\/lesaintlaurentvape.com\/en\/wp-json\/wp\/v2\/comments\/?post=103297"}],"wp:featuredmedia":[{"embeddable":true,"href":"https:\/\/lesaintlaurentvape.com\/en\/wp-json\/wp\/v2\/media\/77705\/"}],"wp:attachment":[{"href":"https:\/\/lesaintlaurentvape.com\/en\/wp-json\/wp\/v2\/media\/?parent=103297"}],"wp:term":[{"taxonomy":"marques","embeddable":true,"href":"https:\/\/lesaintlaurentvape.com\/en\/wp-json\/wp\/v2\/marques\/?post=103297"}],"curies":[{"name":"wp","href":"https:\/\/api.w.org\/{rel}","templated":true}]}}