{"id":103291,"date":"2020-06-28T12:52:30","date_gmt":"2020-06-28T10:52:30","guid":{"rendered":"https:\/\/lesaintlaurentvape.com\/produit\/geekvape-resistance-zeus-mesh\/"},"modified":"2020-10-31T21:20:29","modified_gmt":"2020-10-31T20:20:29","slug":"geekvape-resistance-zeus-mesh","status":"publish","type":"product","link":"https:\/\/lesaintlaurentvape.com\/en\/produit\/geekvape-resistance-zeus-mesh\/","title":{"rendered":"GEEKVAPE &#8211; R\u00e9sistances Zeus Mesh"},"content":{"rendered":"<p>La marque Geekvape propose principalement des produits d\u00e9di\u00e9s aux vapoteurs exp\u00e9riment\u00e9s mais sait aussi toucher les primo-vapoteurs.<\/p>\n<p>Depuis 2015, Geekvape a su se faire une place dans le monde de la vape gr\u00e2ce \u00e0 ses produits de qualit\u00e9 : Box, appareils, fils r\u00e9sistifs, atomiseurs, atomiseurs reconstructibles, coton etc.<\/p>\n","protected":false},"excerpt":{"rendered":"<p>Les r\u00e9sistances ZEUS MESH sont des r\u00e9sistances compatibles avec le clearomiseur Zeus sub ohm tank de chez Geekvape.<\/p>\n<p>Les r\u00e9sistances Zeus Mesh sont disponibles en 2 variations :<\/p>\n<ul>\n<li>Z1 : 0.4 ohm 60-70Watts<\/li>\n<li>Z2 0.2 ohm 70-80Watts<\/li>\n<\/ul>\n<p>Conditionnement par 5 r\u00e9sistances.<\/p>\n","protected":false},"featured_media":77699,"comment_status":"closed","ping_status":"closed","template":"","meta":[],"marques":[7827],"bundle_layout":"","bundled_by":[],"bundled_items":[],"supplier_id":null,"supplier_sku":"","atum_controlled":true,"out_stock_date":null,"out_stock_threshold":null,"inheritable":false,"inbound_stock":null,"stock_on_hold":null,"sold_today":null,"sales_last_days":null,"reserved_stock":null,"customer_returns":null,"warehouse_damage":null,"lost_in_post":null,"other_logs":null,"out_stock_days":null,"lost_sales":null,"has_location":null,"update_date":null,"atum_locations":[],"atum_stock_status":"instock","low_stock":false,"mi_inventories":[],"multi_inventory":null,"inventory_sorting_mode":null,"inventory_iteration":null,"expirable_inventories":null,"price_per_inventory":null,"_links":{"self":[{"href":"https:\/\/lesaintlaurentvape.com\/en\/wp-json\/wp\/v2\/product\/103291\/"}],"collection":[{"href":"https:\/\/lesaintlaurentvape.com\/en\/wp-json\/wp\/v2\/product\/"}],"about":[{"href":"https:\/\/lesaintlaurentvape.com\/en\/wp-json\/wp\/v2\/types\/product\/"}],"replies":[{"embeddable":true,"href":"https:\/\/lesaintlaurentvape.com\/en\/wp-json\/wp\/v2\/comments\/?post=103291"}],"wp:featuredmedia":[{"embeddable":true,"href":"https:\/\/lesaintlaurentvape.com\/en\/wp-json\/wp\/v2\/media\/77699\/"}],"wp:attachment":[{"href":"https:\/\/lesaintlaurentvape.com\/en\/wp-json\/wp\/v2\/media\/?parent=103291"}],"wp:term":[{"taxonomy":"marques","embeddable":true,"href":"https:\/\/lesaintlaurentvape.com\/en\/wp-json\/wp\/v2\/marques\/?post=103291"}],"curies":[{"name":"wp","href":"https:\/\/api.w.org\/{rel}","templated":true}]}}