{"id":103290,"date":"2020-06-28T12:39:25","date_gmt":"2020-06-28T10:39:25","guid":{"rendered":"https:\/\/lesaintlaurentvape.com\/produit\/geekvape-aegis-boost-pods-avec-2-resistances\/"},"modified":"2020-10-31T21:20:27","modified_gmt":"2020-10-31T20:20:27","slug":"geekvape-aegis-boost-pods-avec-2-resistances","status":"publish","type":"product","link":"https:\/\/lesaintlaurentvape.com\/en\/produit\/geekvape-aegis-boost-pods-avec-2-resistances\/","title":{"rendered":"GEEKVAPE &#8211; Pod Aegis boost avec 2 r\u00e9sistances"},"content":{"rendered":"<p style=\"text-align: center;\"><span style=\"font-size: 24pt; font-family: 'times new roman', times, serif;\">DESCRIPTION<\/span><\/p>\n<p><img loading=\"lazy\" class=\"wp-image-37156 aligncenter\" src=\"https:\/\/dscvape.com\/wp-content\/uploads\/2020\/06\/Geekvape-Pods-Aegis-Boost-description-1.png\" alt=\"\" width=\"709\" height=\"285\" \/><\/p>\n<p>&nbsp;<\/p>\n<p style=\"text-align: center;\"><span style=\"text-decoration: underline; color: #000000;\"><span style=\"font-size: 14pt;\"><strong><span style=\"font-family: 'times new roman', times, serif;\">Comment remplir le pod ?<\/span><\/strong><\/span><\/span><\/p>\n<p style=\"text-align: center;\">Soulever le bouchon herm\u00e9tique en silicone afin d&#8217;avoir acc\u00e8s au trou de remplissage<\/p>\n<p>&nbsp;<\/p>\n<p><img loading=\"lazy\" class=\"aligncenter size-full wp-image-24679\" src=\"https:\/\/dscvape.fr\/wp-content\/uploads\/2019\/12\/Pod-remplissage.png\" alt=\"\" width=\"800\" height=\"310\" \/><\/p>\n<p>&nbsp;<\/p>\n<p style=\"text-align: center;\"><span style=\"text-decoration: underline;\"><strong><span style=\"color: #000000; font-family: 'times new roman', times, serif; font-size: 14pt; text-decoration: underline;\">Changer la r\u00e9sistance<\/span><\/strong><\/span><\/p>\n<ol>\n<li>Retirez le pod de la box en appuyant sur le cot\u00e9<\/li>\n<li>Retournez le pod pour faire face \u00e0 la r\u00e9sistance<\/li>\n<li>Glissez la cl\u00e9 fournie sur la r\u00e9sistance<\/li>\n<li>Poussez sur la cl\u00e9 vers le haut pour faire ressortir la r\u00e9sistance puis retirez-la \u00e0 la main<\/li>\n<li style=\"text-align: left;\">R\u00e9ins\u00e9rez une nouvelle r\u00e9sistance de sorte qu&#8217;elle soit bien emboit\u00e9e sinon le pod risque de fuir<\/li>\n<\/ol>\n<p>Le kit est fournit avec deux diff\u00e9rentes r\u00e9sistances pour plus de flexibilit\u00e9, l&#8217;une en 0.4 \u03a9 pour du tirage a\u00e9rien et l&#8217;autre en 0.6 \u03a9 pour du tirage serr\u00e9. Le pod vous propose \u00e9galement un airflow r\u00e9glable pour \u00e9galement plus de flexibilit\u00e9 au niveau du tirage, \u00e0 r\u00e9gler en fonction de vos pr\u00e9f\u00e9rence<\/p>\n<p>&nbsp;<\/p>\n<p style=\"text-align: center;\"><span style=\"font-family: arial, helvetica, sans-serif;\">Attention, peu importe l\u2019appareil, il est tr\u00e8s important de faire l\u2019amor\u00e7age de la r\u00e9sistance. <\/span><\/p>\n<p style=\"text-align: center;\"><span style=\"font-family: arial, helvetica, sans-serif;\">Rappel : Etant donn\u00e9 qu\u2019une r\u00e9sistance est compos\u00e9e de coton, lors de la premi\u00e8re utilisation (ou lorsque vous changez de r\u00e9sistance) celle-ci est compl\u00e8tement sec. Il faut donc laisser baigner la r\u00e9sistance dans le liquide apr\u00e8s le remplissage plusieurs minutes (environ 10-15min) pour \u00e9viter que celle-ci ne br\u00fble pr\u00e9matur\u00e9ment n\u2019\u00e9tant pas imbib\u00e9e de liquide lorsque l\u2019appareil la chauffe<\/span><\/p>\n<p><img loading=\"lazy\" class=\"aligncenter wp-image-24686 size-large\" src=\"https:\/\/dscvape.fr\/wp-content\/uploads\/2019\/12\/Aegis-boost-changement-r\u00e9sistance-e1578318354647-1024x388.png\" alt=\"\" width=\"1024\" height=\"388\" \/><\/p>\n<p>&nbsp;<\/p>\n<p><img loading=\"lazy\" class=\"alignnone size-full wp-image-35207 aligncenter\" src=\"https:\/\/dscvape.com\/wp-content\/uploads\/2019\/12\/Geekvape-explication.png\" alt=\"\" width=\"800\" height=\"300\" \/><\/p>\n<p>&nbsp;<\/p>\n","protected":false},"excerpt":{"rendered":"<p>1 Pod Aegis Boost de 3.7 ml avec 2 r\u00e9sistances.<\/p>\n<p>Compatible avec l&#8217;appareil Aegis Boost de Geekvape<\/p>\n<p>Conditionn\u00e9e par lot de 2 r\u00e9sistances et 1 pod.<\/p>\n","protected":false},"featured_media":77697,"comment_status":"closed","ping_status":"closed","template":"","meta":[],"marques":[7827],"bundle_layout":"","bundled_by":[],"bundled_items":[],"supplier_id":null,"supplier_sku":"","atum_controlled":true,"out_stock_date":null,"out_stock_threshold":null,"inheritable":false,"inbound_stock":0,"stock_on_hold":0,"sold_today":0,"sales_last_days":0,"reserved_stock":0,"customer_returns":0,"warehouse_damage":0,"lost_in_post":0,"other_logs":0,"out_stock_days":0,"lost_sales":0,"has_location":false,"update_date":"2021-03-25T11:18:03","atum_locations":[],"atum_stock_status":"instock","low_stock":false,"mi_inventories":[691],"multi_inventory":null,"inventory_sorting_mode":null,"inventory_iteration":null,"expirable_inventories":null,"price_per_inventory":null,"_links":{"self":[{"href":"https:\/\/lesaintlaurentvape.com\/en\/wp-json\/wp\/v2\/product\/103290\/"}],"collection":[{"href":"https:\/\/lesaintlaurentvape.com\/en\/wp-json\/wp\/v2\/product\/"}],"about":[{"href":"https:\/\/lesaintlaurentvape.com\/en\/wp-json\/wp\/v2\/types\/product\/"}],"replies":[{"embeddable":true,"href":"https:\/\/lesaintlaurentvape.com\/en\/wp-json\/wp\/v2\/comments\/?post=103290"}],"wp:featuredmedia":[{"embeddable":true,"href":"https:\/\/lesaintlaurentvape.com\/en\/wp-json\/wp\/v2\/media\/77697\/"}],"wp:attachment":[{"href":"https:\/\/lesaintlaurentvape.com\/en\/wp-json\/wp\/v2\/media\/?parent=103290"}],"wp:term":[{"taxonomy":"marques","embeddable":true,"href":"https:\/\/lesaintlaurentvape.com\/en\/wp-json\/wp\/v2\/marques\/?post=103290"}],"curies":[{"name":"wp","href":"https:\/\/api.w.org\/{rel}","templated":true}]}}