{"id":103285,"date":"2020-06-27T15:14:17","date_gmt":"2020-06-27T13:14:17","guid":{"rendered":"https:\/\/lesaintlaurentvape.com\/produit\/liquideo-juice-heroes-mistyk-50-ml\/"},"modified":"2020-10-31T21:20:21","modified_gmt":"2020-10-31T20:20:21","slug":"liquideo-juice-heroes-mistyk-50-ml","status":"publish","type":"product","link":"https:\/\/lesaintlaurentvape.com\/en\/produit\/liquideo-juice-heroes-mistyk-50-ml\/","title":{"rendered":"LIQUIDEO &#8211; JUICE HEROES &#8211; Mistyk 50 ml"},"content":{"rendered":"<p>LIQUIDEO est une marque de e-liquide MADE IN FRANCE certifi\u00e9e norme AFNOR XP D90-300-2.<\/p>\n<p>LIQUIDEO propose la gamme Juice Heroes qui contient une large palette de saveurs destin\u00e9e aux m\u00e9chants vapoteurs<\/p>\n<p class=\"p1\">Saveur : Fruit\u00e9<br \/>\nPG\/VG : 30\/70<br \/>\nTaux de nicotine : Sans nicotine<br \/>\nConditionnement : Unit\u00e9<br \/>\nContenance : 50 ml<br \/>\nBouchon : S\u00e9curit\u00e9 enfant<br \/>\n\u00c9tiquetage : Marquage s\u00e9curit\u00e9 pour non-voyant<\/p>\n","protected":false},"excerpt":{"rendered":"<p>Un sorbet de fruit du dragon ! D&#8217;une composition en 30PG\/70VG id\u00e9al pour les amateurs de grandes fum\u00e9es. Disponible sans nicotine.<\/p>\n","protected":false},"featured_media":103286,"comment_status":"closed","ping_status":"closed","template":"","meta":[],"marques":[7828],"bundle_layout":"","bundled_by":[],"bundled_items":[],"supplier_id":null,"supplier_sku":"","atum_controlled":true,"out_stock_date":null,"out_stock_threshold":null,"inheritable":false,"inbound_stock":0,"stock_on_hold":0,"sold_today":0,"sales_last_days":0,"reserved_stock":0,"customer_returns":0,"warehouse_damage":0,"lost_in_post":0,"other_logs":0,"out_stock_days":0,"lost_sales":0,"has_location":false,"update_date":"2021-03-25T11:18:03","atum_locations":[],"atum_stock_status":"instock","low_stock":false,"mi_inventories":[462],"multi_inventory":null,"inventory_sorting_mode":null,"inventory_iteration":null,"expirable_inventories":null,"price_per_inventory":null,"_links":{"self":[{"href":"https:\/\/lesaintlaurentvape.com\/en\/wp-json\/wp\/v2\/product\/103285\/"}],"collection":[{"href":"https:\/\/lesaintlaurentvape.com\/en\/wp-json\/wp\/v2\/product\/"}],"about":[{"href":"https:\/\/lesaintlaurentvape.com\/en\/wp-json\/wp\/v2\/types\/product\/"}],"replies":[{"embeddable":true,"href":"https:\/\/lesaintlaurentvape.com\/en\/wp-json\/wp\/v2\/comments\/?post=103285"}],"wp:featuredmedia":[{"embeddable":true,"href":"https:\/\/lesaintlaurentvape.com\/en\/wp-json\/wp\/v2\/media\/103286\/"}],"wp:attachment":[{"href":"https:\/\/lesaintlaurentvape.com\/en\/wp-json\/wp\/v2\/media\/?parent=103285"}],"wp:term":[{"taxonomy":"marques","embeddable":true,"href":"https:\/\/lesaintlaurentvape.com\/en\/wp-json\/wp\/v2\/marques\/?post=103285"}],"curies":[{"name":"wp","href":"https:\/\/api.w.org\/{rel}","templated":true}]}}