{"id":103271,"date":"2020-06-27T14:07:45","date_gmt":"2020-06-27T12:07:45","guid":{"rendered":"https:\/\/lesaintlaurentvape.com\/produit\/liquideo-monsieur-bulle-kiki-banana-10-ml\/"},"modified":"2020-10-31T21:20:14","modified_gmt":"2020-10-31T20:20:14","slug":"liquideo-monsieur-bulle-kiki-banana-10-ml","status":"publish","type":"product","link":"https:\/\/lesaintlaurentvape.com\/en\/produit\/liquideo-monsieur-bulle-kiki-banana-10-ml\/","title":{"rendered":"LIQUIDEO &#8211; MONSIEUR BULLE &#8211; KIKI BANANA 10 ML"},"content":{"rendered":"<p>LIQUIDEO est une marque de e-liquide MADE IN FRANCE certifi\u00e9e norme AFNOR XP D90-300-2.<\/p>\n<p>LIQUIDEO propose la gamme evolution qui contient une large palette de saveurs pour tous les amateurs de mono-ar\u00f4me se tourneront vers les Classico, Fresh, Fruit\u00e9 etc..<\/p>\n<p class=\"p1\">Saveur : Fruit\u00e9<br \/>\nPG\/VG : 50\/50<br \/>\nTaux de nicotine : 0 mg\/ml, 3 mg\/ml, 6 mg\/ml, 10 mg\/ml,<br \/>\nConditionnement : Unit\u00e9<br \/>\nContenance : 10 ml<br \/>\nBouchon : S\u00e9curit\u00e9 enfant<br \/>\n\u00c9tiquetage : Marquage s\u00e9curit\u00e9 pour non-voyant<\/p>\n","protected":false},"excerpt":{"rendered":"<p>Un kiwi acidul\u00e9 avec une petite touche de banane qui saura ravir vos papilles ! Une composition en 50PG\/50VG id\u00e9al pour les appareils MTL. Disponible en 0 mg \/ 3 mg \/ 6 mg \/ 10 mg de nicotine.<\/p>\n<p>&nbsp;<\/p>\n","protected":false},"featured_media":77675,"comment_status":"closed","ping_status":"closed","template":"","meta":[],"marques":[7828],"bundle_layout":"","bundled_by":[],"bundled_items":[],"supplier_id":null,"supplier_sku":"","atum_controlled":true,"out_stock_date":null,"out_stock_threshold":null,"inheritable":false,"inbound_stock":null,"stock_on_hold":null,"sold_today":null,"sales_last_days":null,"reserved_stock":null,"customer_returns":null,"warehouse_damage":null,"lost_in_post":null,"other_logs":null,"out_stock_days":null,"lost_sales":null,"has_location":null,"update_date":null,"atum_locations":[],"atum_stock_status":"instock","low_stock":false,"mi_inventories":[],"multi_inventory":null,"inventory_sorting_mode":null,"inventory_iteration":null,"expirable_inventories":null,"price_per_inventory":null,"_links":{"self":[{"href":"https:\/\/lesaintlaurentvape.com\/en\/wp-json\/wp\/v2\/product\/103271\/"}],"collection":[{"href":"https:\/\/lesaintlaurentvape.com\/en\/wp-json\/wp\/v2\/product\/"}],"about":[{"href":"https:\/\/lesaintlaurentvape.com\/en\/wp-json\/wp\/v2\/types\/product\/"}],"replies":[{"embeddable":true,"href":"https:\/\/lesaintlaurentvape.com\/en\/wp-json\/wp\/v2\/comments\/?post=103271"}],"wp:featuredmedia":[{"embeddable":true,"href":"https:\/\/lesaintlaurentvape.com\/en\/wp-json\/wp\/v2\/media\/77675\/"}],"wp:attachment":[{"href":"https:\/\/lesaintlaurentvape.com\/en\/wp-json\/wp\/v2\/media\/?parent=103271"}],"wp:term":[{"taxonomy":"marques","embeddable":true,"href":"https:\/\/lesaintlaurentvape.com\/en\/wp-json\/wp\/v2\/marques\/?post=103271"}],"curies":[{"name":"wp","href":"https:\/\/api.w.org\/{rel}","templated":true}]}}