{"id":103265,"date":"2020-06-26T10:47:14","date_gmt":"2020-06-26T08:47:14","guid":{"rendered":"https:\/\/lesaintlaurentvape.com\/produit\/hellvape-dripper-dead-rabbit-rta\/"},"modified":"2020-10-31T21:20:06","modified_gmt":"2020-10-31T20:20:06","slug":"hellvape-dripper-dead-rabbit-rta","status":"publish","type":"product","link":"https:\/\/lesaintlaurentvape.com\/en\/produit\/hellvape-dripper-dead-rabbit-rta\/","title":{"rendered":"HELLVAPE &#8211; ATOMISEUR DEAD RABBIT RTA"},"content":{"rendered":"<p style=\"text-align: center;\"><span style=\"font-family: 'times new roman', times, serif;\">La marque <strong>Hellvape<\/strong>, sp\u00e9cialis\u00e9 dans le reconstructible, propose des boxs ainsi que des atomiseurs de qualit\u00e9 qui sauront vous satisfaire vos demandes dans le pr\u00e9sent comme dans le futur.<\/span><\/p>\n<h2 style=\"text-align: center;\"><span style=\"text-decoration: underline; font-family: 'times new roman', times, serif;\"><span style=\"font-size: 36pt;\">DESCRIPTION<\/span><\/span><\/h2>\n<p><img loading=\"lazy\" class=\"size-full wp-image-39148 aligncenter\" src=\"https:\/\/dscvape.com\/wp-content\/uploads\/2020\/06\/Hellvape-Description-Dead-Rabbit-RTA-2.png\" alt=\"\" width=\"745\" height=\"378\" \/><\/p>\n<p style=\"text-align: center;\"><span style=\"font-family: 'times new roman', times, serif;\">Le dripper Dead Rabbit RTA est propos\u00e9 avec un plateau postless \u00e0 a\u00e9ration par le haut qui fournira d&#8217;excellentes saveurs.<\/span><\/p>\n<p style=\"text-align: center;\"><span style=\"font-family: 'times new roman', times, serif;\"> D\u00f4t\u00e9 d&#8217;une connexion 510, il est compatible avec tous les mods 510.<\/span><\/p>\n<p>&nbsp;<\/p>\n<p style=\"text-align: center;\"><span style=\"text-decoration: underline;\"><span style=\"font-size: 14pt; color: #000000;\"><strong><span style=\"font-family: 'times new roman', times, serif;\">Un plateau postless sur\u00e9lev\u00e9<\/span><\/strong><\/span><\/span><\/p>\n<p style=\"text-align: center;\"><span style=\"font-family: 'times new roman', times, serif;\">Le dripper Dead Rabbit RDA est dot\u00e9 d&#8217;un plateau postless sur\u00e9lev\u00e9 afin de faciliter son montage.\u00a0 <\/span><span style=\"font-family: 'times new roman', times, serif;\">La d\u00e9coupe du surplus de fil par le dessous est ainsi facilit\u00e9e. <\/span><\/p>\n<p style=\"text-align: center;\"><span style=\"font-family: 'times new roman', times, serif;\">Il est possible de le monter en simple coil et \u00e9galement en double.<\/span><\/p>\n<p style=\"text-align: center;\"><span style=\"font-family: 'times new roman', times, serif;\">Les p\u00f4les positifs plaqu\u00e9s or fournissent une meilleure conduction.<\/span><\/p>\n<p><img loading=\"lazy\" class=\"wp-image-39144 aligncenter\" src=\"https:\/\/dscvape.com\/wp-content\/uploads\/2020\/06\/Hellvape-Description-plateau-Dead-rabbit-RTA.png\" alt=\"\" width=\"667\" height=\"249\" \/><\/p>\n<p>&nbsp;<\/p>\n<p style=\"text-align: center;\"><strong><span style=\"text-decoration: underline; font-size: 14pt;\"><span style=\"font-family: 'times new roman', times, serif; color: #000000; text-decoration: underline;\">Installation des coils<\/span><\/span><\/strong><\/p>\n<ul>\n<li><span style=\"font-family: 'times new roman', times, serif;\">Visser les coils sur les plots. \/! Ne pas installer les branches sur le m\u00eame plot au risque d&#8217;avoir des courts-circuits.<\/span><\/li>\n<li><span style=\"font-family: 'times new roman', times, serif;\">Proc\u00e9der \u00e0 une chauffe \u00e0 blanc du fil afin de v\u00e9rifier que la chauffe est homog\u00e8ne. (En cas de points chauds, gratter les coils \u00e0 l&#8217;aide d&#8217;un tournevis ou d&#8217;une pince en c\u00e9ramique)<\/span><\/li>\n<li><span style=\"font-family: 'times new roman', times, serif;\">D\u00e9couper l&#8217;exc\u00e9dent en dessous des plots.<\/span><\/li>\n<\/ul>\n<p><img loading=\"lazy\" class=\" wp-image-39150 aligncenter\" src=\"https:\/\/dscvape.com\/wp-content\/uploads\/2020\/06\/Hellvape-Decoupe-plateau-Dead-Rabbit-RTA.png\" alt=\"\" width=\"347\" height=\"224\" \/><\/p>\n<ul>\n<li><span style=\"font-family: 'times new roman', times, serif;\">Passer le coton \u00e0 l&#8217;int\u00e9rieur des fils.<\/span><\/li>\n<li><span style=\"font-family: 'times new roman', times, serif;\">Etoffer les extr\u00e9mit\u00e9s des cotons puis les ins\u00e9rer dans les niches.<\/span><\/li>\n<li><span style=\"font-family: 'times new roman', times, serif;\">Imbiber le tout de liquide, c&#8217;est pr\u00eat !<\/span><\/li>\n<\/ul>\n<p><img loading=\"lazy\" class=\" wp-image-39526 aligncenter\" src=\"https:\/\/dscvape.com\/wp-content\/uploads\/2020\/06\/1ato1coil-Dead-Rabbit-blog-le-petit-vapoteur-23.png\" alt=\"\" width=\"499\" height=\"223\" \/><\/p>\n<p>&nbsp;<\/p>\n<p style=\"text-align: center;\"><strong><span style=\"text-decoration: underline; font-size: 14pt;\"><span style=\"font-family: 'times new roman', times, serif; color: #000000; text-decoration: underline;\">Remplissage des plus simples<\/span><\/span><\/strong><\/p>\n<p style=\"text-align: center;\"><span style=\"font-family: 'times new roman', times, serif;\">D\u00e9visser le top cap pour avoir acc\u00e8s aux trous de remplissage.<\/span><\/p>\n<p style=\"text-align: center;\"><span style=\"font-family: 'times new roman', times, serif;\">Remplissez-le jusqu&#8217;\u00e0 4,5mL pour une vape all-day.<\/span><\/p>\n<p>&nbsp;<\/p>\n","protected":false},"excerpt":{"rendered":"<p>HELLVAPE, c\u00e9l\u00e8bre pour ses atomiseurs reconstructibles, vous propose une nouvelle version de son fameux atomiseur Dead Rabbit RDA : Le DEAD RABBIT RTA !<\/p>\n<p>Avec un r\u00e9servoir de 4,5 ml, un diam\u00e8tre de 25mm et un drip tip 810, le Dead Rabbit RTA est un reconstructible imposant, parfait pour les amateurs de grosses fum\u00e9es !<\/p>\n<p>Vous pouvez r\u00e9aliser sur cet atomiseur vos montages les plus fous en mono ou en double coils.<\/p>\n<p>Son avantage ? Cet atomiseur est \u00e9quip\u00e9 d&#8217;un airflow r\u00e9glable anti-fuites, id\u00e9al pour une optimisation des rendus des saveurs !<\/p>\n<p>&nbsp;<\/p>\n","protected":false},"featured_media":77663,"comment_status":"closed","ping_status":"closed","template":"","meta":[],"marques":[8043],"bundle_layout":"","bundled_by":[],"bundled_items":[],"supplier_id":null,"supplier_sku":"","atum_controlled":true,"out_stock_date":null,"out_stock_threshold":null,"inheritable":false,"inbound_stock":null,"stock_on_hold":null,"sold_today":null,"sales_last_days":null,"reserved_stock":null,"customer_returns":null,"warehouse_damage":null,"lost_in_post":null,"other_logs":null,"out_stock_days":null,"lost_sales":null,"has_location":null,"update_date":null,"atum_locations":[],"atum_stock_status":"instock","low_stock":false,"mi_inventories":[],"multi_inventory":null,"inventory_sorting_mode":null,"inventory_iteration":null,"expirable_inventories":null,"price_per_inventory":null,"_links":{"self":[{"href":"https:\/\/lesaintlaurentvape.com\/en\/wp-json\/wp\/v2\/product\/103265\/"}],"collection":[{"href":"https:\/\/lesaintlaurentvape.com\/en\/wp-json\/wp\/v2\/product\/"}],"about":[{"href":"https:\/\/lesaintlaurentvape.com\/en\/wp-json\/wp\/v2\/types\/product\/"}],"replies":[{"embeddable":true,"href":"https:\/\/lesaintlaurentvape.com\/en\/wp-json\/wp\/v2\/comments\/?post=103265"}],"wp:featuredmedia":[{"embeddable":true,"href":"https:\/\/lesaintlaurentvape.com\/en\/wp-json\/wp\/v2\/media\/77663\/"}],"wp:attachment":[{"href":"https:\/\/lesaintlaurentvape.com\/en\/wp-json\/wp\/v2\/media\/?parent=103265"}],"wp:term":[{"taxonomy":"marques","embeddable":true,"href":"https:\/\/lesaintlaurentvape.com\/en\/wp-json\/wp\/v2\/marques\/?post=103265"}],"curies":[{"name":"wp","href":"https:\/\/api.w.org\/{rel}","templated":true}]}}