{"id":103259,"date":"2020-06-21T12:57:15","date_gmt":"2020-06-21T10:57:15","guid":{"rendered":"https:\/\/lesaintlaurentvape.com\/produit\/hellvape-dripper-dead-rabbit-v2\/"},"modified":"2020-10-31T21:20:00","modified_gmt":"2020-10-31T20:20:00","slug":"hellvape-dripper-dead-rabbit-v2","status":"publish","type":"product","link":"https:\/\/lesaintlaurentvape.com\/en\/produit\/hellvape-dripper-dead-rabbit-v2\/","title":{"rendered":"HELLVAPE &#8211; DRIPPER DEAD RABBIT V2"},"content":{"rendered":"<p style=\"text-align: center;\"><span style=\"font-family: 'times new roman', times, serif;\">La marque <strong>Hellvape<\/strong>, sp\u00e9cialis\u00e9 dans le reconstructible, propose des boxs ainsi que des atomiseurs de qualit\u00e9 qui sauront satisfaire vos demandes dans le pr\u00e9sent comme dans le futur.<\/span><\/p>\n<h2 style=\"text-align: center;\"><span style=\"text-decoration: underline;\"><span style=\"font-size: 36pt; font-family: 'times new roman', times, serif; color: #000000; text-decoration: underline;\">DESCRIPTION<\/span><\/span><\/h2>\n<p><img loading=\"lazy\" class=\"wp-image-39552 aligncenter\" src=\"https:\/\/dscvape.com\/wp-content\/uploads\/2020\/06\/Hellvape-Dead-Rabbit-V2-description.png\" alt=\"\" width=\"428\" height=\"470\" \/><\/p>\n<p>&nbsp;<\/p>\n<p style=\"text-align: center;\"><span style=\"text-decoration: underline; color: #000000;\"><span style=\"font-size: 14pt;\"><strong><span style=\"font-family: 'times new roman', times, serif;\">Un plateau postless am\u00e9lior\u00e9<\/span><\/strong><\/span><\/span><\/p>\n<p style=\"text-align: center;\"><span style=\"font-family: 'times new roman', times, serif;\">Le dripper Dead Rabbit V2 est dot\u00e9 d&#8217;un plateau postless sur\u00e9lev\u00e9 afin de faciliter son montage. <\/span><span style=\"font-family: 'times new roman', times, serif;\">La d\u00e9coupe du surplus de fil par le dessous est ainsi facilit\u00e9e. <\/span><\/p>\n<p style=\"text-align: center;\"><span style=\"font-family: 'times new roman', times, serif;\">Il est possible de le monter en simple coil et \u00e9galement en double.<\/span><\/p>\n<p style=\"text-align: center;\"><span style=\"font-family: 'times new roman', times, serif;\">Les p\u00f4les positifs plaqu\u00e9s or fournissent une meilleure conduction.<\/span><\/p>\n<p><img loading=\"lazy\" class=\" wp-image-39561 aligncenter\" src=\"https:\/\/dscvape.com\/wp-content\/uploads\/2020\/06\/Hellvape-Plateau.png\" alt=\"\" width=\"281\" height=\"175\" \/><\/p>\n<p>&nbsp;<\/p>\n<p style=\"text-align: center;\"><strong><span style=\"text-decoration: underline; font-size: 14pt;\"><span style=\"font-family: 'times new roman', times, serif; color: #000000; text-decoration: underline;\">Installation des coils<\/span><\/span><\/strong><\/p>\n<ul>\n<li><span style=\"font-family: 'times new roman', times, serif;\">Visser les coils sur les plots. \/! Ne pas installer les branches sur le m\u00eame plot au risque d&#8217;avoir des courts-circuits.<\/span><\/li>\n<li><span style=\"font-family: 'times new roman', times, serif;\">Proc\u00e9der \u00e0 une chauffe \u00e0 blanc du fil afin de v\u00e9rifier que la chauffe est homog\u00e8ne. (En cas de points chauds, gratter les coils \u00e0 l&#8217;aide d&#8217;un tournevis ou d&#8217;une pince en c\u00e9ramique)<\/span><\/li>\n<li><span style=\"font-family: 'times new roman', times, serif;\">D\u00e9couper l&#8217;exc\u00e9dent en dessous des plots.<\/span><\/li>\n<\/ul>\n<p><img loading=\"lazy\" class=\" wp-image-39556 aligncenter\" src=\"https:\/\/dscvape.com\/wp-content\/uploads\/2020\/06\/Hellvape-Plateau-Dead-Rabbit-V2-coils.png\" alt=\"\" width=\"726\" height=\"166\" \/><img loading=\"lazy\" class=\"alignnone size-full wp-image-39565 aligncenter\" src=\"https:\/\/dscvape.com\/wp-content\/uploads\/2020\/06\/Hellvape-Coil-Dead-Rabbit-V2.png\" alt=\"\" width=\"305\" height=\"197\" \/><\/p>\n<ul>\n<li><span style=\"font-family: 'times new roman', times, serif;\">Passer le coton \u00e0 l&#8217;int\u00e9rieur des fils.<\/span><\/li>\n<li><span style=\"font-family: 'times new roman', times, serif;\">Etoffer les extr\u00e9mit\u00e9s des cotons puis les ins\u00e9rer dans les niches.<\/span><\/li>\n<li><span style=\"font-family: 'times new roman', times, serif;\">Imbiber le tout de liquide, c&#8217;est pr\u00eat !<\/span><\/li>\n<\/ul>\n<p>&nbsp;<\/p>\n<p style=\"text-align: center;\"><span style=\"text-decoration: underline; font-family: 'times new roman', times, serif;\"><span style=\"color: #000000;\"><strong><span style=\"font-size: 14pt;\">Un airflow modulable<\/span><\/strong><\/span><\/span><\/p>\n<p style=\"text-align: center;\"><span style=\"font-family: 'times new roman', times, serif;\">Le plus du Dead Rabbit V2, une airflow \u00e0 r\u00e9gler selon vos go\u00fbts en pivotant simplement la bague.<\/span><\/p>\n<p style=\"text-align: center;\"><span style=\"font-family: 'times new roman', times, serif;\">Une a\u00e9ration classique pour un r\u00e9sultat plein de fum\u00e9e ou en nid d&#8217;abeilles pour un maximum de saveurs.<\/span><\/p>\n<p><img loading=\"lazy\" class=\" wp-image-39570 aligncenter\" src=\"https:\/\/dscvape.com\/wp-content\/uploads\/2020\/06\/Hellvape-Dead-Rabbit-V2-Airflow.png\" alt=\"\" width=\"496\" height=\"129\" \/><\/p>\n<p>&nbsp;<\/p>\n<p style=\"text-align: center;\"><span style=\"text-decoration: underline; font-size: 14pt;\"><span style=\"color: #000000;\"><strong><span style=\"font-family: 'times new roman', times, serif;\">Les drip tips AG+<\/span><\/strong><\/span><\/span><\/p>\n<p style=\"text-align: center;\"><span style=\"font-family: 'times new roman', times, serif;\">Hellvape pense \u00e0 tout.<\/span><\/p>\n<p style=\"text-align: center;\"><span style=\"font-family: 'times new roman', times, serif;\">Profitez de votre vape jusqu&#8217;au bout des l\u00e8vres avec les drips tips 810 AG+ aux propri\u00e9t\u00e9s anti-bact\u00e9riennes.<\/span><\/p>\n<p style=\"text-align: center;\"><span style=\"font-family: 'times new roman', times, serif;\">Un adaptateur 510 est \u00e9galement fournit dans le kit.<\/span><\/p>\n<p><img loading=\"lazy\" class=\" wp-image-39576 aligncenter\" src=\"https:\/\/dscvape.com\/wp-content\/uploads\/2020\/06\/Hellevape-Drip-tip-Dead-Rabbit-V2.png\" alt=\"\" width=\"493\" height=\"175\" \/><\/p>\n<p>&nbsp;<\/p>\n<p style=\"text-align: center;\"><span style=\"text-decoration: underline; font-size: 14pt;\"><strong><span style=\"font-family: 'times new roman', times, serif; color: #000000; text-decoration: underline;\">Compatible avec les Bottom Feeder<\/span><\/strong><\/span><\/p>\n<p style=\"text-align: center;\"><span style=\"font-family: 'times new roman', times, serif;\">Le Bottom Feeder (BF), \u00e9galement appel\u00e9 &#8220;squonk&#8221;, est un dripper aliment\u00e9 par une bouteille situ\u00e9e dans la box qui vous fera gagn\u00e9 en autonomie.<\/span><\/p>\n<p style=\"text-align: center;\"><span style=\"font-family: 'times new roman', times, serif;\">Un pin 510 pr\u00e9-install\u00e9 rend le dripper compatible avec tous les mods. Le kit\u00a0 fournit en plus un pin squonk\u00a0 qui vous permet d&#8217;adapter votre dripper en squonk.<\/span><\/p>\n<p style=\"text-align: center;\"><span style=\"font-family: 'times new roman', times, serif;\">Changer de pin \u00e0 l&#8217;aide du tournevis fournit.<\/span><\/p>\n<p style=\"text-align: center;\"><span style=\"font-family: 'times new roman', times, serif;\">Le pin Squonk se distingue de par son trou pour faire passer le liquide depuis la bouteille.<\/span><\/p>\n<p>&nbsp;<\/p>\n<p><img loading=\"lazy\" class=\"wp-image-39580 aligncenter\" src=\"https:\/\/dscvape.com\/wp-content\/uploads\/2020\/06\/authentic-gas-mods-replacement-bf-bottom-feeder-squonk-pin-for-nixon-v15-rdta-gold-stainless-steel-1.png\" alt=\"\" width=\"489\" height=\"121\" \/><\/p>\n","protected":false},"excerpt":{"rendered":"<p>HELLVAPE, c\u00e9l\u00e8bre pour ses atomiseurs reconstructible, vous propose une nouvelle version de son fameux atomiseur : le DEAD RABBIT V2 RDA !<\/p>\n<p>D\u00f4t\u00e9 d&#8217;un airflow modulable format traditionnel et en &#8220;nid d&#8217;abeilles&#8221;, cet atomiseur s&#8217;adapte \u00e0 vous.<\/p>\n<p>De plus, cette version pr\u00e9sente une plus grande r\u00e9serve pour les liquides, et son plateau de montage comporte quant \u00e0 lui, de plus grandes ouvertures pour les coils et les plots incurv\u00e9s ! Que r\u00eavez de plus?<\/p>\n<p>Et c&#8217;est pas fini! Un PIN BF (fournit) vous permettra de le rendre compatible avec les mods &#8216;&#8221;Botton feeder&#8221;.<\/p>\n<p>L&#8217;avantage de cet atomiseur reconstrutible ? Son DRIPTIP 810 AG+ est anti-bact\u00e9rien, pour une hygi\u00e8ne plus que parfaite !<\/p>\n","protected":false},"featured_media":77651,"comment_status":"closed","ping_status":"closed","template":"","meta":[],"marques":[8043],"bundle_layout":"","bundled_by":[],"bundled_items":[],"supplier_id":null,"supplier_sku":"","atum_controlled":true,"out_stock_date":null,"out_stock_threshold":null,"inheritable":false,"inbound_stock":null,"stock_on_hold":null,"sold_today":null,"sales_last_days":null,"reserved_stock":null,"customer_returns":null,"warehouse_damage":null,"lost_in_post":null,"other_logs":null,"out_stock_days":null,"lost_sales":null,"has_location":null,"update_date":null,"atum_locations":[],"atum_stock_status":"instock","low_stock":false,"mi_inventories":[],"multi_inventory":null,"inventory_sorting_mode":null,"inventory_iteration":null,"expirable_inventories":null,"price_per_inventory":null,"_links":{"self":[{"href":"https:\/\/lesaintlaurentvape.com\/en\/wp-json\/wp\/v2\/product\/103259\/"}],"collection":[{"href":"https:\/\/lesaintlaurentvape.com\/en\/wp-json\/wp\/v2\/product\/"}],"about":[{"href":"https:\/\/lesaintlaurentvape.com\/en\/wp-json\/wp\/v2\/types\/product\/"}],"replies":[{"embeddable":true,"href":"https:\/\/lesaintlaurentvape.com\/en\/wp-json\/wp\/v2\/comments\/?post=103259"}],"wp:featuredmedia":[{"embeddable":true,"href":"https:\/\/lesaintlaurentvape.com\/en\/wp-json\/wp\/v2\/media\/77651\/"}],"wp:attachment":[{"href":"https:\/\/lesaintlaurentvape.com\/en\/wp-json\/wp\/v2\/media\/?parent=103259"}],"wp:term":[{"taxonomy":"marques","embeddable":true,"href":"https:\/\/lesaintlaurentvape.com\/en\/wp-json\/wp\/v2\/marques\/?post=103259"}],"curies":[{"name":"wp","href":"https:\/\/api.w.org\/{rel}","templated":true}]}}