{"id":103255,"date":"2020-06-21T11:33:51","date_gmt":"2020-06-21T09:33:51","guid":{"rendered":"https:\/\/lesaintlaurentvape.com\/produit\/hellvape-dripper-passage-rda\/"},"modified":"2020-10-31T21:19:51","modified_gmt":"2020-10-31T20:19:51","slug":"hellvape-dripper-passage-rda","status":"publish","type":"product","link":"https:\/\/lesaintlaurentvape.com\/en\/produit\/hellvape-dripper-passage-rda\/","title":{"rendered":"HELLVAPE &#8211; DRIPPER PASSAGE RDA"},"content":{"rendered":"<p style=\"text-align: center;\"><span style=\"font-family: 'times new roman', times, serif;\">La marque\u00a0<strong>Hellvape<\/strong>, sp\u00e9cialis\u00e9 dans le reconstructible, propose des boxs ainsi que des atomiseurs de qualit\u00e9 qui sauront satisfaire vos demandes dans le pr\u00e9sent comme dans le futur.<\/span><\/p>\n<h2 style=\"text-align: center;\"><span style=\"text-decoration: underline; font-family: 'times new roman', times, serif; color: #000000;\"><span style=\"font-size: 24pt;\">DESCRIPTION<\/span><\/span><\/h2>\n<p><img loading=\"lazy\" class=\"wp-image-39598 aligncenter\" src=\"https:\/\/dscvape.com\/wp-content\/uploads\/2020\/06\/Hellvape-Passage-RDA-description.png\" alt=\"\" width=\"358\" height=\"513\" \/><\/p>\n<p>&nbsp;<\/p>\n<p style=\"text-align: center;\"><span style=\"text-decoration: underline; color: #000000;\"><span style=\"font-family: 'times new roman', times, serif;\"><strong><span style=\"font-size: 14pt;\">Un airflow r\u00e9volutionnaire<\/span><\/strong><\/span><\/span><\/p>\n<p style=\"text-align: center;\"><span style=\"font-family: 'times new roman', times, serif;\">Le dripper Passage RDA est d\u00f4t\u00e9 d&#8217;un double airflow en nid d&#8217;abeille, avec au total 38 trous \u00e0 r\u00e9gler en pivotant le top cap, id\u00e9al pour les amateurs de grosses fum\u00e9es.<\/span><\/p>\n<p><img loading=\"lazy\" class=\"wp-image-39600 aligncenter\" src=\"https:\/\/dscvape.com\/wp-content\/uploads\/2020\/06\/Hellvape-Passage-RDA-airflow.png\" alt=\"\" width=\"854\" height=\"193\" \/><\/p>\n<p>&nbsp;<\/p>\n<p style=\"text-align: center;\"><span style=\"text-decoration: underline; font-size: 14pt; color: #000000;\"><strong><span style=\"font-family: 'times new roman', times, serif;\">Un plateau Velocity \u00e0 clamps<\/span><\/strong><\/span><\/p>\n<p>&nbsp;<\/p>\n<p><img loading=\"lazy\" class=\"size-full wp-image-39603 aligncenter\" src=\"https:\/\/dscvape.com\/wp-content\/uploads\/2020\/06\/Hellvape-Passage-RDA-plateau.png\" alt=\"\" width=\"600\" height=\"229\" \/><\/p>\n<p style=\"text-align: center;\"><strong><span style=\"text-decoration: underline; font-size: 14pt;\"><span style=\"font-family: 'times new roman', times, serif; color: #000000; text-decoration: underline;\">Installation des coils<\/span><\/span><\/strong><\/p>\n<ul>\n<li><span style=\"font-family: 'times new roman', times, serif;\">Visser les fils des coils entre les clamps et les vis. \/! Ne pas installer les branches sur le m\u00eame plot au risque d&#8217;avoir des courts-circuits.<\/span><\/li>\n<li><span style=\"font-family: 'times new roman', times, serif;\">Proc\u00e9der \u00e0 une chauffe \u00e0 blanc du fil afin de v\u00e9rifier que la chauffe est homog\u00e8ne. (En cas de points chauds, gratter les coils \u00e0 l&#8217;aide d&#8217;un tournevis ou d&#8217;une pince en c\u00e9ramique)<\/span><\/li>\n<li><span style=\"font-family: 'times new roman', times, serif;\">D\u00e9couper l&#8217;exc\u00e9dent.<\/span><\/li>\n<li><span style=\"font-family: 'times new roman', times, serif;\">Passer le coton \u00e0 l&#8217;int\u00e9rieur des fils.<\/span><\/li>\n<li><span style=\"font-family: 'times new roman', times, serif;\">Etoffer les extr\u00e9mit\u00e9s des cotons puis les ins\u00e9rer dans les niches.<\/span><\/li>\n<li><span style=\"font-family: 'times new roman', times, serif;\">Imbiber le tout de liquide, c&#8217;est pr\u00eat !<\/span><\/li>\n<\/ul>\n<p><img loading=\"lazy\" class=\" wp-image-39702 aligncenter\" src=\"https:\/\/dscvape.com\/wp-content\/uploads\/2020\/06\/test-passage-rda-wotofo-blog-le-petit-vapoteur-12.png\" alt=\"\" width=\"590\" height=\"144\" \/><\/p>\n<p>&nbsp;<\/p>\n<p style=\"text-align: center;\"><span style=\"color: #000000;\"><strong><span style=\"text-decoration: underline;\"><span style=\"font-family: 'times new roman', times, serif; font-size: 14pt;\">Des drip tips 810 AG+<\/span><\/span><\/strong><\/span><\/p>\n<p style=\"text-align: center;\"><span style=\"font-family: 'times new roman', times, serif;\">Le dripper Passage RDA est d\u00f4t\u00e9 d&#8217;un drip tip 810 en r\u00e9sine AG+ qui est connu pour ses propri\u00e9t\u00e9s antibact\u00e9riennes.<\/span><\/p>\n<p><img loading=\"lazy\" class=\"alignnone size-full wp-image-39700 aligncenter\" src=\"https:\/\/dscvape.com\/wp-content\/uploads\/2020\/06\/Hellvape-Drip-tip-Passage-RDA-1.png\" alt=\"\" width=\"679\" height=\"106\" \/><\/p>\n<p>&nbsp;<\/p>\n<p style=\"text-align: center;\"><span style=\"text-decoration: underline; font-size: 14pt;\"><strong><span style=\"font-family: 'times new roman', times, serif; color: #000000; text-decoration: underline;\">Compatible avec les Bottom Feeder<\/span><\/strong><\/span><\/p>\n<p style=\"text-align: center;\"><span style=\"font-family: 'times new roman', times, serif;\">Le Bottom Feeder (BF), \u00e9galement appel\u00e9 &#8220;squonk&#8221;, est un dripper aliment\u00e9 par une bouteille situ\u00e9e dans la box qui vous fera gagn\u00e9 en autonomie.<\/span><\/p>\n<p style=\"text-align: center;\"><span style=\"font-family: 'times new roman', times, serif;\">Un pin 510 pr\u00e9-install\u00e9 rend le dripper compatible avec tous les mods. Le kit\u00a0 fournit en plus un pin squonk\u00a0 qui vous permet d&#8217;adapter votre dripper en squonk.<\/span><\/p>\n<p style=\"text-align: center;\"><span style=\"font-family: 'times new roman', times, serif;\">Changer de pin \u00e0 l&#8217;aide du tournevis fournit.<\/span><\/p>\n<p style=\"text-align: center;\"><span style=\"font-family: 'times new roman', times, serif;\">Le pin Squonk se distingue de par son trou pour faire passer le liquide depuis la bouteille.<\/span><img loading=\"lazy\" class=\" wp-image-39250 aligncenter\" src=\"https:\/\/dscvape.com\/wp-content\/uploads\/2020\/06\/authentic-gas-mods-replacement-bf-bottom-feeder-squonk-pin-for-nixon-v15-rdta-gold-stainless-steel.png\" alt=\"\" width=\"679\" height=\"168\" \/><\/p>\n<p>&nbsp;<\/p>\n","protected":false},"excerpt":{"rendered":"<p>HELLVAPE, c\u00e9l\u00e8bre pour ses atomiseurs reconstructible, vous propose aujourd&#8217;hui un nouveau dripper des plus performants : le PASSAGE RDA !<\/p>\n<p>En effet, compos\u00e9 d&#8217;un plateau de type velocity clamp, elle vous permettra d&#8217;accueillir un montage en double coils !<\/p>\n<p>De plus, un PIN BF (fourni) vous permettra de le rendre compatible avec les mods &#8216;&#8221;Botton feeder&#8221;.<\/p>\n<p>L&#8217;avantage de cet atomiseur reconstrutible ? Son DRIPTIP compos\u00e9 de propri\u00e9t\u00e9s antibact\u00e9riennes pour une hygi\u00e8ne plus que parfait !<\/p>\n","protected":false},"featured_media":77643,"comment_status":"closed","ping_status":"closed","template":"","meta":[],"marques":[8043],"bundle_layout":"","bundled_by":[],"bundled_items":[],"supplier_id":null,"supplier_sku":"","atum_controlled":true,"out_stock_date":null,"out_stock_threshold":null,"inheritable":false,"inbound_stock":null,"stock_on_hold":null,"sold_today":null,"sales_last_days":null,"reserved_stock":null,"customer_returns":null,"warehouse_damage":null,"lost_in_post":null,"other_logs":null,"out_stock_days":null,"lost_sales":null,"has_location":null,"update_date":null,"atum_locations":[],"atum_stock_status":"instock","low_stock":false,"mi_inventories":[],"multi_inventory":null,"inventory_sorting_mode":null,"inventory_iteration":null,"expirable_inventories":null,"price_per_inventory":null,"_links":{"self":[{"href":"https:\/\/lesaintlaurentvape.com\/en\/wp-json\/wp\/v2\/product\/103255\/"}],"collection":[{"href":"https:\/\/lesaintlaurentvape.com\/en\/wp-json\/wp\/v2\/product\/"}],"about":[{"href":"https:\/\/lesaintlaurentvape.com\/en\/wp-json\/wp\/v2\/types\/product\/"}],"replies":[{"embeddable":true,"href":"https:\/\/lesaintlaurentvape.com\/en\/wp-json\/wp\/v2\/comments\/?post=103255"}],"wp:featuredmedia":[{"embeddable":true,"href":"https:\/\/lesaintlaurentvape.com\/en\/wp-json\/wp\/v2\/media\/77643\/"}],"wp:attachment":[{"href":"https:\/\/lesaintlaurentvape.com\/en\/wp-json\/wp\/v2\/media\/?parent=103255"}],"wp:term":[{"taxonomy":"marques","embeddable":true,"href":"https:\/\/lesaintlaurentvape.com\/en\/wp-json\/wp\/v2\/marques\/?post=103255"}],"curies":[{"name":"wp","href":"https:\/\/api.w.org\/{rel}","templated":true}]}}