{"id":103252,"date":"2020-06-21T08:00:30","date_gmt":"2020-06-21T06:00:30","guid":{"rendered":"https:\/\/lesaintlaurentvape.com\/produit\/vandyvape-fil-resistif-10ft\/"},"modified":"2020-10-31T21:19:40","modified_gmt":"2020-10-31T20:19:40","slug":"vandyvape-fil-resistif-10ft","status":"publish","type":"product","link":"https:\/\/lesaintlaurentvape.com\/en\/produit\/vandyvape-fil-resistif-10ft\/","title":{"rendered":"VANDYVAPE &#8211; FIL RESISTIF 10ft"},"content":{"rendered":"","protected":false},"excerpt":{"rendered":"<p>Vandy Vape vous propose deux types de fils r\u00e9sistifs qui vous permettront de confectionner vos r\u00e9sistances en toute simplicit\u00e9 !<\/p>\n<p>D\u00e9couvrez :<\/p>\n<ul>\n<li>le SS316L 28GA (0.32mm) conditionner en bobine de 3 m\u00e8tres (10ft)<\/li>\n<li>le KA1 28GA (0.32mm) conditionner en bobine de 3 m\u00e8tres (10ft)<\/li>\n<\/ul>\n","protected":false},"featured_media":77637,"comment_status":"closed","ping_status":"closed","template":"","meta":[],"marques":[8040],"bundle_layout":"","bundled_by":[],"bundled_items":[],"supplier_id":null,"supplier_sku":"","atum_controlled":true,"out_stock_date":null,"out_stock_threshold":null,"inheritable":false,"inbound_stock":null,"stock_on_hold":null,"sold_today":null,"sales_last_days":null,"reserved_stock":null,"customer_returns":null,"warehouse_damage":null,"lost_in_post":null,"other_logs":null,"out_stock_days":null,"lost_sales":null,"has_location":null,"update_date":null,"atum_locations":[],"atum_stock_status":"instock","low_stock":false,"mi_inventories":[],"multi_inventory":null,"inventory_sorting_mode":null,"inventory_iteration":null,"expirable_inventories":null,"price_per_inventory":null,"_links":{"self":[{"href":"https:\/\/lesaintlaurentvape.com\/en\/wp-json\/wp\/v2\/product\/103252\/"}],"collection":[{"href":"https:\/\/lesaintlaurentvape.com\/en\/wp-json\/wp\/v2\/product\/"}],"about":[{"href":"https:\/\/lesaintlaurentvape.com\/en\/wp-json\/wp\/v2\/types\/product\/"}],"replies":[{"embeddable":true,"href":"https:\/\/lesaintlaurentvape.com\/en\/wp-json\/wp\/v2\/comments\/?post=103252"}],"wp:featuredmedia":[{"embeddable":true,"href":"https:\/\/lesaintlaurentvape.com\/en\/wp-json\/wp\/v2\/media\/77637\/"}],"wp:attachment":[{"href":"https:\/\/lesaintlaurentvape.com\/en\/wp-json\/wp\/v2\/media\/?parent=103252"}],"wp:term":[{"taxonomy":"marques","embeddable":true,"href":"https:\/\/lesaintlaurentvape.com\/en\/wp-json\/wp\/v2\/marques\/?post=103252"}],"curies":[{"name":"wp","href":"https:\/\/api.w.org\/{rel}","templated":true}]}}