{"id":103245,"date":"2020-06-21T07:41:33","date_gmt":"2020-06-21T05:41:33","guid":{"rendered":"https:\/\/lesaintlaurentvape.com\/produit\/wotofo-atomiseur-recurve-dual-rda\/"},"modified":"2020-10-31T21:19:37","modified_gmt":"2020-10-31T20:19:37","slug":"wotofo-atomiseur-recurve-dual-rda","status":"publish","type":"product","link":"https:\/\/lesaintlaurentvape.com\/en\/produit\/wotofo-atomiseur-recurve-dual-rda\/","title":{"rendered":"WOTOFO &#8211; Dripper Recurve Dual RDA"},"content":{"rendered":"<p style=\"text-align: center;\"><span style=\"font-family: 'times new roman', times, serif;\"><strong>Wotofo<\/strong> est une marque sp\u00e9cialis\u00e9e en cigarette \u00e9lectronique. Elle a gagn\u00e9 sa place sur le march\u00e9 gr\u00e2ce \u00e0 ses drippers. La marque propose \u00e9galement des boxs, du coton et des accus de qualit\u00e9.<\/span><\/p>\n<h1 style=\"text-align: center;\"><span style=\"text-decoration: underline; font-family: 'times new roman', times, serif; font-size: 24pt;\">DESCRIPTION<\/span><\/h1>\n<p><img loading=\"lazy\" class=\"size-full wp-image-39246 aligncenter\" src=\"https:\/\/dscvape.com\/wp-content\/uploads\/2020\/06\/Wotofo-Recurve-Dual-RDA-desciprtion-1.png\" alt=\"\" width=\"800\" height=\"247\" \/><\/p>\n<p>&nbsp;<\/p>\n<p style=\"text-align: center;\"><span style=\"text-decoration: underline; font-size: 14pt; color: #000000;\"><span style=\"font-family: 'times new roman', times, serif;\"><strong>Un plateau postless des plus pratiques<\/strong><\/span><\/span><\/p>\n<p style=\"text-align: center;\"><span style=\"font-family: 'times new roman', times, serif;\">Le dripper Recurve Dual RDA est d\u00f4t\u00e9 d&#8217;un plateau postless, c&#8217;est-\u00e0-dire que les plots sont dissimul\u00e9s dans la base du plateau. On aper\u00e7oit seulement les trous dans lesquels les fils vont passer.<\/span><\/p>\n<p style=\"text-align: center;\"><span style=\"font-family: 'times new roman', times, serif;\">Il est possible de monter le plateau en mono ou en double coils. Il suffit d&#8217;ins\u00e9rer les fils \u00e0 la verticale et de les visser \u00e0 l&#8217;horizontale.<\/span><\/p>\n<p style=\"text-align: center;\"><span style=\"font-family: 'times new roman', times, serif;\">\/! ATTENTION : Ne pas monter les fils sur le m\u00eame plot au risque d&#8217;avoir des courts-circuits.<\/span><\/p>\n<p style=\"text-align: center;\"><span style=\"font-family: 'times new roman', times, serif;\">La particularit\u00e9 de ce plateau est que les vis se situent \u00e0 l&#8217;ext\u00e9rieur, donc plus facile d&#8217;acc\u00e8s et plus facile pour monter les coils.<\/span><\/p>\n<p style=\"text-align: center;\"><span style=\"font-family: 'times new roman', times, serif;\">Gr\u00e2ce aux trous d&#8217;airflow situ\u00e9s tout de suite en face des coils, le dripper fournira un maximum de fum\u00e9e et d&#8217;excellentes saveurs.<\/span><\/p>\n<p><img loading=\"lazy\" class=\" wp-image-39234 aligncenter\" src=\"https:\/\/dscvape.com\/wp-content\/uploads\/2020\/06\/Wotofo-Recurve-Dual-RTA-description-plateau-1.png\" alt=\"\" width=\"934\" height=\"219\" \/><\/p>\n<p>&nbsp;<\/p>\n<p>&nbsp;<\/p>\n<p style=\"text-align: center;\"><span style=\"text-decoration: underline; font-size: 14pt; color: #000000;\"><span style=\"font-family: 'times new roman', times, serif;\"><strong>Monter les coils<\/strong><\/span><\/span><\/p>\n<p style=\"text-align: center;\"><span style=\"font-family: 'times new roman', times, serif;\">Le Dripper Recurve Dual propose un plateau assez simple \u00e0 monter en mono ou en double coils.<\/span><\/p>\n<p style=\"text-align: center;\"><span style=\"font-family: 'times new roman', times, serif;\">Le kit fournit 2 coils et un gabarit pour d\u00e9couper l&#8217;exc\u00e9dent de fil \u00e0 la longueur souhait\u00e9. Le fabriquant pr\u00e9conise de les couper \u00e0 7mm.<\/span><\/p>\n<p style=\"text-align: center;\"><span style=\"font-family: 'times new roman', times, serif;\">Cette m\u00e9thode vous dispense de manipulation compliqu\u00e9e ainsi qu&#8217;une mesure exacte.<\/span><\/p>\n<p><img loading=\"lazy\" class=\"wp-image-39242 aligncenter\" src=\"https:\/\/dscvape.com\/wp-content\/uploads\/2020\/06\/Wotofo-Recurve-Dual-RDA-Coupe.png\" alt=\"\" width=\"563\" height=\"246\" \/><\/p>\n<ul>\n<li><span style=\"font-family: 'times new roman', times, serif;\">Ins\u00e9rer les branches de vos coils dans chacun des p\u00f4les. \/! ATTENTION : Ne pas monter les fils sur le m\u00eame plot au risque d&#8217;avoir des courts-circuits.<\/span><\/li>\n<li><span style=\"font-family: 'times new roman', times, serif;\">Visser les vis situ\u00e9s \u00e0 l&#8217;ext\u00e9rieur du plateau.<\/span><\/li>\n<li><span style=\"font-family: 'times new roman', times, serif;\">Proc\u00e9der \u00e0 une chauffe \u00e0 blanc afin de s&#8217;assurer que la chauffe est homog\u00e8ne. En cas de points chauds, frotter sur le coil \u00e0 l&#8217;aide d&#8217;un tournevis ou d&#8217;une pince en c\u00e9ramique dans le but d&#8217;homog\u00e9n\u00e9iser la chauffe.<\/span><\/li>\n<li><span style=\"font-family: 'times new roman', times, serif;\">Ins\u00e9rer le coton dans les coils puis les extr\u00e9mit\u00e9s du coton dans le plateau.<\/span><\/li>\n<li><span style=\"font-family: 'times new roman', times, serif;\">Imbiber le coton de liquide et c&#8217;est pr\u00eat !<\/span><\/li>\n<\/ul>\n<p>&nbsp;<\/p>\n<p><img loading=\"lazy\" class=\" wp-image-39240 aligncenter\" src=\"https:\/\/dscvape.com\/wp-content\/uploads\/2020\/06\/Wotofo-Plateau-Recurve-Dual-montage-mono-et-double-coils.png\" alt=\"\" width=\"560\" height=\"209\" \/><\/p>\n<p>&nbsp;<\/p>\n<p><img loading=\"lazy\" class=\"wp-image-39244 aligncenter\" src=\"https:\/\/dscvape.com\/wp-content\/uploads\/2020\/06\/Hellevape-Dripper-coton.png\" alt=\"\" width=\"580\" height=\"295\" \/><\/p>\n<p>&nbsp;<\/p>\n<p style=\"text-align: center;\"><span style=\"text-decoration: underline; font-size: 14pt;\"><strong><span style=\"font-family: 'times new roman', times, serif; color: #000000; text-decoration: underline;\">Compatible avec les Bottom Feeder<\/span><\/strong><\/span><\/p>\n<p style=\"text-align: center;\"><span style=\"font-family: 'times new roman', times, serif;\">Le Bottom Feeder (BF), \u00e9galement appel\u00e9 &#8220;squonk&#8221;, est un dripper aliment\u00e9 par une bouteille situ\u00e9e dans la box qui vous fera gagn\u00e9 en autonomie.<\/span><\/p>\n<p style=\"text-align: center;\"><span style=\"font-family: 'times new roman', times, serif;\">Un pin 510 pr\u00e9-install\u00e9 rend le dripper compatible avec tous les mods. Le kit\u00a0 fournit en plus un pin squonk\u00a0 qui vous permet d&#8217;adapter votre dripper en squonk.<\/span><\/p>\n<p style=\"text-align: center;\"><span style=\"font-family: 'times new roman', times, serif;\">Changer de pin \u00e0 l&#8217;aide du tournevis fournit.<\/span><\/p>\n<p style=\"text-align: center;\"><span style=\"font-family: 'times new roman', times, serif;\">Le pin Squonk se distingue de par son trou pour faire passer le liquide depuis la bouteille.<\/span><img loading=\"lazy\" class=\" wp-image-39250 aligncenter\" src=\"https:\/\/dscvape.com\/wp-content\/uploads\/2020\/06\/authentic-gas-mods-replacement-bf-bottom-feeder-squonk-pin-for-nixon-v15-rdta-gold-stainless-steel.png\" alt=\"\" width=\"679\" height=\"168\" \/><\/p>\n","protected":false},"excerpt":{"rendered":"<p>D\u00e9couvrez la RECURVE DUAL RDA d\u00e9sign\u00e9 par le fameux Mike Vapes de chez Wotofo !<\/p>\n<p>Pr\u00e9sent\u00e9 avec un plateau postless 4 voies, il vous permettra de cr\u00e9er des r\u00e9sistances les plus insens\u00e9s !<\/p>\n<p>Son avantage ? Ses deux gigantesques air-flow de type &#8220;nid de gu\u00eape&#8221; pour un rendu en saveur plus que parfait!<\/p>\n<p>Ce mod\u00e8le est compatible avec tous les mods 510 et \u00e9galement les &#8220;Bottom Feeder&#8221; (BF) gr\u00e2ce au Pin BF fournit dans le kit.<\/p>\n<p>Et c&#8217;est pas fini ! Fait \u00e0 partir de mat\u00e9riaux inoxydable, cet atomiseur promet d&#8217;\u00eatre tr\u00e8s solide et r\u00e9sistant tout en gardant un prix tr\u00e8s abordable!<\/p>\n","protected":false},"featured_media":77623,"comment_status":"closed","ping_status":"closed","template":"","meta":[],"marques":[],"bundle_layout":"","bundled_by":[],"bundled_items":[],"supplier_id":null,"supplier_sku":"","atum_controlled":true,"out_stock_date":null,"out_stock_threshold":null,"inheritable":false,"inbound_stock":null,"stock_on_hold":null,"sold_today":null,"sales_last_days":null,"reserved_stock":null,"customer_returns":null,"warehouse_damage":null,"lost_in_post":null,"other_logs":null,"out_stock_days":null,"lost_sales":null,"has_location":null,"update_date":null,"atum_locations":[],"atum_stock_status":"instock","low_stock":false,"mi_inventories":[],"multi_inventory":null,"inventory_sorting_mode":null,"inventory_iteration":null,"expirable_inventories":null,"price_per_inventory":null,"_links":{"self":[{"href":"https:\/\/lesaintlaurentvape.com\/en\/wp-json\/wp\/v2\/product\/103245\/"}],"collection":[{"href":"https:\/\/lesaintlaurentvape.com\/en\/wp-json\/wp\/v2\/product\/"}],"about":[{"href":"https:\/\/lesaintlaurentvape.com\/en\/wp-json\/wp\/v2\/types\/product\/"}],"replies":[{"embeddable":true,"href":"https:\/\/lesaintlaurentvape.com\/en\/wp-json\/wp\/v2\/comments\/?post=103245"}],"wp:featuredmedia":[{"embeddable":true,"href":"https:\/\/lesaintlaurentvape.com\/en\/wp-json\/wp\/v2\/media\/77623\/"}],"wp:attachment":[{"href":"https:\/\/lesaintlaurentvape.com\/en\/wp-json\/wp\/v2\/media\/?parent=103245"}],"wp:term":[{"taxonomy":"marques","embeddable":true,"href":"https:\/\/lesaintlaurentvape.com\/en\/wp-json\/wp\/v2\/marques\/?post=103245"}],"curies":[{"name":"wp","href":"https:\/\/api.w.org\/{rel}","templated":true}]}}