{"id":103241,"date":"2020-06-21T07:10:52","date_gmt":"2020-06-21T05:10:52","guid":{"rendered":"https:\/\/lesaintlaurentvape.com\/produit\/geekvape-fil-resistif-clapton-mtl\/"},"modified":"2020-10-31T21:19:27","modified_gmt":"2020-10-31T20:19:27","slug":"geekvape-fil-resistif-clapton-mtl","status":"publish","type":"product","link":"https:\/\/lesaintlaurentvape.com\/en\/produit\/geekvape-fil-resistif-clapton-mtl\/","title":{"rendered":"GEEKVAPE &#8211; FIL RESISTIF CLAPTON MTL"},"content":{"rendered":"","protected":false},"excerpt":{"rendered":"<p>GEEKVAPE, connu dans le monde du reconstructible, vous propose trois versions de bobines de fil pour r\u00e9aliser vos montages sur des atomiseurs d\u00e9di\u00e9s \u00e0 la vape indirecte !<\/p>\n<p>En effet, en fonction du fil utilis\u00e9, variez votre type de r\u00e9sistances !<\/p>\n<p>Utilisez :<\/p>\n<ul>\n<li>Le KHANTAL A1 pour des r\u00e9sistances les plus fortes (3.04ohm\/ft)<\/li>\n<li>Le Ni80 pour des r\u00e9sistances moyennes (2,23ohm\/ft)<\/li>\n<li>Le SS316L pour des r\u00e9sistances faibles (1,74ohm\/ft)<\/li>\n<\/ul>\n","protected":false},"featured_media":77621,"comment_status":"closed","ping_status":"closed","template":"","meta":[],"marques":[7827],"bundle_layout":"","bundled_by":[],"bundled_items":[],"supplier_id":null,"supplier_sku":"","atum_controlled":true,"out_stock_date":null,"out_stock_threshold":null,"inheritable":false,"inbound_stock":null,"stock_on_hold":null,"sold_today":null,"sales_last_days":null,"reserved_stock":null,"customer_returns":null,"warehouse_damage":null,"lost_in_post":null,"other_logs":null,"out_stock_days":null,"lost_sales":null,"has_location":null,"update_date":null,"atum_locations":[],"atum_stock_status":"instock","low_stock":false,"mi_inventories":[],"multi_inventory":null,"inventory_sorting_mode":null,"inventory_iteration":null,"expirable_inventories":null,"price_per_inventory":null,"_links":{"self":[{"href":"https:\/\/lesaintlaurentvape.com\/en\/wp-json\/wp\/v2\/product\/103241\/"}],"collection":[{"href":"https:\/\/lesaintlaurentvape.com\/en\/wp-json\/wp\/v2\/product\/"}],"about":[{"href":"https:\/\/lesaintlaurentvape.com\/en\/wp-json\/wp\/v2\/types\/product\/"}],"replies":[{"embeddable":true,"href":"https:\/\/lesaintlaurentvape.com\/en\/wp-json\/wp\/v2\/comments\/?post=103241"}],"wp:featuredmedia":[{"embeddable":true,"href":"https:\/\/lesaintlaurentvape.com\/en\/wp-json\/wp\/v2\/media\/77621\/"}],"wp:attachment":[{"href":"https:\/\/lesaintlaurentvape.com\/en\/wp-json\/wp\/v2\/media\/?parent=103241"}],"wp:term":[{"taxonomy":"marques","embeddable":true,"href":"https:\/\/lesaintlaurentvape.com\/en\/wp-json\/wp\/v2\/marques\/?post=103241"}],"curies":[{"name":"wp","href":"https:\/\/api.w.org\/{rel}","templated":true}]}}