{"id":103237,"date":"2020-06-21T06:43:02","date_gmt":"2020-06-21T04:43:02","guid":{"rendered":"https:\/\/lesaintlaurentvape.com\/produit\/geekvape-fil-resistif-kanthal-a1\/"},"modified":"2020-10-31T21:19:23","modified_gmt":"2020-10-31T20:19:23","slug":"geekvape-fil-resistif-kanthal-a1","status":"publish","type":"product","link":"https:\/\/lesaintlaurentvape.com\/en\/produit\/geekvape-fil-resistif-kanthal-a1\/","title":{"rendered":"GEEKVAPE &#8211; FIL RESISTIF KANTHAL A1"},"content":{"rendered":"","protected":false},"excerpt":{"rendered":"<p>GEEKVAPE, connu dans le monde du reconstructible, vous propose trois versions de fils de Kanthal A1 :<\/p>\n<ul>\n<li>Kanthal A1 30 ft 24 GA : 0.51 mm<\/li>\n<li>Kanthal A1 30 ft 26 GA : 0.40 mm<\/li>\n<li>Kanthal A1 30 ft 28 GA : 0.32 mm<\/li>\n<\/ul>\n<p>Conditionn\u00e9 par bobine de 10ft (3 m\u00e8tres environ), elle vous permettra de r\u00e9aliser vos montages en toute simplicit\u00e9 !<\/p>\n","protected":false},"featured_media":77619,"comment_status":"closed","ping_status":"closed","template":"","meta":[],"marques":[7827],"bundle_layout":"","bundled_by":[],"bundled_items":[],"supplier_id":null,"supplier_sku":"","atum_controlled":true,"out_stock_date":null,"out_stock_threshold":null,"inheritable":false,"inbound_stock":null,"stock_on_hold":null,"sold_today":null,"sales_last_days":null,"reserved_stock":null,"customer_returns":null,"warehouse_damage":null,"lost_in_post":null,"other_logs":null,"out_stock_days":null,"lost_sales":null,"has_location":null,"update_date":null,"atum_locations":[],"atum_stock_status":"instock","low_stock":false,"mi_inventories":[],"multi_inventory":null,"inventory_sorting_mode":null,"inventory_iteration":null,"expirable_inventories":null,"price_per_inventory":null,"_links":{"self":[{"href":"https:\/\/lesaintlaurentvape.com\/en\/wp-json\/wp\/v2\/product\/103237\/"}],"collection":[{"href":"https:\/\/lesaintlaurentvape.com\/en\/wp-json\/wp\/v2\/product\/"}],"about":[{"href":"https:\/\/lesaintlaurentvape.com\/en\/wp-json\/wp\/v2\/types\/product\/"}],"replies":[{"embeddable":true,"href":"https:\/\/lesaintlaurentvape.com\/en\/wp-json\/wp\/v2\/comments\/?post=103237"}],"wp:featuredmedia":[{"embeddable":true,"href":"https:\/\/lesaintlaurentvape.com\/en\/wp-json\/wp\/v2\/media\/77619\/"}],"wp:attachment":[{"href":"https:\/\/lesaintlaurentvape.com\/en\/wp-json\/wp\/v2\/media\/?parent=103237"}],"wp:term":[{"taxonomy":"marques","embeddable":true,"href":"https:\/\/lesaintlaurentvape.com\/en\/wp-json\/wp\/v2\/marques\/?post=103237"}],"curies":[{"name":"wp","href":"https:\/\/api.w.org\/{rel}","templated":true}]}}