{"id":103236,"date":"2020-06-21T06:27:57","date_gmt":"2020-06-21T04:27:57","guid":{"rendered":"https:\/\/lesaintlaurentvape.com\/produit\/geekvape-plateau-zeus-x-mesh-version-build-deck\/"},"modified":"2020-10-31T21:19:17","modified_gmt":"2020-10-31T20:19:17","slug":"geekvape-plateau-zeus-x-mesh-version-build-deck","status":"publish","type":"product","link":"https:\/\/lesaintlaurentvape.com\/en\/produit\/geekvape-plateau-zeus-x-mesh-version-build-deck\/","title":{"rendered":"GEEKVAPE &#8211; PLATEAU  ZEUS X MESH VERSION BUILD DECK"},"content":{"rendered":"<h2 style=\"text-align: center;\">DESCRIPTION<\/h2>\n<p><img loading=\"lazy\" class=\" wp-image-38487 aligncenter\" src=\"https:\/\/dscvape.com\/wp-content\/uploads\/2020\/06\/zeus-x-mesh-version-build-deck-geek-vape-description-2.png\" alt=\"\" width=\"603\" height=\"280\" \/><\/p>\n<p>&nbsp;<\/p>\n<p style=\"text-align: center;\"><span style=\"text-decoration: underline; color: #000000;\"><span style=\"font-family: 'times new roman', times, serif;\"><strong>Comment monter sa r\u00e9sistance ?<\/strong><\/span><\/span><\/p>\n<ul>\n<li>Presser la mesh autour du rouleau fourni dans le kit de sorte \u00e0 former un demi-cercle.<\/li>\n<\/ul>\n<p><img loading=\"lazy\" class=\"alignnone wp-image-38477 aligncenter\" src=\"https:\/\/dscvape.com\/wp-content\/uploads\/2020\/06\/Geekvape-plateau-Zeus-X-Mesh-Descrption-1-1.png\" alt=\"\" width=\"402\" height=\"266\" \/><\/p>\n<ul>\n<li>Placer les extr\u00e9mit\u00e9s de la mesh dans les \u00e9taux et visser.<\/li>\n<\/ul>\n<p>&nbsp;<\/p>\n<p><img loading=\"lazy\" class=\" wp-image-38435 aligncenter\" src=\"https:\/\/dscvape.com\/wp-content\/uploads\/2020\/06\/Geekvape-Plateau-Zeus-X-Mesh-version-Build-Deck-description-2.png\" alt=\"\" width=\"261\" height=\"227\" \/><\/p>\n<ul>\n<li>Effectuer une chauffe \u00e0 blanc afin de v\u00e9rifier que la chauffe est uniforme. (Si vous avez des points chauds, gratter la m\u00e8che \u00e0 l&#8217;aide d&#8217;une pince en c\u00e9ramique afin d&#8217;homog\u00e9n\u00e9iser la chauffe)<\/li>\n<\/ul>\n<p><img loading=\"lazy\" class=\" wp-image-38505 aligncenter\" src=\"https:\/\/dscvape.com\/wp-content\/uploads\/2020\/06\/Geekvape-plateau-zeus-x-mesh-description-2.png\" alt=\"\" width=\"763\" height=\"262\" \/><\/p>\n<ul>\n<li>Ins\u00e9rer le coton entre la mesh et la pi\u00e8ce en c\u00e9ramique.<\/li>\n<li>Couper le coton de sorte qu&#8217;il soit en contact avec le plateau lorsqu&#8217;il sera introduit dans les cuves.<\/li>\n<li>Etoffer les extr\u00e9mit\u00e9s du coton \u00e0 l&#8217;aide d&#8217;une pince en c\u00e9ramique et ins\u00e9rer-les dans les cuves pr\u00e9vues \u00e0 cet effet.<\/li>\n<\/ul>\n<p><img loading=\"lazy\" class=\"alignnone size-full wp-image-38485 aligncenter\" src=\"https:\/\/dscvape.com\/wp-content\/uploads\/2020\/06\/Geekvape-coton.png\" alt=\"\" width=\"280\" height=\"256\" \/><\/p>\n<ul>\n<li>Imbiber le coton de liquide, c&#8217;est pr\u00eat !<\/li>\n<\/ul>\n<p>&nbsp;<\/p>\n","protected":false},"excerpt":{"rendered":"<p>Besoin d&#8217;un nouveau plateau de montage ?<\/p>\n<p>Ce plateau reconstructible ZEUS X MESH VERSION BUILD DECK est fait pour vous !<\/p>\n<p>En effet, compatible avec l&#8217;atomiseur ZEUS X RTA, ce plateau vous permettra de passer \u00e0 un atomiseur ZEUX X MESH en un clin d&#8217;oeil !<\/p>\n","protected":false},"featured_media":77617,"comment_status":"closed","ping_status":"closed","template":"","meta":[],"marques":[7827],"bundle_layout":"","bundled_by":[],"bundled_items":[],"supplier_id":null,"supplier_sku":"","atum_controlled":true,"out_stock_date":null,"out_stock_threshold":null,"inheritable":false,"inbound_stock":null,"stock_on_hold":0,"sold_today":0,"sales_last_days":0,"reserved_stock":null,"customer_returns":null,"warehouse_damage":null,"lost_in_post":null,"other_logs":null,"out_stock_days":0,"lost_sales":0,"has_location":null,"update_date":"2020-11-02T23:20:46","atum_locations":[],"atum_stock_status":"instock","low_stock":false,"mi_inventories":[732],"multi_inventory":null,"inventory_sorting_mode":null,"inventory_iteration":null,"expirable_inventories":null,"price_per_inventory":null,"_links":{"self":[{"href":"https:\/\/lesaintlaurentvape.com\/en\/wp-json\/wp\/v2\/product\/103236\/"}],"collection":[{"href":"https:\/\/lesaintlaurentvape.com\/en\/wp-json\/wp\/v2\/product\/"}],"about":[{"href":"https:\/\/lesaintlaurentvape.com\/en\/wp-json\/wp\/v2\/types\/product\/"}],"replies":[{"embeddable":true,"href":"https:\/\/lesaintlaurentvape.com\/en\/wp-json\/wp\/v2\/comments\/?post=103236"}],"wp:featuredmedia":[{"embeddable":true,"href":"https:\/\/lesaintlaurentvape.com\/en\/wp-json\/wp\/v2\/media\/77617\/"}],"wp:attachment":[{"href":"https:\/\/lesaintlaurentvape.com\/en\/wp-json\/wp\/v2\/media\/?parent=103236"}],"wp:term":[{"taxonomy":"marques","embeddable":true,"href":"https:\/\/lesaintlaurentvape.com\/en\/wp-json\/wp\/v2\/marques\/?post=103236"}],"curies":[{"name":"wp","href":"https:\/\/api.w.org\/{rel}","templated":true}]}}