{"id":103230,"date":"2020-06-20T18:03:10","date_gmt":"2020-06-20T16:03:10","guid":{"rendered":"https:\/\/lesaintlaurentvape.com\/produit\/geekvape-clearomiseur-zeus-x-rta\/"},"modified":"2020-10-31T21:19:17","modified_gmt":"2020-10-31T20:19:17","slug":"geekvape-clearomiseur-zeus-x-rta","status":"publish","type":"product","link":"https:\/\/lesaintlaurentvape.com\/en\/produit\/geekvape-clearomiseur-zeus-x-rta\/","title":{"rendered":"GEEKVAPE &#8211; CLEAROMISEUR ZEUS X RTA"},"content":{"rendered":"<p style=\"text-align: center;\"><span style=\"text-decoration: underline; color: #000000;\"><strong><span style=\"font-size: 24pt; font-family: 'times new roman', times, serif;\">DESCRIPTION<\/span><\/strong><\/span><\/p>\n<p><img loading=\"lazy\" class=\" wp-image-39020 aligncenter\" src=\"https:\/\/dscvape.com\/wp-content\/uploads\/2020\/06\/Zeus-X-RTA-description-1.png\" alt=\"\" width=\"542\" height=\"542\" \/><\/p>\n<p style=\"text-align: center;\"><strong><span style=\"text-decoration: underline; font-size: 18pt; color: #000000;\"><span style=\"font-family: 'courier new', courier, monospace;\">REMPLISSAGE<\/span><\/span><\/strong><\/p>\n<p style=\"text-align: center;\">D\u00e9visser le top cap afin d&#8217;avoir acc\u00e8s au trou de remplissage.<\/p>\n<p style=\"text-align: center;\">\/! ATTENTION : Ne pas mettre du liquide dans le trou au milieu au risque d&#8217;avoir des remont\u00e9es de liquide.<\/p>\n<p><img loading=\"lazy\" class=\" wp-image-37161 aligncenter\" src=\"https:\/\/dscvape.com\/wp-content\/uploads\/2020\/06\/Zeus-X-RTA-remplissage-1.png\" alt=\"\" width=\"941\" height=\"397\" \/><\/p>\n<p>&nbsp;<\/p>\n<p style=\"text-align: center;\"><span style=\"text-decoration: underline; color: #000000; font-size: 18pt; font-family: 'courier new', courier, monospace;\"><strong>Un plateau double coils<\/strong><\/span><\/p>\n<p style=\"text-align: center;\">Le plateau postless Zeus X RTA est con\u00e7u pour faciliter le montage de votre coil.<\/p>\n<p style=\"text-align: center;\">Orient\u00e9 vers du double coil, il est tout de m\u00eame possible de le monter en simple coil.<\/p>\n<p style=\"text-align: center;\">Les fans de grosses fum\u00e9es vont l&#8217;adorer.<\/p>\n<p style=\"text-align: center;\"><img loading=\"lazy\" class=\"alignnone wp-image-39010\" src=\"https:\/\/dscvape.com\/wp-content\/uploads\/2020\/06\/geekvape_zeus_x_rta__13.png\" alt=\"\" width=\"899\" height=\"243\" \/><\/p>\n<p>&nbsp;<\/p>\n<p><strong><span style=\"text-decoration: underline; color: #000000;\"><span style=\"font-family: 'times new roman', times, serif;\">Installation simple coil :<\/span><\/span><\/strong><\/p>\n<p><img loading=\"lazy\" class=\" wp-image-38958 aligncenter\" src=\"https:\/\/dscvape.com\/wp-content\/uploads\/2020\/06\/coil.png\" alt=\"\" width=\"299\" height=\"205\" \/><\/p>\n<p>&nbsp;<\/p>\n<p><strong><span style=\"text-decoration: underline; color: #000000;\"><span style=\"font-family: 'times new roman', times, serif;\">Installation double coils :<\/span><\/span><\/strong><br \/>\n<img loading=\"lazy\" class=\" wp-image-38904 aligncenter\" src=\"https:\/\/dscvape.com\/wp-content\/uploads\/2020\/06\/Geekvape-plateau-Zeus-x-RTA.png\" alt=\"\" width=\"253\" height=\"232\" \/><\/p>\n<p style=\"text-align: center;\">\/! Ne pas oublier de couper l&#8217;exc\u00e9dent de fil quand la r\u00e9sistance est install\u00e9e afin qu&#8217;il ne touche pas la cloche pour \u00e9viter les courts-circuits.<\/p>\n<p>&nbsp;<\/p>\n<ul>\n<li>Ins\u00e9rer le coton dans le(s) coil(s).<\/li>\n<li>Couper le coton de sorte qu&#8217;il soit en contact avec le plateau lorsqu&#8217;il sera introduit dans les cuves.<\/li>\n<li>Etoffer les extr\u00e9mit\u00e9s du coton \u00e0 l&#8217;aide d&#8217;une pince en c\u00e9ramique et ins\u00e9rer-les dans les cuves pr\u00e9vues \u00e0 cet effet.<\/li>\n<li>Imbiber le coton de liquide, c&#8217;est pr\u00eat !<\/li>\n<\/ul>\n<p><img loading=\"lazy\" class=\" wp-image-38994 aligncenter\" src=\"https:\/\/dscvape.com\/wp-content\/uploads\/2020\/06\/montage1.png\" alt=\"\" width=\"338\" height=\"246\" \/><\/p>\n<p>&nbsp;<\/p>\n<p>&nbsp;<\/p>\n<p>&nbsp;<\/p>\n","protected":false},"excerpt":{"rendered":"<p>Le l\u00e9gendaire clearomiseur <strong>reconstructible<\/strong> ZEUS X RTA de chez Geekvape est un indispensable pour les amateurs de grosses fum\u00e9es !<\/p>\n<p>Pouvant contenir jusqu&#8217;\u00e0 4,5 ML de liquide et compos\u00e9 d&#8217;un remplissage ing\u00e9nieux, ce tank vous simplifiera la vie !<\/p>\n<p>La diff\u00e9rence avec les autres atomiseur de la marque ?<\/p>\n<p>Ce clearomiseur est con\u00e7u avec un plateau postless sur\u00e9lev\u00e9 qui vous permettra de r\u00e9aliser des montages \u00e0 simple coil et aussi \u00e0 double coil en toute simplicit\u00e9 !<\/p>\n","protected":false},"featured_media":77605,"comment_status":"closed","ping_status":"closed","template":"","meta":[],"marques":[7827],"bundle_layout":"","bundled_by":[],"bundled_items":[],"supplier_id":null,"supplier_sku":"","atum_controlled":true,"out_stock_date":null,"out_stock_threshold":null,"inheritable":false,"inbound_stock":null,"stock_on_hold":null,"sold_today":null,"sales_last_days":null,"reserved_stock":null,"customer_returns":null,"warehouse_damage":null,"lost_in_post":null,"other_logs":null,"out_stock_days":null,"lost_sales":null,"has_location":null,"update_date":null,"atum_locations":[],"atum_stock_status":"instock","low_stock":false,"mi_inventories":[],"multi_inventory":null,"inventory_sorting_mode":null,"inventory_iteration":null,"expirable_inventories":null,"price_per_inventory":null,"_links":{"self":[{"href":"https:\/\/lesaintlaurentvape.com\/en\/wp-json\/wp\/v2\/product\/103230\/"}],"collection":[{"href":"https:\/\/lesaintlaurentvape.com\/en\/wp-json\/wp\/v2\/product\/"}],"about":[{"href":"https:\/\/lesaintlaurentvape.com\/en\/wp-json\/wp\/v2\/types\/product\/"}],"replies":[{"embeddable":true,"href":"https:\/\/lesaintlaurentvape.com\/en\/wp-json\/wp\/v2\/comments\/?post=103230"}],"wp:featuredmedia":[{"embeddable":true,"href":"https:\/\/lesaintlaurentvape.com\/en\/wp-json\/wp\/v2\/media\/77605\/"}],"wp:attachment":[{"href":"https:\/\/lesaintlaurentvape.com\/en\/wp-json\/wp\/v2\/media\/?parent=103230"}],"wp:term":[{"taxonomy":"marques","embeddable":true,"href":"https:\/\/lesaintlaurentvape.com\/en\/wp-json\/wp\/v2\/marques\/?post=103230"}],"curies":[{"name":"wp","href":"https:\/\/api.w.org\/{rel}","templated":true}]}}