{"id":103226,"date":"2020-06-20T17:38:46","date_gmt":"2020-06-20T15:38:46","guid":{"rendered":"https:\/\/lesaintlaurentvape.com\/produit\/geekvape-clearomiseur-zeus-subohm\/"},"modified":"2020-10-31T21:19:07","modified_gmt":"2020-10-31T20:19:07","slug":"geekvape-clearomiseur-zeus-subohm","status":"publish","type":"product","link":"https:\/\/lesaintlaurentvape.com\/en\/produit\/geekvape-clearomiseur-zeus-subohm\/","title":{"rendered":"GEEKVAPE &#8211; CLEAROMISEUR ZEUS SUBOHM"},"content":{"rendered":"<h1 style=\"text-align: center;\"><span style=\"text-decoration: underline;\"><strong>DESCRIPTION<\/strong><\/span><\/h1>\n<p><a href=\"https:\/\/dscvape.com\/wp-content\/uploads\/2020\/06\/zeus-composants-1.png\"><img loading=\"lazy\" class=\"aligncenter wp-image-37216\" src=\"https:\/\/dscvape.com\/wp-content\/uploads\/2020\/06\/zeus-composants-1.png\" alt=\"\" width=\"767\" height=\"260\" \/><\/a><\/p>\n<p>&nbsp;<\/p>\n<p style=\"text-align: center;\"><span style=\"text-decoration: underline;\"><strong><span style=\"color: #000000; text-decoration: underline;\">Remplissage du clearomiseur Zeus Sub Ohm<\/span><\/strong><\/span><\/p>\n<p style=\"text-align: center;\">D\u00e9visser le top cap pour avoir acc\u00e8s au trou de remplissage.<\/p>\n<p style=\"text-align: center;\">\/! ATTENTION : Ne pas mettre de liquide dans le trou au milieu, au risque d&#8217;avoir des remont\u00e9es de liquides en bouche.<\/p>\n<p><a href=\"https:\/\/dscvape.com\/wp-content\/uploads\/2020\/06\/Geekvape-Clearomiseur-Zeus-Sub-ohm-remplissage.png\"><img loading=\"lazy\" class=\"aligncenter size-full wp-image-37213\" src=\"https:\/\/dscvape.com\/wp-content\/uploads\/2020\/06\/Geekvape-Clearomiseur-Zeus-Sub-ohm-remplissage.png\" alt=\"\" width=\"391\" height=\"302\" \/><\/a><\/p>\n<p>&nbsp;<\/p>\n<p style=\"text-align: center;\"><span style=\"text-decoration: underline; color: #000000;\"><strong>Changer la r\u00e9sistance<\/strong><\/span><\/p>\n<p style=\"text-align: center;\">Pour changer la r\u00e9sistance, d\u00e9visser le bottom cap pour avoir acc\u00e8s \u00e0 la r\u00e9sistance.<\/p>\n<p style=\"text-align: center;\">Avec l&#8217;aide de la clef fournie dans le kit, retirez-la et ins\u00e9rez-en une nouvelle <strong><span style=\"text-decoration: underline;\">entre les cales<\/span><\/strong> du r\u00e9servoir.<\/p>\n<p><img loading=\"lazy\" class=\"wp-image-37267 aligncenter\" src=\"https:\/\/dscvape.com\/wp-content\/uploads\/2020\/06\/Changement-r\u00e9sistance.png\" alt=\"\" width=\"499\" height=\"287\" \/><\/p>\n<p style=\"text-align: center;\"><span style=\"font-family: arial, helvetica, sans-serif;\"><span style=\"text-decoration: underline;\"><strong>RAPPEL<\/strong> <\/span>: Peu importe l\u2019appareil, il est tr\u00e8s important de faire l\u2019<strong>amor\u00e7age<\/strong> de la r\u00e9sistance. <\/span><\/p>\n<p style=\"text-align: center;\"><span style=\"font-family: arial, helvetica, sans-serif;\">\u00a0Etant donn\u00e9 qu\u2019une r\u00e9sistance est compos\u00e9e de coton, lors de la premi\u00e8re utilisation (ou lorsque vous changez de r\u00e9sistance) celle-ci est compl\u00e8tement sec. Il faut donc laisser baigner la r\u00e9sistance dans le liquide apr\u00e8s le remplissage plusieurs minutes (environ 10-15min) pour \u00e9viter que celle-ci ne br\u00fble pr\u00e9matur\u00e9ment n\u2019\u00e9tant pas imbib\u00e9e de liquide lorsque l\u2019appareil la chauffe.<\/span><\/p>\n<p>&nbsp;<\/p>\n<p>&nbsp;<\/p>\n","protected":false},"excerpt":{"rendered":"<p>Le clearomiseur ZEUS SUB OHM de chez Geekvape est un atomiseur reconstructible tr\u00e8s performant !<\/p>\n<p>En effet, ce remplissant par le haut, le r\u00e9servoir BULB peut contenir jusqu&#8217;\u00e0 5 ML de liquide et est parfait pour une vape all-day!<\/p>\n<p>De plus, avec ses r\u00e9sistances ZEUS SUB OHM :<\/p>\n<ul>\n<li>Mesh Z1 coil 0,4ohm (60-70watts )<\/li>\n<li>Mesh Z2 coil 0.2ohm (70-80watts )<\/li>\n<\/ul>\n<p>Il est parfait pour les amateurs de grosses fum\u00e9es !<\/p>\n<p>Pour une restitution des saveurs irr\u00e9prochable, il est conseill\u00e9 d&#8217;utiliser des liquides compos\u00e9s d&#8217;un taux \u00e9lev\u00e9 de glyc\u00e9rine v\u00e9g\u00e9tale (VG).<\/p>\n<p>PVC TTC : 27,90\u20ac<\/p>\n","protected":false},"featured_media":77589,"comment_status":"closed","ping_status":"closed","template":"","meta":[],"marques":[7827],"bundle_layout":"","bundled_by":[],"bundled_items":[],"supplier_id":null,"supplier_sku":"","atum_controlled":true,"out_stock_date":null,"out_stock_threshold":null,"inheritable":false,"inbound_stock":null,"stock_on_hold":null,"sold_today":null,"sales_last_days":null,"reserved_stock":null,"customer_returns":null,"warehouse_damage":null,"lost_in_post":null,"other_logs":null,"out_stock_days":null,"lost_sales":null,"has_location":null,"update_date":null,"atum_locations":[],"atum_stock_status":"instock","low_stock":false,"mi_inventories":[],"multi_inventory":null,"inventory_sorting_mode":null,"inventory_iteration":null,"expirable_inventories":null,"price_per_inventory":null,"_links":{"self":[{"href":"https:\/\/lesaintlaurentvape.com\/en\/wp-json\/wp\/v2\/product\/103226\/"}],"collection":[{"href":"https:\/\/lesaintlaurentvape.com\/en\/wp-json\/wp\/v2\/product\/"}],"about":[{"href":"https:\/\/lesaintlaurentvape.com\/en\/wp-json\/wp\/v2\/types\/product\/"}],"replies":[{"embeddable":true,"href":"https:\/\/lesaintlaurentvape.com\/en\/wp-json\/wp\/v2\/comments\/?post=103226"}],"wp:featuredmedia":[{"embeddable":true,"href":"https:\/\/lesaintlaurentvape.com\/en\/wp-json\/wp\/v2\/media\/77589\/"}],"wp:attachment":[{"href":"https:\/\/lesaintlaurentvape.com\/en\/wp-json\/wp\/v2\/media\/?parent=103226"}],"wp:term":[{"taxonomy":"marques","embeddable":true,"href":"https:\/\/lesaintlaurentvape.com\/en\/wp-json\/wp\/v2\/marques\/?post=103226"}],"curies":[{"name":"wp","href":"https:\/\/api.w.org\/{rel}","templated":true}]}}