{"id":103201,"date":"2020-06-15T13:56:14","date_gmt":"2020-06-15T11:56:14","guid":{"rendered":"https:\/\/lesaintlaurentvape.com\/produit\/vaporesso-sky-solo-plus-kit\/"},"modified":"2020-10-31T21:21:24","modified_gmt":"2020-10-31T20:21:24","slug":"vaporesso-sky-solo-plus-kit","status":"publish","type":"product","link":"https:\/\/lesaintlaurentvape.com\/en\/produit\/vaporesso-sky-solo-plus-kit\/","title":{"rendered":"Vaporesso &#8211; Sky Solo Plus Kit"},"content":{"rendered":"<h1 style=\"text-align: center;\">DESCRIPTION<\/h1>\n<p><img loading=\"lazy\" class=\"size-full wp-image-35618 aligncenter\" src=\"https:\/\/dscvape.com\/wp-content\/uploads\/2020\/06\/Vaporesso-Sky-Solo-Plus-kit-Bleu.png\" alt=\"\" width=\"700\" height=\"383\" \/><\/p>\n<p>&nbsp;<\/p>\n<p style=\"text-align: center;\">La Sky Solo Plus peut \u00eatre appel\u00e9 un appareil &#8220;tout-en-un&#8221; car le clearomiseur est directement int\u00e9gr\u00e9 \u00e0 la batterie.<\/p>\n<p style=\"text-align: center;\">Son r\u00e9servoir de forme bomb\u00e9e peut contenir jusqu&#8217;\u00e0 8mL d&#8217;e-liquide et sa batterie 3000 mAh.<\/p>\n<p style=\"text-align: center;\">Cet appareil garantit une vape all-day.<\/p>\n<p>&nbsp;<\/p>\n<h3 style=\"text-align: center;\">D\u00e9marrer\/Eteindre l&#8217;appareil<\/h3>\n<p style=\"text-align: center;\">Tr\u00e8s simplement, presser 5 fois rapidement le bouton Fire pour l&#8217;allume, de m\u00eame pour l&#8217;\u00e9teindre.<\/p>\n<p>&nbsp;<\/p>\n<h3 style=\"text-align: center;\">Remplissage simple<\/h3>\n<p>&nbsp;<\/p>\n<p><img loading=\"lazy\" class=\"size-full wp-image-35620 aligncenter\" src=\"https:\/\/dscvape.com\/wp-content\/uploads\/2020\/06\/remplissage-kit-sky-solo-plus-vaporesso.png\" alt=\"\" width=\"501\" height=\"302\" \/><\/p>\n<p>&nbsp;<\/p>\n<h3 style=\"text-align: center;\">Changer la r\u00e9sistance<\/h3>\n<p style=\"text-align: center;\">D\u00e9visser le r\u00e9servoir pour acc\u00e9der \u00e0 la r\u00e9sistance, d\u00e9visser cette derni\u00e8re us\u00e9e afin de la remplacer par une neuve puis revisser le tout.<\/p>\n<p>&nbsp;<\/p>\n<p><img loading=\"lazy\" class=\"size-full wp-image-35625 aligncenter\" src=\"https:\/\/dscvape.com\/wp-content\/uploads\/2020\/06\/yihi_sxmini_mi_class_replacement_pods_1-compressor.png\" alt=\"\" width=\"514\" height=\"483\" \/><\/p>\n<p style=\"text-align: center;\">Attention, peu importe l\u2019appareil, il est tr\u00e8s important de faire l\u2019amor\u00e7age de la r\u00e9sistance. Rappel : Etant donn\u00e9 qu\u2019une r\u00e9sistance est compos\u00e9e de coton, lors de la premi\u00e8re utilisation (ou lorsque vous changez de r\u00e9sistance) celle-ci est compl\u00e8tement s\u00e8che. Il faut donc laisser baigner la r\u00e9sistance dans le liquide apr\u00e8s le remplissage plusieurs minutes (environ 10-15min) pour \u00e9viter que celle-ci ne br\u00fble pr\u00e9matur\u00e9ment n\u2019\u00e9tant pas imbib\u00e9e de liquide lors que l\u2019appareil la chauffe.<\/p>\n<p>&nbsp;<\/p>\n<h3 style=\"text-align: center;\">Les r\u00e9sistances GT Core<\/h3>\n<p style=\"text-align: center;\">Les r\u00e9sistances GT Core de Vaporesso vous garantissent de beaux nuages de fum\u00e9es tr\u00e8s abondantes ainsi qu&#8217;un rendu saveur excellent.<\/p>\n<p style=\"text-align: center;\">La marque vous propose une large gamme pour choisir la vape qui vous convient.<\/p>\n<h5 style=\"text-align: center;\"><span style=\"text-decoration: underline;\">La diff\u00e9rence entre les r\u00e9sistances<\/span><\/h5>\n<p style=\"text-align: center;\">RAPPEL : Une r\u00e9sistance (coil) est compos\u00e9e de coton entour\u00e9 de fil r\u00e9sistif qui va chauffer le e-liquide imbib\u00e9 et le changer en vapeur.<\/p>\n<p style=\"text-align: center;\">Les <strong>r\u00e9sistance \u00e0 simple coil<\/strong> <em>(GT1, GT2, GT CCELL2)<\/em> consomment moins d&#8217;e-liquide car une seule m\u00e8che est en contacte, ainsi elles n\u00e9cessitent moins de puissance donc consomment moins de batterie.<\/p>\n<p style=\"text-align: center;\">La production de vapeur est donc un peu moins abondante par rapport aux r\u00e9sistances \u00e0 plusieurs coils.<\/p>\n<p style=\"text-align: center;\">Les <strong>r\u00e9sistances \u00e0 plusieurs coils<\/strong> <em>(GT4, GT6, GT8)<\/em> consomment plus d&#8217;e-liquides car plusieurs m\u00e8ches sont en contactent avec l&#8217;e-liquide, elles n\u00e9cessiteront donc plus de puissance pour chauffer, la consommation de batterie est donc plus importante compar\u00e9 \u00e0 une r\u00e9sistance \u00e0 simple coil.<\/p>\n<p style=\"text-align: center;\">Cependant, les nuages de fum\u00e9e sont beaucoup plus denses.<\/p>\n<p><img loading=\"lazy\" class=\"aligncenter wp-image-3733 \" src=\"https:\/\/dscvape.fr\/wp-content\/uploads\/2018\/11\/GT-CoreCOIL.png\" alt=\"Vaporesso NRG\" width=\"1351\" height=\"422\" \/><\/p>\n","protected":false},"excerpt":{"rendered":"<p>La Sky Solo Plus de Vaporesso, un kit dit &#8220;tout-en-un&#8221; pour une puissance au maximum. Sp\u00e9cialement con\u00e7ue pour les d\u00e9butants gr\u00e2ce \u00e0 son bouton unique et sa batterie sans r\u00e9glage, elle saura plaire \u00e9galement aux vapoteurs plus exp\u00e9riment\u00e9s. Avec une batterie int\u00e9gr\u00e9e 3000mAh et un grand r\u00e9servoir de 8mL, ce kit est id\u00e9al pour tous ceux qui sont en recherche de grands nuages.<\/p>\n<p>Compatibles avec les r\u00e9sistances GT Core de Vaporesso.<\/p>\n<p>PVC TTC : 32.90\u20ac<\/p>\n<p><a href=\"https:\/\/dscvape.com\/wp-content\/uploads\/2020\/06\/Aide-\u00e0-la-vente-Vaporesso-Sky-Solo-Plus.pdf\">Aide \u00e0 la vente Vaporesso Sky Solo Plus<\/a><\/p>\n","protected":false},"featured_media":77571,"comment_status":"closed","ping_status":"closed","template":"","meta":[],"marques":[7545],"bundle_layout":"","bundled_by":[],"bundled_items":[],"supplier_id":null,"supplier_sku":"","atum_controlled":true,"out_stock_date":null,"out_stock_threshold":null,"inheritable":false,"inbound_stock":null,"stock_on_hold":null,"sold_today":null,"sales_last_days":null,"reserved_stock":null,"customer_returns":null,"warehouse_damage":null,"lost_in_post":null,"other_logs":null,"out_stock_days":null,"lost_sales":null,"has_location":null,"update_date":null,"atum_locations":[],"atum_stock_status":"instock","low_stock":false,"mi_inventories":[],"multi_inventory":null,"inventory_sorting_mode":null,"inventory_iteration":null,"expirable_inventories":null,"price_per_inventory":null,"_links":{"self":[{"href":"https:\/\/lesaintlaurentvape.com\/en\/wp-json\/wp\/v2\/product\/103201\/"}],"collection":[{"href":"https:\/\/lesaintlaurentvape.com\/en\/wp-json\/wp\/v2\/product\/"}],"about":[{"href":"https:\/\/lesaintlaurentvape.com\/en\/wp-json\/wp\/v2\/types\/product\/"}],"replies":[{"embeddable":true,"href":"https:\/\/lesaintlaurentvape.com\/en\/wp-json\/wp\/v2\/comments\/?post=103201"}],"wp:featuredmedia":[{"embeddable":true,"href":"https:\/\/lesaintlaurentvape.com\/en\/wp-json\/wp\/v2\/media\/77571\/"}],"wp:attachment":[{"href":"https:\/\/lesaintlaurentvape.com\/en\/wp-json\/wp\/v2\/media\/?parent=103201"}],"wp:term":[{"taxonomy":"marques","embeddable":true,"href":"https:\/\/lesaintlaurentvape.com\/en\/wp-json\/wp\/v2\/marques\/?post=103201"}],"curies":[{"name":"wp","href":"https:\/\/api.w.org\/{rel}","templated":true}]}}