{"id":103192,"date":"2020-06-10T16:02:26","date_gmt":"2020-06-10T14:02:26","guid":{"rendered":"https:\/\/lesaintlaurentvape.com\/produit\/vaporesso-vm-18-tank-2ml\/"},"modified":"2020-10-31T21:18:20","modified_gmt":"2020-10-31T20:18:20","slug":"vaporesso-vm-18-tank-2ml","status":"publish","type":"product","link":"https:\/\/lesaintlaurentvape.com\/en\/produit\/vaporesso-vm-18-tank-2ml\/","title":{"rendered":"Vaporesso &#8211; VM 18 Tank 2mL"},"content":{"rendered":"<h3 style=\"text-align: center;\"><span style=\"font-size: 36pt; font-family: 'times new roman', times, serif;\">DESCRIPTION<\/span><\/h3>\n<h3><img loading=\"lazy\" class=\"size-full wp-image-35571 aligncenter\" src=\"https:\/\/dscvape.com\/wp-content\/uploads\/2020\/06\/VM-18-Tank-\u00bb-Vaporesso2.png\" alt=\"\" width=\"368\" height=\"515\" \/><\/h3>\n<h3 style=\"text-align: center;\"><strong>Un clearomiseur qui convient \u00e0 tout le monde<\/strong><\/h3>\n<p style=\"text-align: center;\">La VM Tank 18 (diam\u00e8tre de 18mm) pr\u00e9sente un syst\u00e8me de remplissage par le haut en d\u00e9vissant le top cap (bien pratique car anti-fuite), ainsi qu&#8217;un airflow r\u00e9glable sur le bottom cap.<\/p>\n<p style=\"text-align: center;\">Pour changer les\u00a0 r\u00e9sistances EUC Meshed, CCell ou Clapton, rien de plus simple:<\/p>\n<p style=\"text-align: center;\">1\/D\u00e9visser le bottom cap (si besoin, retourner votre clearomiseur s&#8217;il\u00a0 reste du e-liquide \u00e0 l&#8217;int\u00e9rieur),<\/p>\n<p style=\"text-align: center;\">2\/Retirer la r\u00e9sistance us\u00e9e en tirant simplement dessus<\/p>\n<p style=\"text-align: center;\">3\/R\u00e9ins\u00e9rer une nouvelle r\u00e9sistance et enfoncer celle-ci pour qu&#8217;elle s&#8217;imbrique bien dans le compartiment pr\u00e9vu \u00e0 cet effet<\/p>\n<p><img loading=\"lazy\" class=\" wp-image-35569 aligncenter\" src=\"https:\/\/dscvape.com\/wp-content\/uploads\/2020\/06\/changement-resistance-vm-tank-18.png\" alt=\"\" width=\"457\" height=\"304\" \/><\/p>\n<p style=\"text-align: center;\">Attention, peu importe l\u2019appareil, il est tr\u00e8s important de faire l\u2019amor\u00e7age de la r\u00e9sistance. Rappel : Etant donn\u00e9 qu\u2019une r\u00e9sistance est compos\u00e9e de coton, lors de la premi\u00e8re utilisation (ou lorsque vous changez de r\u00e9sistance) celle-ci est compl\u00e8tement sec. Il faut donc laisser baigner la r\u00e9sistance dans le liquide apr\u00e8s le remplissage plusieurs minutes (environ 10-15min) pour \u00e9viter que celle-ci ne br\u00fble pr\u00e9matur\u00e9ment n\u2019\u00e9tant pas imbib\u00e9e de liquide lors que l\u2019appareil la chauffe<\/p>\n<p>&nbsp;<\/p>\n<h3 style=\"text-align: center;\"><strong><span style=\"font-size: 18pt;\">Remplissage des plus simples<\/span><\/strong><\/h3>\n<p style=\"text-align: center;\">Pour remplir le VM Tank 18, d\u00e9visser le top cap et ajouter le e-liquide contre la paroi du pyrex en s&#8217;assurant de ne pas en mettre dans le trou au milieu sinon le liquide risque de remonter vers le drip tip.<\/p>\n<p>&nbsp;<\/p>\n<p><img loading=\"lazy\" class=\" wp-image-35586 aligncenter\" src=\"https:\/\/dscvape.com\/wp-content\/uploads\/2020\/06\/remplissage-vm-tank-18-vaporesso-1.png\" alt=\"\" width=\"848\" height=\"302\" \/><\/p>\n<p>&nbsp;<\/p>\n<p>&nbsp;<\/p>\n<h3 style=\"text-align: center;\">Les clearomiseurs VM de Vaporesso<\/h3>\n<p>&nbsp;<\/p>\n<p><img loading=\"lazy\" class=\" wp-image-35593 aligncenter\" src=\"https:\/\/dscvape.com\/wp-content\/uploads\/2020\/06\/Dimension-VM-tank.png\" alt=\"\" width=\"892\" height=\"377\" \/><\/p>\n<p class=\"p1\"><span class=\"s1\"><a href=\"https:\/\/dscvape.fr\/product-brands\/vaporesso\/\">Voir tous les produits Vaporesso sur le site<\/a><\/span><\/p>\n<p class=\"p1\"><span class=\"s1\"><a href=\"https:\/\/www.vaporesso.com\/\">Voir le site du fournisseur<\/a><\/span><\/p>\n","protected":false},"excerpt":{"rendered":"<p>D\u00e9couvrez la VM 18 tank d&#8217;une capacit\u00e9 de 2 mL,\u00a0 la version r\u00e9duite de la VM 22 tank,<\/p>\n<p>Id\u00e9al pour les d\u00e9butants, le clearomiseur est tous a fait apte a \u00eatre utiliser avec les <a href=\"https:\/\/dscvape.fr\/categorie-produit\/e-liquides\/sel-de-nicotine\/\">liquides au sel de nicotine<\/a> avec les r\u00e9sistance EUC Ccell 1.0 ohm.<\/p>\n<p>Egalement compatible avec les r\u00e9sistances <a href=\"https:\/\/dscvape.fr\/produit\/vaporesso-resistance-euc-clapton\/\">EUC Clapton<\/a> pour profiter de la simplicit\u00e9 du clearomiseur avec un tirage a\u00e9rien.<\/p>\n<p>Compris dans le kit VM Stick 18 de Vaporesso<\/p>\n","protected":false},"featured_media":77551,"comment_status":"closed","ping_status":"closed","template":"","meta":[],"marques":[7545],"bundle_layout":"","bundled_by":[],"bundled_items":[],"supplier_id":null,"supplier_sku":"","atum_controlled":true,"out_stock_date":null,"out_stock_threshold":null,"inheritable":false,"inbound_stock":null,"stock_on_hold":null,"sold_today":null,"sales_last_days":null,"reserved_stock":null,"customer_returns":null,"warehouse_damage":null,"lost_in_post":null,"other_logs":null,"out_stock_days":null,"lost_sales":null,"has_location":null,"update_date":null,"atum_locations":[],"atum_stock_status":"instock","low_stock":false,"mi_inventories":[],"multi_inventory":null,"inventory_sorting_mode":null,"inventory_iteration":null,"expirable_inventories":null,"price_per_inventory":null,"_links":{"self":[{"href":"https:\/\/lesaintlaurentvape.com\/en\/wp-json\/wp\/v2\/product\/103192\/"}],"collection":[{"href":"https:\/\/lesaintlaurentvape.com\/en\/wp-json\/wp\/v2\/product\/"}],"about":[{"href":"https:\/\/lesaintlaurentvape.com\/en\/wp-json\/wp\/v2\/types\/product\/"}],"replies":[{"embeddable":true,"href":"https:\/\/lesaintlaurentvape.com\/en\/wp-json\/wp\/v2\/comments\/?post=103192"}],"wp:featuredmedia":[{"embeddable":true,"href":"https:\/\/lesaintlaurentvape.com\/en\/wp-json\/wp\/v2\/media\/77551\/"}],"wp:attachment":[{"href":"https:\/\/lesaintlaurentvape.com\/en\/wp-json\/wp\/v2\/media\/?parent=103192"}],"wp:term":[{"taxonomy":"marques","embeddable":true,"href":"https:\/\/lesaintlaurentvape.com\/en\/wp-json\/wp\/v2\/marques\/?post=103192"}],"curies":[{"name":"wp","href":"https:\/\/api.w.org\/{rel}","templated":true}]}}