{"id":103174,"date":"2020-06-06T12:39:06","date_gmt":"2020-06-06T10:39:06","guid":{"rendered":"https:\/\/lesaintlaurentvape.com\/produit\/aspire-reax-mini-box\/"},"modified":"2020-10-31T21:18:00","modified_gmt":"2020-10-31T20:18:00","slug":"aspire-reax-mini-box","status":"publish","type":"product","link":"https:\/\/lesaintlaurentvape.com\/en\/produit\/aspire-reax-mini-box\/","title":{"rendered":"Aspire &#8211; Reax Mini Box"},"content":{"rendered":"<p style=\"text-align: center;\"><span style=\"text-decoration: underline;\"><strong><span style=\"font-size: 36pt; font-family: 'times new roman', times, serif;\">DESCRIPTION<\/span><\/strong><\/span><\/p>\n<p><img loading=\"lazy\" class=\"size-full wp-image-35246 aligncenter\" src=\"https:\/\/dscvape.com\/wp-content\/uploads\/2020\/06\/Aspire-Box-Reax-Mini-description.png\" alt=\"\" width=\"700\" height=\"337\" \/><\/p>\n<p>&nbsp;<\/p>\n<p>&nbsp;<\/p>\n<p style=\"text-align: center;\"><strong><span style=\"text-decoration: underline;\">Une box simple et petite<\/span><\/strong><\/p>\n<p style=\"text-align: center;\">La Reax box vous propose un syst\u00e8me de r\u00e9glage simple avec un seul bouton. R\u00e9glez votre appareil de 8 \u00e0 16 W en appuyant tout simplement sur le bouton.<\/p>\n<p><img loading=\"lazy\" class=\"wp-image-19717 size-large aligncenter\" src=\"https:\/\/dscvape.fr\/wp-content\/uploads\/2019\/11\/Reax-r\u00e9glage-puissance-1024x217.png\" alt=\"\" width=\"1024\" height=\"217\" \/><\/p>\n<p style=\"text-align: center;\">La box se mettra automatiquement en mode Bypass si la r\u00e9sistance install\u00e9e est inf\u00e9rieure \u00e0 1.0 \u03a9.<\/p>\n<p style=\"text-align: center;\">La Reax box vous indique \u00e9galement le niveau de batterie avec trois couleurs diff\u00e9rentes en fonction du niveau de batterie :<\/p>\n<p><img loading=\"lazy\" class=\"aligncenter wp-image-19718 size-large\" src=\"https:\/\/dscvape.fr\/wp-content\/uploads\/2019\/11\/Reax-niveau-batterie-1024x369.png\" alt=\"\" width=\"1024\" height=\"369\" \/><\/p>\n<p style=\"text-align: center;\">Avec sa capacit\u00e9 de 1 600 mAh, vapotez tout au long de la journ\u00e9e. Retrouvez \u00e9galement plusieurs s\u00e9curit\u00e9s telles que la s\u00e9curit\u00e9 contre les courts circuits, le voltage trop bas, etc.<\/p>\n","protected":false},"excerpt":{"rendered":"<p>Une box de 1 600 mAh pouvant aller jusqu&#8217;\u00e0 30 W en fonction de la r\u00e9sistance install\u00e9e.<\/p>\n<p>Une box petite et tr\u00e8s pratique qui se tient facilement en main et qui vous propose un r\u00e9glage de 8 \u00e0 16 W pour toutes r\u00e9sistances sup\u00e9rieures \u00e0 1.0 ohm, en dessous de 1.ohm la box passe automatiquement en mode Bypass.<\/p>\n","protected":false},"featured_media":77541,"comment_status":"closed","ping_status":"closed","template":"","meta":[],"marques":[],"bundle_layout":"","bundled_by":[],"bundled_items":[],"supplier_id":null,"supplier_sku":"","atum_controlled":true,"out_stock_date":null,"out_stock_threshold":null,"inheritable":false,"inbound_stock":null,"stock_on_hold":null,"sold_today":null,"sales_last_days":null,"reserved_stock":null,"customer_returns":null,"warehouse_damage":null,"lost_in_post":null,"other_logs":null,"out_stock_days":null,"lost_sales":null,"has_location":null,"update_date":null,"atum_locations":[],"atum_stock_status":"instock","low_stock":false,"mi_inventories":[],"multi_inventory":null,"inventory_sorting_mode":null,"inventory_iteration":null,"expirable_inventories":null,"price_per_inventory":null,"_links":{"self":[{"href":"https:\/\/lesaintlaurentvape.com\/en\/wp-json\/wp\/v2\/product\/103174\/"}],"collection":[{"href":"https:\/\/lesaintlaurentvape.com\/en\/wp-json\/wp\/v2\/product\/"}],"about":[{"href":"https:\/\/lesaintlaurentvape.com\/en\/wp-json\/wp\/v2\/types\/product\/"}],"replies":[{"embeddable":true,"href":"https:\/\/lesaintlaurentvape.com\/en\/wp-json\/wp\/v2\/comments\/?post=103174"}],"wp:featuredmedia":[{"embeddable":true,"href":"https:\/\/lesaintlaurentvape.com\/en\/wp-json\/wp\/v2\/media\/77541\/"}],"wp:attachment":[{"href":"https:\/\/lesaintlaurentvape.com\/en\/wp-json\/wp\/v2\/media\/?parent=103174"}],"wp:term":[{"taxonomy":"marques","embeddable":true,"href":"https:\/\/lesaintlaurentvape.com\/en\/wp-json\/wp\/v2\/marques\/?post=103174"}],"curies":[{"name":"wp","href":"https:\/\/api.w.org\/{rel}","templated":true}]}}