{"id":103166,"date":"2020-06-04T12:50:05","date_gmt":"2020-06-04T10:50:05","guid":{"rendered":"https:\/\/lesaintlaurentvape.com\/produit\/innokin-resistance-zenith-1-ohm-20-25w-pack-de-5-resistances\/"},"modified":"2020-10-31T21:17:25","modified_gmt":"2020-10-31T20:17:25","slug":"innokin-resistance-zenith-1-ohm-20-25w-pack-de-5-resistances","status":"publish","type":"product","link":"https:\/\/lesaintlaurentvape.com\/en\/produit\/innokin-resistance-zenith-1-ohm-20-25w-pack-de-5-resistances\/","title":{"rendered":"INNOKIN &#8211; R\u00e9sistance Zenith PRO R 1,0 ohm (20-25w) &#8211; Pack de 5 r\u00e9sistances"},"content":{"rendered":"<p>R\u00e9sistance en 1 ohm pour les clearomiseurs Zenith, Zenith Pro et Zlide de la marque INNOKIN. Vendue par boite de 5 pi\u00e8ces.<\/p>\n","protected":false},"excerpt":{"rendered":"<p>R\u00e9sistance Zenith Pro R en 1 ohm pour les clearomiseurs Zenith, Zenith Pro et Zlide de la marque INNOKIN.<\/p>\n<p>Vendue par boite de 5 pi\u00e8ces.<\/p>\n<p><span style=\"text-decoration: underline;\"><strong>Compatibilit\u00e9:<\/strong><\/span>\u00a0 Clearomiseur Zenith, Zenith Pro et Zlide<\/p>\n<p>Prix de vente minimum conseill\u00e9 en magasin physique: 15.00\u20acTTC (prix donn\u00e9 par le fabricant INNOKIN)<\/p>\n","protected":false},"featured_media":77539,"comment_status":"closed","ping_status":"closed","template":"","meta":[],"marques":[7484],"bundle_layout":"","bundled_by":[],"bundled_items":[],"supplier_id":null,"supplier_sku":"","atum_controlled":true,"out_stock_date":null,"out_stock_threshold":null,"inheritable":false,"inbound_stock":null,"stock_on_hold":0,"sold_today":0,"sales_last_days":0,"reserved_stock":null,"customer_returns":null,"warehouse_damage":null,"lost_in_post":null,"other_logs":null,"out_stock_days":0,"lost_sales":0,"has_location":null,"update_date":"2020-11-02T23:20:45","atum_locations":[],"atum_stock_status":"instock","low_stock":false,"mi_inventories":[763],"multi_inventory":null,"inventory_sorting_mode":null,"inventory_iteration":null,"expirable_inventories":null,"price_per_inventory":null,"_links":{"self":[{"href":"https:\/\/lesaintlaurentvape.com\/en\/wp-json\/wp\/v2\/product\/103166\/"}],"collection":[{"href":"https:\/\/lesaintlaurentvape.com\/en\/wp-json\/wp\/v2\/product\/"}],"about":[{"href":"https:\/\/lesaintlaurentvape.com\/en\/wp-json\/wp\/v2\/types\/product\/"}],"replies":[{"embeddable":true,"href":"https:\/\/lesaintlaurentvape.com\/en\/wp-json\/wp\/v2\/comments\/?post=103166"}],"wp:featuredmedia":[{"embeddable":true,"href":"https:\/\/lesaintlaurentvape.com\/en\/wp-json\/wp\/v2\/media\/77539\/"}],"wp:attachment":[{"href":"https:\/\/lesaintlaurentvape.com\/en\/wp-json\/wp\/v2\/media\/?parent=103166"}],"wp:term":[{"taxonomy":"marques","embeddable":true,"href":"https:\/\/lesaintlaurentvape.com\/en\/wp-json\/wp\/v2\/marques\/?post=103166"}],"curies":[{"name":"wp","href":"https:\/\/api.w.org\/{rel}","templated":true}]}}