{"id":103161,"date":"2020-06-03T13:52:24","date_gmt":"2020-06-03T11:52:24","guid":{"rendered":"https:\/\/lesaintlaurentvape.com\/produit\/innokin-coolfire-z50-zlide-kit\/"},"modified":"2020-10-31T21:17:16","modified_gmt":"2020-10-31T20:17:16","slug":"innokin-coolfire-z50-zlide-kit","status":"publish","type":"product","link":"https:\/\/lesaintlaurentvape.com\/en\/produit\/innokin-coolfire-z50-zlide-kit\/","title":{"rendered":"Innokin &#8211; Coolfire Z50 Zlide Kit"},"content":{"rendered":"<p style=\"text-align: center;\"><strong><span style=\"font-family: 'times new roman', times, serif; font-size: 24pt;\">DESCRIPTION<\/span><\/strong><\/p>\n<p><img loading=\"lazy\" class=\"wp-image-35036 aligncenter\" src=\"https:\/\/dscvape.com\/wp-content\/uploads\/2020\/06\/Innokin-Coolfire-Z50-description.png\" alt=\"\" width=\"594\" height=\"595\" \/><\/p>\n<p>&nbsp;<\/p>\n<p>&nbsp;<\/p>\n<p style=\"text-align: center;\"><strong><span style=\"text-decoration: underline; font-family: 'times new roman', times, serif; font-size: 14pt;\">Un remplissage simple et s\u00e9curis\u00e9<\/span><\/strong><\/p>\n<p style=\"text-align: center;\"><span style=\"font-family: 'times new roman', times, serif; font-size: 12pt;\">Innokin change son syst\u00e8me de remplissage pour un syst\u00e8me simple mais plus s\u00e9curis\u00e9 vis \u00e0 vis des enfants et ainsi \u00e9viter tout incident. Pour remplir votre clearomiseur, il vous suffit de :<\/span><\/p>\n<ol>\n<li><span style=\"font-family: 'times new roman', times, serif; font-size: 12pt;\">Retirer le drip tip<\/span><\/li>\n<li><span style=\"font-family: 'times new roman', times, serif; font-size: 12pt;\">Faire glisser en poussant dans la direction des fl\u00e8ches pr\u00e9sentes sur la partie coulissante<\/span><\/li>\n<li><span style=\"font-family: 'times new roman', times, serif; font-size: 12pt;\">Remplir votre clearomiseur de e-liquide<\/span><\/li>\n<li><span style=\"font-family: 'times new roman', times, serif; font-size: 12pt;\">Refermer en poussant dans l&#8217;autre direction la partie coulissante<\/span><\/li>\n<li><span style=\"font-family: 'times new roman', times, serif; font-size: 12pt;\">Replacer votre drip tip pour ainsi bloquer la partie coulissante du syst\u00e8me<\/span><\/li>\n<\/ol>\n<p><img loading=\"lazy\" class=\" wp-image-26240 aligncenter\" src=\"https:\/\/dscvape.com\/wp-content\/uploads\/2019\/08\/Kroma-R-Zlide-remplissage-2.png\" alt=\"\" width=\"310\" height=\"403\" \/><\/p>\n<p style=\"text-align: center;\"><span style=\"font-family: 'times new roman', times, serif;\">Attention, peu importe l\u2019appareil, il est tr\u00e8s important de faire l\u2019amor\u00e7age de la r\u00e9sistance. <\/span><\/p>\n<p style=\"text-align: center;\"><span style=\"font-family: 'times new roman', times, serif;\">Rappel : Etant donn\u00e9 qu\u2019une r\u00e9sistance est compos\u00e9e de coton, lors de la premi\u00e8re utilisation (ou lorsque vous changez de r\u00e9sistance) celle-ci est compl\u00e8tement sec. Il faut donc laisser baigner la r\u00e9sistance dans le liquide apr\u00e8s le remplissage plusieurs minutes (environ 10-15min) pour \u00e9viter que celle-ci ne br\u00fble pr\u00e9matur\u00e9ment n\u2019\u00e9tant pas imbib\u00e9e de liquide lorsque l\u2019appareil la chauffe<\/span><\/p>\n<p>&nbsp;<\/p>\n<p style=\"text-align: center;\"><strong><span style=\"text-decoration: underline; font-family: 'times new roman', times, serif; font-size: 14pt;\">Changer la r\u00e9sistance<\/span><\/strong><\/p>\n<p>&nbsp;<\/p>\n<p><span style=\"font-family: 'times new roman', times, serif; font-size: 12pt;\"><img loading=\"lazy\" class=\" wp-image-35038 aligncenter\" src=\"https:\/\/dscvape.com\/wp-content\/uploads\/2020\/06\/Clearomiseur-Zlide.png\" alt=\"\" width=\"714\" height=\"383\" \/><\/span><\/p>\n<p><span style=\"font-family: 'times new roman', times, serif; font-size: 12pt;\">Pour la Zlide, Innokin utilise les r\u00e9sistances Plexus Z de la Z\u00e9nith que vous connaissez en plus de sa nouvelle r\u00e9sistance Z-PLEX3D pour pouvoir \u00eatre utilis\u00e9e par tous. Le syst\u00e8me de changement de r\u00e9sistance est identique au clearomsieur Zenith:<\/span><\/p>\n<ol>\n<li><span style=\"font-family: 'times new roman', times, serif; font-size: 12pt;\">D\u00e9visser le bottom cap<\/span><\/li>\n<li><span style=\"font-family: 'times new roman', times, serif; font-size: 12pt;\">Retirer la r\u00e9sistance us\u00e9e \u00e0 l&#8217;aide du pas de vis<\/span><\/li>\n<li><span style=\"font-family: 'times new roman', times, serif; font-size: 12pt;\">Ins\u00e9rer une nouvelle r\u00e9sistance de sorte \u00e0 ce qu&#8217;elle soit parfaitement embo\u00eet\u00e9e au clearomiseur<\/span><\/li>\n<li><span style=\"font-family: 'times new roman', times, serif; font-size: 12pt;\">Visser le bottom cap du clearomiseur (N&#8217;oublier pas d&#8217;imbiber la r\u00e9sistance dans du e-liquide 10 \u00e0 15 minutes avant de vaper avec une nouvelle r\u00e9sistance)<\/span><\/li>\n<\/ol>\n<p style=\"text-align: center;\"><span style=\"text-decoration: underline;\"><strong><span style=\"font-family: 'times new roman', times, serif; font-size: 14pt;\">La box Coolfire Z50<\/span><\/strong><\/span><\/p>\n<p style=\"text-align: center;\"><span style=\"font-family: 'times new roman', times, serif;\">La nouvelle r\u00e9f\u00e9rence de la marque Innokin apr\u00e8s la box Coolfire qui a connu un grand succ\u00e8s. La marque a mis\u00e9 sur un design soft et subtile tout en \u00e9tant bien travaill\u00e9, ce qui en fait son charme. Compacte et ergonomique, elle offre une puissance jusqu&#8217;\u00e0 50W, id\u00e9al pour du tirage serr\u00e9.<\/span><\/p>\n<p style=\"text-align: center;\"><span style=\"font-family: 'times new roman', times, serif;\">Le plus de cette box n&#8217;est pas seulement l&#8217;\u00e9cran OLED 0.69&#8243; avec ses boutons de r\u00e9glages, mais bien les protections qu&#8217;elle propose contre les courts-circuits : le bouton On\/Off sous la box qui fournit une s\u00e9curit\u00e9 en plus pour ne pas allumer la box malencontreusement et la mise en arr\u00eat automatique lors d&#8217;une pression prolong\u00e9e sur le bouton Fire au bout de 15 secondes.<\/span><\/p>\n<p>&nbsp;<\/p>\n<p><img loading=\"lazy\" class=\"wp-image-35040 aligncenter\" src=\"https:\/\/dscvape.com\/wp-content\/uploads\/2020\/06\/box-coolfire-z50-innokin.png\" alt=\"\" width=\"355\" height=\"260\" \/><\/p>\n<p><img loading=\"lazy\" class=\"wp-image-35044 aligncenter\" src=\"https:\/\/dscvape.com\/wp-content\/uploads\/2020\/06\/Coolfire-Z50-Bouton-on-off.png\" alt=\"\" width=\"514\" height=\"174\" \/><\/p>\n<p>&nbsp;<\/p>\n","protected":false},"excerpt":{"rendered":"<p>La grande nouveaut\u00e9 de la c\u00e9l\u00e8bre marque Innokin,, la Coolfire Z50 avec le clearomiseur Zlide D24 en 4mL, compatible avec les r\u00e9sistances Zenith.<\/p>\n<p>R\u00e9glez votre vape gr\u00e2ce l&#8217;\u00e9cran OLED 0.69&#8243; et les boutons de r\u00e9glages +\/-.<\/p>\n<p>Profitez de ses innovations ing\u00e9nieuses : le bouton On\/Off sous la box pour la verrouiller et \u00e9viter toute mise en marche accidentelle, ainsi que sa mise en arr\u00eat lors d&#8217;une pression prolong\u00e9e au bout de 15 secondes sur le bouton Fire. Innokin assure votre s\u00e9curit\u00e9.<\/p>\n<p>Avec un design soft et sophistiqu\u00e9 et une batterie 2100 mAh, la Coolfire Z50 est la grande nouveaut\u00e9 des appareils MTL.<\/p>\n<p>Prix de vente minimum conseill\u00e9 en magasin physique: 59.90\u20acTTC (prix donn\u00e9 par le fabricant INNOKIN)<\/p>\n<p><a href=\"https:\/\/dscvape.com\/wp-content\/uploads\/2020\/06\/Innokin-Coolfire-Z50-Zlide-Kit.pdf\">Innokin &#8211; Coolfire Z50 Zlide Kit<\/a><\/p>\n","protected":false},"featured_media":77527,"comment_status":"closed","ping_status":"closed","template":"","meta":[],"marques":[7484],"bundle_layout":"","bundled_by":[],"bundled_items":[],"supplier_id":null,"supplier_sku":"","atum_controlled":true,"out_stock_date":null,"out_stock_threshold":null,"inheritable":false,"inbound_stock":null,"stock_on_hold":null,"sold_today":null,"sales_last_days":null,"reserved_stock":null,"customer_returns":null,"warehouse_damage":null,"lost_in_post":null,"other_logs":null,"out_stock_days":null,"lost_sales":null,"has_location":null,"update_date":null,"atum_locations":[],"atum_stock_status":"instock","low_stock":false,"mi_inventories":[],"multi_inventory":null,"inventory_sorting_mode":null,"inventory_iteration":null,"expirable_inventories":null,"price_per_inventory":null,"_links":{"self":[{"href":"https:\/\/lesaintlaurentvape.com\/en\/wp-json\/wp\/v2\/product\/103161\/"}],"collection":[{"href":"https:\/\/lesaintlaurentvape.com\/en\/wp-json\/wp\/v2\/product\/"}],"about":[{"href":"https:\/\/lesaintlaurentvape.com\/en\/wp-json\/wp\/v2\/types\/product\/"}],"replies":[{"embeddable":true,"href":"https:\/\/lesaintlaurentvape.com\/en\/wp-json\/wp\/v2\/comments\/?post=103161"}],"wp:featuredmedia":[{"embeddable":true,"href":"https:\/\/lesaintlaurentvape.com\/en\/wp-json\/wp\/v2\/media\/77527\/"}],"wp:attachment":[{"href":"https:\/\/lesaintlaurentvape.com\/en\/wp-json\/wp\/v2\/media\/?parent=103161"}],"wp:term":[{"taxonomy":"marques","embeddable":true,"href":"https:\/\/lesaintlaurentvape.com\/en\/wp-json\/wp\/v2\/marques\/?post=103161"}],"curies":[{"name":"wp","href":"https:\/\/api.w.org\/{rel}","templated":true}]}}