{"id":103154,"date":"2020-06-01T09:42:19","date_gmt":"2020-06-01T07:42:19","guid":{"rendered":"https:\/\/lesaintlaurentvape.com\/produit\/masque-de-protection-en-tissu-3-plis-20-lavages\/"},"modified":"2020-10-31T21:17:09","modified_gmt":"2020-10-31T20:17:09","slug":"masque-de-protection-en-tissu-3-plis-20-lavages","status":"publish","type":"product","link":"https:\/\/lesaintlaurentvape.com\/en\/produit\/masque-de-protection-en-tissu-3-plis-20-lavages\/","title":{"rendered":"Masque grand public en tissu &#8211; Test\u00e9 en 10 lavages ( par 10)"},"content":{"rendered":"<p style=\"text-align: center;\"><strong><span style=\"font-size: 24pt; font-family: 'times new roman', times, serif;\">MODE D&#8217;UTILISATION<\/span><\/strong><\/p>\n<p><img loading=\"lazy\" class=\"wp-image-34976 aligncenter\" src=\"https:\/\/dscvape.com\/wp-content\/uploads\/2020\/05\/mode-utiisation.png\" alt=\"\" width=\"1026\" height=\"946\" \/><\/p>\n<p>&nbsp;<\/p>\n<p>&nbsp;<\/p>\n<p style=\"text-align: center;\"><span style=\"font-size: 24pt; font-family: 'times new roman', times, serif;\">5 coloris<\/span><\/p>\n<p>&nbsp;<\/p>\n<p><img loading=\"lazy\" class=\"size-full wp-image-34962 aligncenter\" src=\"https:\/\/dscvape.com\/wp-content\/uploads\/2020\/05\/Masque-DSC-blanc-v2.png\" alt=\"\" width=\"800\" height=\"230\" \/><\/p>\n<p style=\"text-align: center;\">Blanc<\/p>\n<p>&nbsp;<\/p>\n<p>&nbsp;<\/p>\n<p><img loading=\"lazy\" class=\"size-full wp-image-34968 aligncenter\" src=\"https:\/\/dscvape.com\/wp-content\/uploads\/2020\/05\/Masque-DSC-ecru-v2.png\" alt=\"\" width=\"800\" height=\"230\" \/><\/p>\n<p style=\"text-align: center;\">Ecru<\/p>\n<p>&nbsp;<\/p>\n<p>&nbsp;<\/p>\n<p><img loading=\"lazy\" class=\"size-full wp-image-34972 aligncenter\" src=\"https:\/\/dscvape.com\/wp-content\/uploads\/2020\/05\/Masque-DSC-Bleu-nuit-v2-1.png\" alt=\"\" width=\"800\" height=\"229\" \/><\/p>\n<p style=\"text-align: center;\">Bleu nuit<\/p>\n<p>&nbsp;<\/p>\n<p>&nbsp;<\/p>\n<p><img loading=\"lazy\" class=\"size-full wp-image-34964 aligncenter\" src=\"https:\/\/dscvape.com\/wp-content\/uploads\/2020\/05\/Masque-DSC-bleu-ciel-v2.png\" alt=\"\" width=\"800\" height=\"230\" \/><\/p>\n<p style=\"text-align: center;\">Bleu ciel<\/p>\n<p>&nbsp;<\/p>\n<p>&nbsp;<\/p>\n<p><img loading=\"lazy\" class=\"alignnone size-full wp-image-34970 aligncenter\" src=\"https:\/\/dscvape.com\/wp-content\/uploads\/2020\/05\/Masque-DSC-indigo-v2.png\" alt=\"\" width=\"800\" height=\"230\" \/><\/p>\n<p style=\"text-align: center;\">Bleu indigo<\/p>\n<p>&nbsp;<\/p>\n<p>&nbsp;<\/p>\n","protected":false},"excerpt":{"rendered":"<p>Masques grand public, test\u00e9 jusqu&#8217;\u00e0 10 lavages.<\/p>\n<p>Ces masques ne sont pas des dispositifs m\u00e9dicaux et n&#8217;exon\u00e8rent en aucun cas des gestes barri\u00e8res.<\/p>\n<p>Avant la premi\u00e8re utilisation et avant chaque utilisation, laver le masque avec de l&#8217;eau \u00e0 60\u00b0C et avec des d\u00e9tergents neutres et non agressifs. Ne pas blanchir. Ne pas mettre dans la s\u00e9cheuse. Ne pas repasser.<\/p>\n<p>Conditionnement par 10 pi\u00e8ces<\/p>\n<p>Fabriqu\u00e9 en Turquie.<\/p>\n<p>&nbsp;<\/p>\n<p>Certificats :<\/p>\n<p><a href=\"https:\/\/dscvape.com\/wp-content\/uploads\/2020\/06\/RP-6778-DSC-DEVELOPPEMENT-test.pdf\">Document DGA<\/a><\/p>\n<p>&nbsp;<\/p>\n","protected":false},"featured_media":77513,"comment_status":"closed","ping_status":"closed","template":"","meta":[],"marques":[],"bundle_layout":"","bundled_by":[],"bundled_items":[],"supplier_id":null,"supplier_sku":"","atum_controlled":true,"out_stock_date":null,"out_stock_threshold":null,"inheritable":false,"inbound_stock":null,"stock_on_hold":null,"sold_today":null,"sales_last_days":null,"reserved_stock":null,"customer_returns":null,"warehouse_damage":null,"lost_in_post":null,"other_logs":null,"out_stock_days":null,"lost_sales":null,"has_location":null,"update_date":null,"atum_locations":[],"atum_stock_status":"instock","low_stock":false,"mi_inventories":[136],"multi_inventory":null,"inventory_sorting_mode":null,"inventory_iteration":null,"expirable_inventories":null,"price_per_inventory":null,"_links":{"self":[{"href":"https:\/\/lesaintlaurentvape.com\/en\/wp-json\/wp\/v2\/product\/103154\/"}],"collection":[{"href":"https:\/\/lesaintlaurentvape.com\/en\/wp-json\/wp\/v2\/product\/"}],"about":[{"href":"https:\/\/lesaintlaurentvape.com\/en\/wp-json\/wp\/v2\/types\/product\/"}],"replies":[{"embeddable":true,"href":"https:\/\/lesaintlaurentvape.com\/en\/wp-json\/wp\/v2\/comments\/?post=103154"}],"wp:featuredmedia":[{"embeddable":true,"href":"https:\/\/lesaintlaurentvape.com\/en\/wp-json\/wp\/v2\/media\/77513\/"}],"wp:attachment":[{"href":"https:\/\/lesaintlaurentvape.com\/en\/wp-json\/wp\/v2\/media\/?parent=103154"}],"wp:term":[{"taxonomy":"marques","embeddable":true,"href":"https:\/\/lesaintlaurentvape.com\/en\/wp-json\/wp\/v2\/marques\/?post=103154"}],"curies":[{"name":"wp","href":"https:\/\/api.w.org\/{rel}","templated":true}]}}