{"id":103142,"date":"2020-05-27T13:05:33","date_gmt":"2020-05-27T11:05:33","guid":{"rendered":"https:\/\/lesaintlaurentvape.com\/produit\/justfog-clearomiseur-q16c\/"},"modified":"2020-10-31T21:16:39","modified_gmt":"2020-10-31T20:16:39","slug":"justfog-clearomiseur-q16c","status":"publish","type":"product","link":"https:\/\/lesaintlaurentvape.com\/en\/produit\/justfog-clearomiseur-q16c\/","title":{"rendered":"Justfog- Clearomiseur Q16C"},"content":{"rendered":"<p style=\"text-align: center;\"><span style=\"font-family: 'times new roman', times, serif; font-size: 36pt;\">DESCRIPTION<\/span><\/p>\n<p><img loading=\"lazy\" class=\"wp-image-34790 aligncenter\" src=\"https:\/\/dscvape.com\/wp-content\/uploads\/2020\/05\/Clearomiseur-Q16C-description-1.png\" alt=\"\" width=\"443\" height=\"443\" \/><\/p>\n<p>&nbsp;<\/p>\n<p style=\"text-align: center;\"><span style=\"color: #000000;\"><strong><span style=\"font-family: 'times new roman', times, serif; font-size: 14pt;\">Les r\u00e9sistances Q16<\/span><\/strong><\/span><\/p>\n<p style=\"text-align: center;\">Les r\u00e9sistances Q16 vous assurent une vape en toute l\u00e9g\u00e8ret\u00e9 avec une bonne restitution des saveurs. Id\u00e9ales pour ceux qui souhaitent se sevrer de la nicotine.<\/p>\n<p style=\"text-align: center;\">Pour changer de r\u00e9sistances,\u00a0 retourner le clearomiseur, d\u00e9visser le bottom cap pour avoir acc\u00e8s \u00e0 la r\u00e9sistance et d\u00e9visser cette derni\u00e8re pour la remplacer.<\/p>\n<p><img loading=\"lazy\" class=\"wp-image-34788 aligncenter\" src=\"https:\/\/dscvape.com\/wp-content\/uploads\/2020\/05\/R\u00e9sistance-Q16.png\" alt=\"\" width=\"364\" height=\"223\" \/><\/p>\n<p style=\"text-align: center;\">RAPPEL : peu importe l\u2019appareil, il est tr\u00e8s important de faire l\u2019amor\u00e7age de la r\u00e9sistance. Rappel : Etant donn\u00e9 qu\u2019une r\u00e9sistance est compos\u00e9e de coton, lors de la premi\u00e8re utilisation (ou lorsque vous changez de r\u00e9sistance) celle-ci est compl\u00e8tement sec. Il faut donc laisser baigner la r\u00e9sistance dans le liquide apr\u00e8s le remplissage plusieurs minutes (environ 10-15min) pour \u00e9viter que celle-ci ne br\u00fble pr\u00e9matur\u00e9ment n\u2019\u00e9tant pas imbib\u00e9e de liquide lors que l\u2019appareil la chauffe<\/p>\n","protected":false},"excerpt":{"rendered":"<p>Le clearomiseur Q16C est le nouveau bijou de la c\u00e9l\u00e8bre marque sud-cor\u00e9enne Justfog.<\/p>\n<p>Successeur des c\u00e9l\u00e8bres clearomiseurs Q16 et Q16 Pro, la Q16C allie le syst\u00e8me anti-fuite de la Q16 Pro et le remplissage par le bas de la Q16 tant aim\u00e9 par ses utilisateurs.<\/p>\n<p>La marque sud-cor\u00e9enne n&#8217;en reste pas l\u00e0 et y ajoute une s\u00e9curit\u00e9 enfant.<\/p>\n<p>Toujours d&#8217;une capacit\u00e9 de 1.9mL et compatible avec les r\u00e9sistance Q16, le clearomiseur Q16C convient parfaitement aux vapoteurs d\u00e9butants qui souhaitent se sevrer de la nicotine mais \u00e9galement aux plus exp\u00e9riment\u00e9s qui veulent un produit robuste et performant.<\/p>\n","protected":false},"featured_media":77495,"comment_status":"closed","ping_status":"closed","template":"","meta":[],"marques":[7568],"bundle_layout":"","bundled_by":[],"bundled_items":[],"supplier_id":null,"supplier_sku":"","atum_controlled":true,"out_stock_date":null,"out_stock_threshold":null,"inheritable":false,"inbound_stock":null,"stock_on_hold":0,"sold_today":0,"sales_last_days":0,"reserved_stock":null,"customer_returns":null,"warehouse_damage":null,"lost_in_post":null,"other_logs":null,"out_stock_days":0,"lost_sales":0,"has_location":null,"update_date":"2020-11-02T23:20:45","atum_locations":[],"atum_stock_status":"instock","low_stock":false,"mi_inventories":[117],"multi_inventory":null,"inventory_sorting_mode":null,"inventory_iteration":null,"expirable_inventories":null,"price_per_inventory":null,"_links":{"self":[{"href":"https:\/\/lesaintlaurentvape.com\/en\/wp-json\/wp\/v2\/product\/103142\/"}],"collection":[{"href":"https:\/\/lesaintlaurentvape.com\/en\/wp-json\/wp\/v2\/product\/"}],"about":[{"href":"https:\/\/lesaintlaurentvape.com\/en\/wp-json\/wp\/v2\/types\/product\/"}],"replies":[{"embeddable":true,"href":"https:\/\/lesaintlaurentvape.com\/en\/wp-json\/wp\/v2\/comments\/?post=103142"}],"wp:featuredmedia":[{"embeddable":true,"href":"https:\/\/lesaintlaurentvape.com\/en\/wp-json\/wp\/v2\/media\/77495\/"}],"wp:attachment":[{"href":"https:\/\/lesaintlaurentvape.com\/en\/wp-json\/wp\/v2\/media\/?parent=103142"}],"wp:term":[{"taxonomy":"marques","embeddable":true,"href":"https:\/\/lesaintlaurentvape.com\/en\/wp-json\/wp\/v2\/marques\/?post=103142"}],"curies":[{"name":"wp","href":"https:\/\/api.w.org\/{rel}","templated":true}]}}