{"id":103140,"date":"2020-06-19T10:55:21","date_gmt":"2020-06-19T08:55:21","guid":{"rendered":"https:\/\/lesaintlaurentvape.com\/produit\/justfog-pyrex-tank-partiel-pour-q16-pro\/"},"modified":"2020-10-31T21:16:38","modified_gmt":"2020-10-31T20:16:38","slug":"justfog-pyrex-tank-partiel-pour-q16-pro","status":"publish","type":"product","link":"https:\/\/lesaintlaurentvape.com\/en\/produit\/justfog-pyrex-tank-partiel-pour-q16-pro\/","title":{"rendered":"Justfog &#8211; Pyrex + tank partiel pour Q16 pro"},"content":{"rendered":"<p>La marque sud-cor\u00e9enne Justfog est un incontournable dans le monde de la vape.<\/p>\n<p>Justfog nous pr\u00e9sente une innovation pour son kit Q16 Pro : le pyrex de remplacement rattach\u00e9 \u00e0 une partie du clearomiseur Q16 Pro afin de garantir un produit sans fuite.<\/p>\n<p>Le produit est compatible avec les r\u00e9sistance Q16 en 1.2 et 1.6ohm, id\u00e9al pour ceux qui cherchent \u00e0 se sevrer de la nicotine. Compatible \u00e9galement avec le sel de nicotine.<\/p>\n","protected":false},"excerpt":{"rendered":"<p>La nouveaut\u00e9 de Justfog : un pyrex de remplacement avec une parti du r\u00e9servoir pour le kit Q16 pro pour vous garantir un produit sans fuites.<\/p>\n<p>Ne changez plus seulement le pyrex, changer tout le milieu du clearomiseur pour redonner un coup de jeune \u00e0 votre appareil.<\/p>\n<p><a href=\"http:\/\/www.justfog.com\/\">Le site du fournisseur<\/a><\/p>\n","protected":false},"featured_media":77491,"comment_status":"closed","ping_status":"closed","template":"","meta":[],"marques":[7568],"bundle_layout":"","bundled_by":[],"bundled_items":[],"supplier_id":null,"supplier_sku":"","atum_controlled":true,"out_stock_date":null,"out_stock_threshold":null,"inheritable":false,"inbound_stock":null,"stock_on_hold":0,"sold_today":0,"sales_last_days":0,"reserved_stock":null,"customer_returns":null,"warehouse_damage":null,"lost_in_post":null,"other_logs":null,"out_stock_days":0,"lost_sales":0,"has_location":null,"update_date":"2020-11-02T23:20:45","atum_locations":[],"atum_stock_status":"instock","low_stock":false,"mi_inventories":[744],"multi_inventory":null,"inventory_sorting_mode":null,"inventory_iteration":null,"expirable_inventories":null,"price_per_inventory":null,"_links":{"self":[{"href":"https:\/\/lesaintlaurentvape.com\/en\/wp-json\/wp\/v2\/product\/103140\/"}],"collection":[{"href":"https:\/\/lesaintlaurentvape.com\/en\/wp-json\/wp\/v2\/product\/"}],"about":[{"href":"https:\/\/lesaintlaurentvape.com\/en\/wp-json\/wp\/v2\/types\/product\/"}],"replies":[{"embeddable":true,"href":"https:\/\/lesaintlaurentvape.com\/en\/wp-json\/wp\/v2\/comments\/?post=103140"}],"wp:featuredmedia":[{"embeddable":true,"href":"https:\/\/lesaintlaurentvape.com\/en\/wp-json\/wp\/v2\/media\/77491\/"}],"wp:attachment":[{"href":"https:\/\/lesaintlaurentvape.com\/en\/wp-json\/wp\/v2\/media\/?parent=103140"}],"wp:term":[{"taxonomy":"marques","embeddable":true,"href":"https:\/\/lesaintlaurentvape.com\/en\/wp-json\/wp\/v2\/marques\/?post=103140"}],"curies":[{"name":"wp","href":"https:\/\/api.w.org\/{rel}","templated":true}]}}