{"id":103139,"date":"2020-05-27T12:59:04","date_gmt":"2020-05-27T10:59:04","guid":{"rendered":"https:\/\/lesaintlaurentvape.com\/produit\/masque-de-protection-kn95-norme-tuv-10-pieces\/"},"modified":"2020-10-31T21:16:37","modified_gmt":"2020-10-31T20:16:37","slug":"masque-de-protection-kn95-norme-tuv-10-pieces","status":"publish","type":"product","link":"https:\/\/lesaintlaurentvape.com\/en\/produit\/masque-de-protection-kn95-norme-tuv-10-pieces\/","title":{"rendered":"Masque de protection KN95, norme TUV (20 pi\u00e8ces)"},"content":{"rendered":"<p><img loading=\"lazy\" class=\" wp-image-33538 aligncenter\" src=\"https:\/\/dscvape.com\/wp-content\/uploads\/2020\/04\/IR1091_r5_c1.png\" alt=\"\" width=\"623\" height=\"380\" \/><\/p>\n<p style=\"text-align: center;\">\u00a0<img loading=\"lazy\" class=\"size-full wp-image-34740 aligncenter\" src=\"https:\/\/dscvape.com\/wp-content\/uploads\/2020\/05\/Masque-KN95-boite.png\" alt=\"\" width=\"987\" height=\"440\" \/><\/p>\n<p>&nbsp;<\/p>\n<p style=\"text-align: center;\"><img loading=\"lazy\" class=\"alignnone wp-image-34742\" src=\"https:\/\/dscvape.com\/wp-content\/uploads\/2020\/05\/photo-1.png\" alt=\"\" width=\"386\" height=\"410\" \/> <img loading=\"lazy\" class=\"alignnone wp-image-34744\" src=\"https:\/\/dscvape.com\/wp-content\/uploads\/2020\/05\/photo-3.png\" alt=\"\" width=\"669\" height=\"287\" \/><\/p>\n<p>&nbsp;<\/p>\n<p>&nbsp;<\/p>\n","protected":false},"excerpt":{"rendered":"<p>Nos masques de protection KN95 sont norm\u00e9s TUV.<\/p>\n<p>Gr\u00e2ce \u00e0 ses 5 couches de protection, le masque de protection respiratoire KN95 assure une protection optimale.<\/p>\n<p>Dot\u00e9s d&#8217;une capacit\u00e9 de filtration d&#8217;au moins 95%, les masques de protection KN95 r\u00e9duisent les risques d&#8217;infiltrations de particules et sont \u00e9galement efficaces contre la prolif\u00e9ration des bact\u00e9ries et des virus.<\/p>\n<p>La barrette nasale assure un meilleur maintien et un bon ajustement pour toutes les morphologies.<\/p>\n<p>Conditionnement par 20 masques (vendable par 10)<\/p>\n","protected":false},"featured_media":77489,"comment_status":"closed","ping_status":"closed","template":"","meta":[],"marques":[],"bundle_layout":"","bundled_by":[],"bundled_items":[],"supplier_id":null,"supplier_sku":"","atum_controlled":true,"out_stock_date":null,"out_stock_threshold":null,"inheritable":false,"inbound_stock":null,"stock_on_hold":0,"sold_today":0,"sales_last_days":0,"reserved_stock":null,"customer_returns":null,"warehouse_damage":null,"lost_in_post":null,"other_logs":null,"out_stock_days":0,"lost_sales":0,"has_location":null,"update_date":"2020-11-02T23:20:45","atum_locations":[],"atum_stock_status":"instock","low_stock":false,"mi_inventories":[133],"multi_inventory":null,"inventory_sorting_mode":null,"inventory_iteration":null,"expirable_inventories":null,"price_per_inventory":null,"_links":{"self":[{"href":"https:\/\/lesaintlaurentvape.com\/en\/wp-json\/wp\/v2\/product\/103139\/"}],"collection":[{"href":"https:\/\/lesaintlaurentvape.com\/en\/wp-json\/wp\/v2\/product\/"}],"about":[{"href":"https:\/\/lesaintlaurentvape.com\/en\/wp-json\/wp\/v2\/types\/product\/"}],"replies":[{"embeddable":true,"href":"https:\/\/lesaintlaurentvape.com\/en\/wp-json\/wp\/v2\/comments\/?post=103139"}],"wp:featuredmedia":[{"embeddable":true,"href":"https:\/\/lesaintlaurentvape.com\/en\/wp-json\/wp\/v2\/media\/77489\/"}],"wp:attachment":[{"href":"https:\/\/lesaintlaurentvape.com\/en\/wp-json\/wp\/v2\/media\/?parent=103139"}],"wp:term":[{"taxonomy":"marques","embeddable":true,"href":"https:\/\/lesaintlaurentvape.com\/en\/wp-json\/wp\/v2\/marques\/?post=103139"}],"curies":[{"name":"wp","href":"https:\/\/api.w.org\/{rel}","templated":true}]}}