{"id":103122,"date":"2020-05-23T13:21:51","date_gmt":"2020-05-23T11:21:51","guid":{"rendered":"https:\/\/lesaintlaurentvape.com\/produit\/chubby-gorilla-fiole-vide\/"},"modified":"2020-10-31T21:16:26","modified_gmt":"2020-10-31T20:16:26","slug":"chubby-gorilla-fiole-vide","status":"publish","type":"product","link":"https:\/\/lesaintlaurentvape.com\/en\/produit\/chubby-gorilla-fiole-vide\/","title":{"rendered":"Fiole vide gradu\u00e9e"},"content":{"rendered":"","protected":false},"excerpt":{"rendered":"<p>Les flacons vides sont l\u00e0 pour mieux confectionner vos e-liquides DIY.<\/p>\n<p>Con\u00e7ues dans un plastique souple et r\u00e9sistant, vous pourrez transporter votre pr\u00e9paration partout o\u00f9 vous irez.<\/p>\n<p>Le drip tip int\u00e9gr\u00e9 vous assurera un remplissage sans fuite et sans trop-plein.<\/p>\n<p>Existe en 60 \/ 100 \/ 120mL.<\/p>\n<p>Conditionnement d&#8217;un sachet de 5 fioles.<\/p>\n","protected":false},"featured_media":77473,"comment_status":"closed","ping_status":"closed","template":"","meta":[],"marques":[8016],"bundle_layout":"","bundled_by":[],"bundled_items":[],"supplier_id":null,"supplier_sku":"","atum_controlled":true,"out_stock_date":"2020-10-31T19:16:15","out_stock_threshold":null,"inheritable":false,"inbound_stock":null,"stock_on_hold":0,"sold_today":0,"sales_last_days":0,"reserved_stock":null,"customer_returns":null,"warehouse_damage":null,"lost_in_post":null,"other_logs":null,"out_stock_days":1983,"lost_sales":0,"has_location":null,"update_date":"2026-04-06T22:36:50","atum_locations":[],"atum_stock_status":"outofstock","low_stock":false,"mi_inventories":[],"multi_inventory":null,"inventory_sorting_mode":null,"inventory_iteration":null,"expirable_inventories":null,"price_per_inventory":null,"_links":{"self":[{"href":"https:\/\/lesaintlaurentvape.com\/en\/wp-json\/wp\/v2\/product\/103122\/"}],"collection":[{"href":"https:\/\/lesaintlaurentvape.com\/en\/wp-json\/wp\/v2\/product\/"}],"about":[{"href":"https:\/\/lesaintlaurentvape.com\/en\/wp-json\/wp\/v2\/types\/product\/"}],"replies":[{"embeddable":true,"href":"https:\/\/lesaintlaurentvape.com\/en\/wp-json\/wp\/v2\/comments\/?post=103122"}],"wp:featuredmedia":[{"embeddable":true,"href":"https:\/\/lesaintlaurentvape.com\/en\/wp-json\/wp\/v2\/media\/77473\/"}],"wp:attachment":[{"href":"https:\/\/lesaintlaurentvape.com\/en\/wp-json\/wp\/v2\/media\/?parent=103122"}],"wp:term":[{"taxonomy":"marques","embeddable":true,"href":"https:\/\/lesaintlaurentvape.com\/en\/wp-json\/wp\/v2\/marques\/?post=103122"}],"curies":[{"name":"wp","href":"https:\/\/api.w.org\/{rel}","templated":true}]}}