{"id":103103,"date":"2020-05-16T11:06:46","date_gmt":"2020-05-16T09:06:46","guid":{"rendered":"https:\/\/lesaintlaurentvape.com\/produit\/liquideo-base-500ml\/"},"modified":"2020-10-31T21:15:56","modified_gmt":"2020-10-31T20:15:56","slug":"liquideo-base-500ml","status":"publish","type":"product","link":"https:\/\/lesaintlaurentvape.com\/en\/produit\/liquideo-base-500ml\/","title":{"rendered":"Liquideo &#8211; Base neutre 500mL"},"content":{"rendered":"<p>LIQUIDEO est une marque de e-liquide MADE IN FRANCE certifi\u00e9e norme AFNOR XP D90-300-2.<\/p>\n<p>La marque propose des bases neutres de Propyl\u00e8ne glycol (PG) et Glyc\u00e9rine v\u00e9g\u00e9tale (VG) pour confectionner vos propres e-liquides.<\/p>\n<p>Saveur : \u2013 Base<br \/>\nExiste en 100%VG , 30PG\/70VG , 50PG\/50VG , 70PGPG\/30VG<br \/>\nTaux de nicotine : \u2013<br \/>\nConditionnement : Unit\u00e9<br \/>\nContenance : 500mL<\/p>\n<p class=\"p1\"><span class=\"s1\"><a href=\"https:\/\/dscvape.fr\/?product_cat=&amp;post_type=product&amp;s=liquideo\">Voir tous les produits liquideo sur le site<\/a><\/span><\/p>\n<p class=\"p1\"><span class=\"s1\"><a href=\"https:\/\/www.liquideo.com\/fr\/\">Voir le site du fournisseur<\/a><\/span><\/p>\n","protected":false},"excerpt":{"rendered":"<p>Des bases neutres de Propyl\u00e8ne glycol et de Glyc\u00e9rine v\u00e9g\u00e9tale.<\/p>\n<p>Pr\u00e9parez vos propres e-liquides.<\/p>\n<p>Ajoutez-y des ar\u00f4mes et de la nicotine \u00e0 votre convenance tout en respectant les proportions.<\/p>\n<p>Disponible en 30PG\/70VG, 50PG\/50VG, 70PG\/30VG et 100%VG.<\/p>\n<p>Existe en bouteille de 1L<\/p>\n","protected":false},"featured_media":77459,"comment_status":"closed","ping_status":"closed","template":"","meta":[],"marques":[7828],"bundle_layout":"","bundled_by":[],"bundled_items":[],"supplier_id":null,"supplier_sku":"","atum_controlled":true,"out_stock_date":null,"out_stock_threshold":null,"inheritable":false,"inbound_stock":null,"stock_on_hold":null,"sold_today":null,"sales_last_days":null,"reserved_stock":null,"customer_returns":null,"warehouse_damage":null,"lost_in_post":null,"other_logs":null,"out_stock_days":null,"lost_sales":null,"has_location":null,"update_date":null,"atum_locations":[],"atum_stock_status":"instock","low_stock":false,"mi_inventories":[],"multi_inventory":null,"inventory_sorting_mode":null,"inventory_iteration":null,"expirable_inventories":null,"price_per_inventory":null,"_links":{"self":[{"href":"https:\/\/lesaintlaurentvape.com\/en\/wp-json\/wp\/v2\/product\/103103\/"}],"collection":[{"href":"https:\/\/lesaintlaurentvape.com\/en\/wp-json\/wp\/v2\/product\/"}],"about":[{"href":"https:\/\/lesaintlaurentvape.com\/en\/wp-json\/wp\/v2\/types\/product\/"}],"replies":[{"embeddable":true,"href":"https:\/\/lesaintlaurentvape.com\/en\/wp-json\/wp\/v2\/comments\/?post=103103"}],"wp:featuredmedia":[{"embeddable":true,"href":"https:\/\/lesaintlaurentvape.com\/en\/wp-json\/wp\/v2\/media\/77459\/"}],"wp:attachment":[{"href":"https:\/\/lesaintlaurentvape.com\/en\/wp-json\/wp\/v2\/media\/?parent=103103"}],"wp:term":[{"taxonomy":"marques","embeddable":true,"href":"https:\/\/lesaintlaurentvape.com\/en\/wp-json\/wp\/v2\/marques\/?post=103103"}],"curies":[{"name":"wp","href":"https:\/\/api.w.org\/{rel}","templated":true}]}}