{"id":103075,"date":"2020-05-13T15:33:20","date_gmt":"2020-05-13T13:33:20","guid":{"rendered":"https:\/\/lesaintlaurentvape.com\/produit\/liquideo-tentation-tarte-citron-meringuee-10ml\/"},"modified":"2020-10-31T21:15:23","modified_gmt":"2020-10-31T20:15:23","slug":"liquideo-tentation-tarte-citron-meringuee-10ml","status":"publish","type":"product","link":"https:\/\/lesaintlaurentvape.com\/en\/produit\/liquideo-tentation-tarte-citron-meringuee-10ml\/","title":{"rendered":"Liquideo &#8211; Tentation &#8211; Tarte Citron Meringu\u00e9e 10mL"},"content":{"rendered":"<p>LIQUIDEO est une marque de e-liquide MADE IN FRANCE certifi\u00e9e norme AFNOR XP D90-300-2.<\/p>\n<p>Elle propose la gamme Tentation qui contient une large palette de saveurs gourmandes.<\/p>\n<p class=\"p1\">Saveur : Gourmand<br \/>\nPG\/VG : 60\/40<br \/>\nTaux de nicotine : 0 mg\/ml, 3 mg\/ml, 6 mg\/ml, 10 mg\/ml<br \/>\nContenance : 10 ml<br \/>\nBouchon : S\u00e9curit\u00e9 enfant<br \/>\n\u00c9tiquetage : Marquage s\u00e9curit\u00e9 pour non-voyant<\/p>\n<p>&nbsp;<\/p>\n<p class=\"p1\"><span class=\"s1\"><a href=\"https:\/\/dscvape.fr\/?product_cat=&amp;post_type=product&amp;s=liquideo\">Voir tous les produits liquideo sur le site<\/a><\/span><\/p>\n<p class=\"p1\"><span class=\"s1\"><a href=\"https:\/\/www.liquideo.com\/fr\/\">Voir le site du fournisseur<\/a><\/span><\/p>\n","protected":false},"excerpt":{"rendered":"<p>Une v\u00e9ritable tarte au citron meringu\u00e9e \u00e0 vaper toute la journ\u00e9e. Sa composition en 60PG\/40VG est parfaite pour tous les appareils MTL. Disponible en 0 \/ 3 \/ 6 \/ 10mg.<\/p>\n","protected":false},"featured_media":77435,"comment_status":"closed","ping_status":"closed","template":"","meta":[],"marques":[7828],"bundle_layout":"","bundled_by":[],"bundled_items":[],"supplier_id":null,"supplier_sku":"","atum_controlled":true,"out_stock_date":null,"out_stock_threshold":null,"inheritable":false,"inbound_stock":null,"stock_on_hold":null,"sold_today":null,"sales_last_days":null,"reserved_stock":null,"customer_returns":null,"warehouse_damage":null,"lost_in_post":null,"other_logs":null,"out_stock_days":null,"lost_sales":null,"has_location":null,"update_date":null,"atum_locations":[],"atum_stock_status":"instock","low_stock":false,"mi_inventories":[],"multi_inventory":null,"inventory_sorting_mode":null,"inventory_iteration":null,"expirable_inventories":null,"price_per_inventory":null,"_links":{"self":[{"href":"https:\/\/lesaintlaurentvape.com\/en\/wp-json\/wp\/v2\/product\/103075\/"}],"collection":[{"href":"https:\/\/lesaintlaurentvape.com\/en\/wp-json\/wp\/v2\/product\/"}],"about":[{"href":"https:\/\/lesaintlaurentvape.com\/en\/wp-json\/wp\/v2\/types\/product\/"}],"replies":[{"embeddable":true,"href":"https:\/\/lesaintlaurentvape.com\/en\/wp-json\/wp\/v2\/comments\/?post=103075"}],"wp:featuredmedia":[{"embeddable":true,"href":"https:\/\/lesaintlaurentvape.com\/en\/wp-json\/wp\/v2\/media\/77435\/"}],"wp:attachment":[{"href":"https:\/\/lesaintlaurentvape.com\/en\/wp-json\/wp\/v2\/media\/?parent=103075"}],"wp:term":[{"taxonomy":"marques","embeddable":true,"href":"https:\/\/lesaintlaurentvape.com\/en\/wp-json\/wp\/v2\/marques\/?post=103075"}],"curies":[{"name":"wp","href":"https:\/\/api.w.org\/{rel}","templated":true}]}}