{"id":103071,"date":"2020-05-13T15:23:08","date_gmt":"2020-05-13T13:23:08","guid":{"rendered":"https:\/\/lesaintlaurentvape.com\/produit\/liquideo-fifty-kiss-full-50ml\/"},"modified":"2020-10-31T21:15:13","modified_gmt":"2020-10-31T20:15:13","slug":"liquideo-fifty-kiss-full-50ml","status":"publish","type":"product","link":"https:\/\/lesaintlaurentvape.com\/en\/produit\/liquideo-fifty-kiss-full-50ml\/","title":{"rendered":"Liquideo &#8211; Fifty &#8211; Kiss Full 50mL"},"content":{"rendered":"<p>LIQUIDEO est une marque de e-liquide MADE IN FRANCE certifi\u00e9e norme AFNOR XP D90-300-2.<\/p>\n<p>LIQUIDEO nous propose sa gamme Fifty en 50\/50 qui contient une large palette de saveurs pour tous les amateurs de mono-ar\u00f4me se tourneront vers les Classico, Fresh, Fruit\u00e9 etc..<\/p>\n<p class=\"p1\">Saveur : Fresh<br \/>\nPG\/VG : 50\/50<br \/>\nTaux de nicotine : Sans nicotine<br \/>\nConditionnement : Unit\u00e9<br \/>\nContenance : 50 ml<br \/>\nBouchon : S\u00e9curit\u00e9 enfant<br \/>\n\u00c9tiquetage : Marquage s\u00e9curit\u00e9 pour non-voyant<\/p>\n<p class=\"p1\"><span class=\"s1\" style=\"color: #ffffff;\"><a style=\"color: #ffffff;\" href=\"https:\/\/dscvape.fr\/liquideo\/\">Tous les produits LIQUIDEO sur notre site\u00a0<\/a><\/span><\/p>\n","protected":false},"excerpt":{"rendered":"<p>Un e-liquide qui donne une grosse claque de menthol. Une composition en 50PG\/50VG id\u00e9ale pour tous les tirages. Disponible sans nicotine. Ajoutez-y un booster de nicotine pour personnaliser votre vape.<\/p>\n","protected":false},"featured_media":77427,"comment_status":"closed","ping_status":"closed","template":"","meta":[],"marques":[7828],"bundle_layout":"","bundled_by":[],"bundled_items":[],"supplier_id":null,"supplier_sku":"","atum_controlled":true,"out_stock_date":null,"out_stock_threshold":null,"inheritable":false,"inbound_stock":null,"stock_on_hold":0,"sold_today":0,"sales_last_days":0,"reserved_stock":null,"customer_returns":null,"warehouse_damage":null,"lost_in_post":null,"other_logs":null,"out_stock_days":0,"lost_sales":0,"has_location":null,"update_date":"2020-11-02T23:20:45","atum_locations":[],"atum_stock_status":"instock","low_stock":false,"mi_inventories":[796],"multi_inventory":null,"inventory_sorting_mode":null,"inventory_iteration":null,"expirable_inventories":null,"price_per_inventory":null,"_links":{"self":[{"href":"https:\/\/lesaintlaurentvape.com\/en\/wp-json\/wp\/v2\/product\/103071\/"}],"collection":[{"href":"https:\/\/lesaintlaurentvape.com\/en\/wp-json\/wp\/v2\/product\/"}],"about":[{"href":"https:\/\/lesaintlaurentvape.com\/en\/wp-json\/wp\/v2\/types\/product\/"}],"replies":[{"embeddable":true,"href":"https:\/\/lesaintlaurentvape.com\/en\/wp-json\/wp\/v2\/comments\/?post=103071"}],"wp:featuredmedia":[{"embeddable":true,"href":"https:\/\/lesaintlaurentvape.com\/en\/wp-json\/wp\/v2\/media\/77427\/"}],"wp:attachment":[{"href":"https:\/\/lesaintlaurentvape.com\/en\/wp-json\/wp\/v2\/media\/?parent=103071"}],"wp:term":[{"taxonomy":"marques","embeddable":true,"href":"https:\/\/lesaintlaurentvape.com\/en\/wp-json\/wp\/v2\/marques\/?post=103071"}],"curies":[{"name":"wp","href":"https:\/\/api.w.org\/{rel}","templated":true}]}}