{"id":103067,"date":"2020-05-11T17:02:46","date_gmt":"2020-05-11T15:02:46","guid":{"rendered":"https:\/\/lesaintlaurentvape.com\/produit\/masques-en-tissu-reutilisables\/"},"modified":"2020-10-31T21:16:15","modified_gmt":"2020-10-31T20:16:15","slug":"masques-en-tissu-reutilisables","status":"publish","type":"product","link":"https:\/\/lesaintlaurentvape.com\/en\/produit\/masques-en-tissu-reutilisables\/","title":{"rendered":"Masque en tissu lavable 10 fois (lot de 20 masques)"},"content":{"rendered":"<p><span style=\"font-size: 36pt;\"><img loading=\"lazy\" class=\"wp-image-41160 aligncenter\" src=\"https:\/\/dscvape.com\/wp-content\/uploads\/2020\/05\/Sans-titre-1.jpg\" alt=\"\" width=\"853\" height=\"500\" \/><\/span><\/p>\n<p style=\"text-align: center;\"><strong><span style=\"font-size: 24pt; font-family: 'times new roman', times, serif;\">MODE D&#8217;UTILISATION<\/span><\/strong><\/p>\n<p style=\"text-align: center;\"><img loading=\"lazy\" class=\"wp-image-34240 aligncenter\" src=\"https:\/\/dscvape.com\/wp-content\/uploads\/2020\/05\/mode-utilisation-masque-r\u00e9utilisables.png\" alt=\"\" width=\"847\" height=\"329\" \/>1- Laver le masque avant toute utilisation \u00e0 60\u00b0 et bien se laver les mains \u00e0 l&#8217;eau savonneuse avant toute manipulation du masque.<br \/>\n3- Rep\u00e9rer le haut du masque, la barrette nasale sur le nez.<br \/>\n4- Tenir le masque barri\u00e8re par les \u00e9lastiques et accrocher les \u00e0 vos oreilles.<br \/>\n5- Ajuster la position du masque barri\u00e8re afin qu&#8217;il couvre enti\u00e8rement votre nez jusque sous votre menton.<br \/>\n6- Pincer la barrette nasale avec les deux mains pour l&#8217;ajuster au niveau du nez.<br \/>\n7- V\u00e9rifier que le masque barri\u00e8re soit correctement mis en place<br \/>\n8- Une fois ajust\u00e9, ne plus toucher le masque barri\u00e8re avec les mains<br \/>\n9- Pour retirer le masque barri\u00e8re, s&#8217;assurer de saisir l&#8217;arri\u00e8re des \u00e9lastiques sans toucher la partie avant du masque barri\u00e8re.<\/p>\n<p>&nbsp;<\/p>\n<p style=\"text-align: center;\"><strong><span style=\"font-size: 24pt; font-family: 'times new roman', times, serif;\">PR<\/span><\/strong><strong><span style=\"font-size: 24pt; font-family: 'times new roman', times, serif;\">\u00c9<\/span><\/strong><strong><span style=\"font-size: 24pt; font-family: 'times new roman', times, serif;\">CAUTIONS D&#8217;UTILISATION<\/span><\/strong><\/p>\n<p><img loading=\"lazy\" class=\" wp-image-34246 aligncenter\" src=\"https:\/\/dscvape.com\/wp-content\/uploads\/2020\/05\/Notice-lavage-masque-r\u00e9utilisables.png\" alt=\"\" width=\"978\" height=\"156\" \/><\/p>\n<p style=\"text-align: center;\">1 &#8211;\u00a0 Pour plus de s\u00e9curit\u00e9, changer de masques toutes les 4 heures.<\/p>\n<p style=\"text-align: center;\">2 &#8211; Pour une r\u00e9utilisation de masque, s&#8217;assurer que celui-ci ait bien \u00e9t\u00e9 lav\u00e9 \u00e0 60\u00b0C et s\u00e9ch\u00e9 au pr\u00e9alable.<\/p>\n<p style=\"text-align: center;\">3 &#8211; Pour la meilleure pr\u00e9servation de votre produit, nous vous recommandons le lavage de votre masque dans un filet de type linge d\u00e9licat.<\/p>\n<p style=\"text-align: center;\">4 &#8211; Le masque barri\u00e8re doit \u00eatre jet\u00e9 dans une poubelle munie de sac plastique.<\/p>\n<p style=\"text-align: center;\">\n","protected":false},"excerpt":{"rendered":"<p>Masque grand public lavable 100% Coton. R\u00e9utilisable jusqu&#8217;\u00e0 10 fois.<\/p>\n<p>Ce dispositif n&#8217;est ni un dispositif m\u00e9dical au sens du r\u00e8glement UE\/2017\/745 (masques chirurgicaux), ni un \u00e9quipement de protection individuelle au sens du R\u00e8glement UE\/2016\/425 (masques filtrants de type FFP2).<\/p>\n<p>Conditionn\u00e9 par 20<\/p>\n<p>Fabriqu\u00e9 en France. Haute qualit\u00e9 de fabrication.<\/p>\n","protected":false},"featured_media":77413,"comment_status":"closed","ping_status":"closed","template":"","meta":[],"marques":[],"bundle_layout":"","bundled_by":[],"bundled_items":[],"supplier_id":null,"supplier_sku":"","atum_controlled":true,"out_stock_date":"2020-10-31T19:15:10","out_stock_threshold":null,"inheritable":false,"inbound_stock":null,"stock_on_hold":0,"sold_today":0,"sales_last_days":0,"reserved_stock":null,"customer_returns":null,"warehouse_damage":null,"lost_in_post":null,"other_logs":null,"out_stock_days":1983,"lost_sales":0,"has_location":null,"update_date":"2026-04-06T22:36:50","atum_locations":[],"atum_stock_status":"outofstock","low_stock":false,"mi_inventories":[],"multi_inventory":null,"inventory_sorting_mode":null,"inventory_iteration":null,"expirable_inventories":null,"price_per_inventory":null,"_links":{"self":[{"href":"https:\/\/lesaintlaurentvape.com\/en\/wp-json\/wp\/v2\/product\/103067\/"}],"collection":[{"href":"https:\/\/lesaintlaurentvape.com\/en\/wp-json\/wp\/v2\/product\/"}],"about":[{"href":"https:\/\/lesaintlaurentvape.com\/en\/wp-json\/wp\/v2\/types\/product\/"}],"replies":[{"embeddable":true,"href":"https:\/\/lesaintlaurentvape.com\/en\/wp-json\/wp\/v2\/comments\/?post=103067"}],"wp:featuredmedia":[{"embeddable":true,"href":"https:\/\/lesaintlaurentvape.com\/en\/wp-json\/wp\/v2\/media\/77413\/"}],"wp:attachment":[{"href":"https:\/\/lesaintlaurentvape.com\/en\/wp-json\/wp\/v2\/media\/?parent=103067"}],"wp:term":[{"taxonomy":"marques","embeddable":true,"href":"https:\/\/lesaintlaurentvape.com\/en\/wp-json\/wp\/v2\/marques\/?post=103067"}],"curies":[{"name":"wp","href":"https:\/\/api.w.org\/{rel}","templated":true}]}}