{"id":103058,"date":"2020-05-10T07:34:35","date_gmt":"2020-05-10T05:34:35","guid":{"rendered":"https:\/\/lesaintlaurentvape.com\/produit\/liquideo-evolution-freeze-melon-50-ml\/"},"modified":"2020-10-31T21:15:02","modified_gmt":"2020-10-31T20:15:02","slug":"liquideo-evolution-freeze-melon-50-ml","status":"publish","type":"product","link":"https:\/\/lesaintlaurentvape.com\/en\/produit\/liquideo-evolution-freeze-melon-50-ml\/","title":{"rendered":"LIQUIDEO &#8211; Evolution &#8211; Freeze Melon 50 ml"},"content":{"rendered":"<p>LIQUIDEO est une marque de e-liquide MADE IN FRANCE certifi\u00e9e norme AFNOR XP D90-300-2.<\/p>\n<p>LIQUIDEO propose la gamme evolution qui contient une large palette de saveurs pour tous les amateurs de mono-ar\u00f4me se tourneront vers les Classic, Fresh, Fruit\u00e9 etc..<\/p>\n<p class=\"p1\">Saveur : Fruit\u00e9 \/ Fra\u00eecheur<br \/>\nPG\/VG : 50\/50<br \/>\nTaux de nicotine : Sans nicotine<br \/>\nConditionnement : Unit\u00e9<br \/>\nContenance : 50 ml<br \/>\nBouchon : S\u00e9curit\u00e9 enfant<br \/>\n\u00c9tiquetage : Marquage s\u00e9curit\u00e9 pour non-voyant<\/p>\n<p class=\"p1\"><span class=\"s1\" style=\"color: #ffffff;\"><a style=\"color: #ffffff;\" href=\"https:\/\/dscvape.fr\/liquideo\/\">Tous les produits LIQUIDEO sur notre site\u00a0<\/a><\/span><\/p>\n","protected":false},"excerpt":{"rendered":"<p>Un sorbet melon tr\u00e8s rafra\u00eechissant. Une composition en 50PG\/50VG id\u00e9al pour aller avec la plupart des appareils disponible sur le march\u00e9. Disponible sans nicotine.<\/p>\n","protected":false},"featured_media":77403,"comment_status":"closed","ping_status":"closed","template":"","meta":[],"marques":[7828],"bundle_layout":"","bundled_by":[],"bundled_items":[],"supplier_id":null,"supplier_sku":"","atum_controlled":true,"out_stock_date":null,"out_stock_threshold":null,"inheritable":false,"inbound_stock":null,"stock_on_hold":0,"sold_today":0,"sales_last_days":0,"reserved_stock":null,"customer_returns":null,"warehouse_damage":null,"lost_in_post":null,"other_logs":null,"out_stock_days":0,"lost_sales":0,"has_location":null,"update_date":"2020-11-02T23:20:44","atum_locations":[],"atum_stock_status":"instock","low_stock":false,"mi_inventories":[808],"multi_inventory":null,"inventory_sorting_mode":null,"inventory_iteration":null,"expirable_inventories":null,"price_per_inventory":null,"_links":{"self":[{"href":"https:\/\/lesaintlaurentvape.com\/en\/wp-json\/wp\/v2\/product\/103058\/"}],"collection":[{"href":"https:\/\/lesaintlaurentvape.com\/en\/wp-json\/wp\/v2\/product\/"}],"about":[{"href":"https:\/\/lesaintlaurentvape.com\/en\/wp-json\/wp\/v2\/types\/product\/"}],"replies":[{"embeddable":true,"href":"https:\/\/lesaintlaurentvape.com\/en\/wp-json\/wp\/v2\/comments\/?post=103058"}],"wp:featuredmedia":[{"embeddable":true,"href":"https:\/\/lesaintlaurentvape.com\/en\/wp-json\/wp\/v2\/media\/77403\/"}],"wp:attachment":[{"href":"https:\/\/lesaintlaurentvape.com\/en\/wp-json\/wp\/v2\/media\/?parent=103058"}],"wp:term":[{"taxonomy":"marques","embeddable":true,"href":"https:\/\/lesaintlaurentvape.com\/en\/wp-json\/wp\/v2\/marques\/?post=103058"}],"curies":[{"name":"wp","href":"https:\/\/api.w.org\/{rel}","templated":true}]}}