{"id":103046,"date":"2020-05-01T12:53:06","date_gmt":"2020-05-01T10:53:06","guid":{"rendered":"https:\/\/lesaintlaurentvape.com\/produit\/lingettes-alcoolisees\/"},"modified":"2020-10-31T21:14:47","modified_gmt":"2020-10-31T20:14:47","slug":"lingettes-alcoolisees","status":"publish","type":"product","link":"https:\/\/lesaintlaurentvape.com\/en\/produit\/lingettes-alcoolisees\/","title":{"rendered":"Lingettes alcoolis\u00e9es"},"content":{"rendered":"","protected":false},"excerpt":{"rendered":"<p>Lingettes alcoolis\u00e9es, d\u00e9sinfectant virus.<\/p>\n<p>Conditionnement : 10 lingettes par parquet.<\/p>\n","protected":false},"featured_media":77395,"comment_status":"closed","ping_status":"closed","template":"","meta":[],"marques":[],"bundle_layout":"","bundled_by":[],"bundled_items":[],"supplier_id":null,"supplier_sku":"","atum_controlled":true,"out_stock_date":null,"out_stock_threshold":null,"inheritable":false,"inbound_stock":null,"stock_on_hold":0,"sold_today":0,"sales_last_days":0,"reserved_stock":null,"customer_returns":null,"warehouse_damage":null,"lost_in_post":null,"other_logs":null,"out_stock_days":0,"lost_sales":0,"has_location":null,"update_date":"2020-11-02T23:20:44","atum_locations":[],"atum_stock_status":"instock","low_stock":false,"mi_inventories":[823],"multi_inventory":null,"inventory_sorting_mode":null,"inventory_iteration":null,"expirable_inventories":null,"price_per_inventory":null,"_links":{"self":[{"href":"https:\/\/lesaintlaurentvape.com\/en\/wp-json\/wp\/v2\/product\/103046\/"}],"collection":[{"href":"https:\/\/lesaintlaurentvape.com\/en\/wp-json\/wp\/v2\/product\/"}],"about":[{"href":"https:\/\/lesaintlaurentvape.com\/en\/wp-json\/wp\/v2\/types\/product\/"}],"replies":[{"embeddable":true,"href":"https:\/\/lesaintlaurentvape.com\/en\/wp-json\/wp\/v2\/comments\/?post=103046"}],"wp:featuredmedia":[{"embeddable":true,"href":"https:\/\/lesaintlaurentvape.com\/en\/wp-json\/wp\/v2\/media\/77395\/"}],"wp:attachment":[{"href":"https:\/\/lesaintlaurentvape.com\/en\/wp-json\/wp\/v2\/media\/?parent=103046"}],"wp:term":[{"taxonomy":"marques","embeddable":true,"href":"https:\/\/lesaintlaurentvape.com\/en\/wp-json\/wp\/v2\/marques\/?post=103046"}],"curies":[{"name":"wp","href":"https:\/\/api.w.org\/{rel}","templated":true}]}}