{"id":103044,"date":"2020-04-30T12:39:02","date_gmt":"2020-04-30T10:39:02","guid":{"rendered":"https:\/\/lesaintlaurentvape.com\/produit\/sunny-care-gel-hydroalcoolique-5l\/"},"modified":"2020-10-31T21:14:46","modified_gmt":"2020-10-31T20:14:46","slug":"sunny-care-gel-hydroalcoolique-5l","status":"publish","type":"product","link":"https:\/\/lesaintlaurentvape.com\/en\/produit\/sunny-care-gel-hydroalcoolique-5l\/","title":{"rendered":"Sunny Care &#8211; Solution hydroalcoolique 5L"},"content":{"rendered":"<p style=\"text-align: center;\"><span style=\"font-size: 24pt;\"><strong><span style=\"font-family: arial, helvetica, sans-serif;\">MODE D&#8217;UTILISATION\u00a0<\/span><\/strong><\/span><\/p>\n<p>&nbsp;<\/p>\n<p style=\"text-align: center;\">Appliquer sur mains s\u00e8ches et propres.<\/p>\n<p style=\"text-align: center;\">Remplir votre paume de solution hydroalcoolique puis frictionner toutes les surfaces de vos mains jusqu&#8217;aux poignets jusqu&#8217;\u00e0 que ce soit enti\u00e8rement sec.<\/p>\n<p><img loading=\"lazy\" class=\"wp-image-33207 aligncenter\" src=\"https:\/\/dscvape.com\/wp-content\/uploads\/2020\/04\/laver.png\" alt=\"\" width=\"703\" height=\"384\" \/><\/p>\n<p>&nbsp;<\/p>\n<p>ATTENTION : Liquide inflammatoire donc \u00e0 tenir \u00e9loign\u00e9 de la chaleur et de toute flamme. Tenir hors de port\u00e9e des enfants. Eviter tout contact avec les yeux, provoque une s\u00e9v\u00e8re irritation des yeux. En cas de contact avec les yeux, rincer avec pr\u00e9caution \u00e0 l&#8217;eau pendant plusieurs minutes. Si l&#8217;irritation oculaire persiste, consulter un m\u00e9decin.<\/p>\n","protected":false},"excerpt":{"rendered":"<p>Solution hydroalcoolique, recommand\u00e9e par l&#8217;organisme mondiale de la sant\u00e9, pour l&#8217;antisepsie des mains.<\/p>\n<p>Fabriqu\u00e9 en France, par Laboratoire Algovital.<\/p>\n<p>&nbsp;<\/p>\n<p>Fiches de Donn\u00e9es de S\u00e9curit\u00e9<\/p>\n<p>FR<\/p>\n<p><a href=\"https:\/\/dscvape.com\/wp-content\/uploads\/2020\/04\/Liv_2020_04-SDS-Solution_hydro-alcoolique_1ere_formule-FR.pdf\">Liv_2020_04-SDS-Solution_hydro-alcoolique_1ere_formule-FR<\/a><\/p>\n<p><a href=\"https:\/\/dscvape.com\/wp-content\/uploads\/2020\/04\/Liv_2020_04-SDS-Gel_hydro-alcoolique_4eme_formule-FR.pdf\">Liv_2020_04-SDS-Gel_hydro-alcoolique_4eme_formule-FR<\/a><\/p>\n<p>ENG<\/p>\n<p><a href=\"https:\/\/dscvape.com\/wp-content\/uploads\/2020\/04\/Liv_2020_04-SDS-Hydro-alcoholic_gel_4th_formula-GB.pdf\">Liv_2020_04-SDS-Hydro-alcoholic_gel_4th_formula-GB<\/a><\/p>\n<p><a href=\"https:\/\/dscvape.com\/wp-content\/uploads\/2020\/04\/Liv_2020_04-SDS-Hydro-alcoholic_solution_1st_formula-GB.pdf\">Liv_2020_04-SDS-Hydro-alcoholic_solution_1st_formula-GB<\/a><\/p>\n<p>&nbsp;<\/p>\n","protected":false},"featured_media":77391,"comment_status":"closed","ping_status":"closed","template":"","meta":[],"marques":[7998],"bundle_layout":"","bundled_by":[],"bundled_items":[],"supplier_id":null,"supplier_sku":"","atum_controlled":true,"out_stock_date":null,"out_stock_threshold":null,"inheritable":false,"inbound_stock":null,"stock_on_hold":0,"sold_today":0,"sales_last_days":0,"reserved_stock":null,"customer_returns":null,"warehouse_damage":null,"lost_in_post":null,"other_logs":null,"out_stock_days":0,"lost_sales":0,"has_location":null,"update_date":"2020-11-02T23:20:44","atum_locations":[],"atum_stock_status":"instock","low_stock":false,"mi_inventories":[824],"multi_inventory":null,"inventory_sorting_mode":null,"inventory_iteration":null,"expirable_inventories":null,"price_per_inventory":null,"_links":{"self":[{"href":"https:\/\/lesaintlaurentvape.com\/en\/wp-json\/wp\/v2\/product\/103044\/"}],"collection":[{"href":"https:\/\/lesaintlaurentvape.com\/en\/wp-json\/wp\/v2\/product\/"}],"about":[{"href":"https:\/\/lesaintlaurentvape.com\/en\/wp-json\/wp\/v2\/types\/product\/"}],"replies":[{"embeddable":true,"href":"https:\/\/lesaintlaurentvape.com\/en\/wp-json\/wp\/v2\/comments\/?post=103044"}],"wp:featuredmedia":[{"embeddable":true,"href":"https:\/\/lesaintlaurentvape.com\/en\/wp-json\/wp\/v2\/media\/77391\/"}],"wp:attachment":[{"href":"https:\/\/lesaintlaurentvape.com\/en\/wp-json\/wp\/v2\/media\/?parent=103044"}],"wp:term":[{"taxonomy":"marques","embeddable":true,"href":"https:\/\/lesaintlaurentvape.com\/en\/wp-json\/wp\/v2\/marques\/?post=103044"}],"curies":[{"name":"wp","href":"https:\/\/api.w.org\/{rel}","templated":true}]}}